{"id":2466,"date":"2026-01-05T20:32:41","date_gmt":"2026-01-05T20:32:41","guid":{"rendered":"https:\/\/nen.kmkoncept.fr\/?post_type=product&#038;p=2466"},"modified":"2026-04-28T07:27:31","modified_gmt":"2026-04-28T07:27:31","slug":"taud-caravelle-yvin-dessus-polyester-enduit-pvc-520-grs-ma%c2%b2","status":"publish","type":"product","link":"https:\/\/www.nenuphar.com\/en\/shop\/series\/deriveurs\/caravelle\/taud-caravelle-yvin-dessus-polyester-enduit-pvc-520-grs-ma%c2%b2\/","title":{"rendered":"&#8211; TAUD CARAVELLE YVIN DESSUS PVC"},"content":{"rendered":"<p>PVC cover for Caravelle, Yvin shipyard.<\/p>\n<p>Can be used with the mast stepped while parked, or on the road for transport.<\/p>\n<p>Made in our workshops in Nemours, France.<\/p>\n<p>2-sided PVC-coated polyester fabric, highly waterproof and very durable.<\/p>\n<p>You can ask us to check the plan to verify compatibility with your boat.<\/p>","protected":false},"excerpt":{"rendered":"<p>Taud en PVC pour Caravelle Chantier Yvin Utilisable m\u00e2t\u00e9 au parking, ou sur la route pour le transport. Fabriqu\u00e9 dans nos ateliers \u00e0 Nemours &#8211; FRANCE Tissu polyester enduit PVC 2 faces, tr\u00e8s \u00e9tanche et tr\u00e8s r\u00e9sistant Vous pouvez nous demander \u00e0 v\u00e9rifier le plan pour contr\u00f4ler la compatibilit\u00e9 avec votre bateau<\/p>","protected":false},"featured_media":2514,"template":"","meta":{"_acf_changed":false,"_uag_custom_page_level_css":""},"product_brand":[430],"product_cat":[197,131,37],"product_tag":[423],"class_list":{"0":"post-2466","1":"product","2":"type-product","3":"status-publish","4":"has-post-thumbnail","6":"product_brand-nenuphar","7":"product_cat-caravelle","8":"product_cat-taud-dessus-deriveurs","9":"product_cat-tauds","10":"product_tag-caravelle","12":"first","13":"onbackorder","14":"taxable","15":"shipping-taxable","16":"purchasable","17":"product-type-simple"},"acf":[],"aioseo_notices":[],"uagb_featured_image_src":{"full":["https:\/\/www.nenuphar.com\/wp-content\/uploads\/2026\/01\/3732.jpg",1133,557,false],"thumbnail":["https:\/\/www.nenuphar.com\/wp-content\/uploads\/2026\/01\/3732-150x150.jpg",150,150,true],"medium":["https:\/\/www.nenuphar.com\/wp-content\/uploads\/2026\/01\/3732-300x147.jpg",300,147,true],"medium_large":["https:\/\/www.nenuphar.com\/wp-content\/uploads\/2026\/01\/3732-768x378.jpg",768,378,true],"large":["https:\/\/www.nenuphar.com\/wp-content\/uploads\/2026\/01\/3732-1024x503.jpg",1024,503,true],"1536x1536":["https:\/\/www.nenuphar.com\/wp-content\/uploads\/2026\/01\/3732.jpg",1133,557,false],"2048x2048":["https:\/\/www.nenuphar.com\/wp-content\/uploads\/2026\/01\/3732.jpg",1133,557,false],"trp-custom-language-flag":["https:\/\/www.nenuphar.com\/wp-content\/uploads\/2026\/01\/3732.jpg",18,9,false],"woocommerce_thumbnail":["https:\/\/www.nenuphar.com\/wp-content\/uploads\/2026\/01\/3732-300x300.jpg",300,300,true],"woocommerce_single":["https:\/\/www.nenuphar.com\/wp-content\/uploads\/2026\/01\/3732-600x295.jpg",600,295,true],"woocommerce_gallery_thumbnail":["https:\/\/www.nenuphar.com\/wp-content\/uploads\/2026\/01\/3732-100x100.jpg",100,100,true]},"uagb_author_info":{"display_name":"Karine","author_link":"https:\/\/www.nenuphar.com\/en\/author\/"},"uagb_comment_info":0,"uagb_excerpt":"Taud en PVC pour Caravelle Chantier Yvin Utilisable m\u00e2t\u00e9 au parking, ou sur la route pour le transport. Fabriqu\u00e9 dans nos ateliers \u00e0 Nemours &#8211; FRANCE Tissu polyester enduit PVC 2 faces, tr\u00e8s \u00e9tanche et tr\u00e8s r\u00e9sistant Vous pouvez nous demander \u00e0 v\u00e9rifier le plan pour contr\u00f4ler la compatibilit\u00e9 avec votre bateau","_links":{"self":[{"href":"https:\/\/www.nenuphar.com\/en\/wp-json\/wp\/v2\/product\/2466","targetHints":{"allow":["GET"]}}],"collection":[{"href":"https:\/\/www.nenuphar.com\/en\/wp-json\/wp\/v2\/product"}],"about":[{"href":"https:\/\/www.nenuphar.com\/en\/wp-json\/wp\/v2\/types\/product"}],"wp:featuredmedia":[{"embeddable":true,"href":"https:\/\/www.nenuphar.com\/en\/wp-json\/wp\/v2\/media\/2514"}],"wp:attachment":[{"href":"https:\/\/www.nenuphar.com\/en\/wp-json\/wp\/v2\/media?parent=2466"}],"wp:term":[{"taxonomy":"product_brand","embeddable":true,"href":"https:\/\/www.nenuphar.com\/en\/wp-json\/wp\/v2\/product_brand?post=2466"},{"taxonomy":"product_cat","embeddable":true,"href":"https:\/\/www.nenuphar.com\/en\/wp-json\/wp\/v2\/product_cat?post=2466"},{"taxonomy":"product_tag","embeddable":true,"href":"https:\/\/www.nenuphar.com\/en\/wp-json\/wp\/v2\/product_tag?post=2466"}],"curies":[{"name":"wp","href":"https:\/\/api.w.org\/{rel}","templated":true}]}}