{"id":2490,"date":"2026-01-05T20:33:14","date_gmt":"2026-01-05T20:33:14","guid":{"rendered":"https:\/\/nen.kmkoncept.fr\/?post_type=product&#038;p=2490"},"modified":"2026-04-28T07:27:31","modified_gmt":"2026-04-28T07:27:31","slug":"taud-caneton-strale-dessus-polyester-enduit-pvc-520-grs-ma%c2%b2","status":"publish","type":"product","link":"https:\/\/www.nenuphar.com\/en\/shop\/stockage\/tauds\/taud-dessus-deriveurs\/taud-caneton-strale-dessus-polyester-enduit-pvc-520-grs-ma%c2%b2\/","title":{"rendered":"TAUD CANETON\/STRALE DESSUS -ENDUIT PVC 520"},"content":{"rendered":"<p>Nombreux mod\u00e8les, nous consulter.<\/p>","protected":false},"excerpt":{"rendered":"<p><span>PVC-coated polyester<\/span><span>\u00a0: tissu de type \u201cb\u00e2che\u201d, sur base d\u2019un polyester 550dtex\/1100dtex enduit PVC sur la face ext\u00e9rieure assurant une \u00e9tanch\u00e9it\u00e9 parfaite et une grande facilit\u00e9 de nettoyage \u00e0 l\u2019\u00e9ponge. Le grammage est de 520 g\/m\u00b2. Ce tissu est fabriqu\u00e9 en Europe.<\/span><\/p>","protected":false},"featured_media":2523,"template":"","meta":{"_acf_changed":false,"_uag_custom_page_level_css":""},"product_brand":[430],"product_cat":[131,37],"product_tag":[],"class_list":{"0":"post-2490","1":"product","2":"type-product","3":"status-publish","4":"has-post-thumbnail","6":"product_brand-nenuphar","7":"product_cat-taud-dessus-deriveurs","8":"product_cat-tauds","10":"first","11":"onbackorder","12":"taxable","13":"shipping-taxable","14":"purchasable","15":"product-type-simple"},"acf":[],"aioseo_notices":[],"uagb_featured_image_src":{"full":["https:\/\/www.nenuphar.com\/wp-content\/uploads\/2026\/01\/3705.jpg",1163,479,false],"thumbnail":["https:\/\/www.nenuphar.com\/wp-content\/uploads\/2026\/01\/3705-150x150.jpg",150,150,true],"medium":["https:\/\/www.nenuphar.com\/wp-content\/uploads\/2026\/01\/3705-300x124.jpg",300,124,true],"medium_large":["https:\/\/www.nenuphar.com\/wp-content\/uploads\/2026\/01\/3705-768x316.jpg",768,316,true],"large":["https:\/\/www.nenuphar.com\/wp-content\/uploads\/2026\/01\/3705-1024x422.jpg",1024,422,true],"1536x1536":["https:\/\/www.nenuphar.com\/wp-content\/uploads\/2026\/01\/3705.jpg",1163,479,false],"2048x2048":["https:\/\/www.nenuphar.com\/wp-content\/uploads\/2026\/01\/3705.jpg",1163,479,false],"trp-custom-language-flag":["https:\/\/www.nenuphar.com\/wp-content\/uploads\/2026\/01\/3705.jpg",18,7,false],"woocommerce_thumbnail":["https:\/\/www.nenuphar.com\/wp-content\/uploads\/2026\/01\/3705-300x300.jpg",300,300,true],"woocommerce_single":["https:\/\/www.nenuphar.com\/wp-content\/uploads\/2026\/01\/3705-600x247.jpg",600,247,true],"woocommerce_gallery_thumbnail":["https:\/\/www.nenuphar.com\/wp-content\/uploads\/2026\/01\/3705-100x100.jpg",100,100,true]},"uagb_author_info":{"display_name":"Karine","author_link":"https:\/\/www.nenuphar.com\/en\/author\/"},"uagb_comment_info":0,"uagb_excerpt":"Le polyester enduit PVC\u00a0: tissu de type \u201cb\u00e2che\u201d, sur base d\u2019un polyester 550dtex\/1100dtex enduit PVC sur la face ext\u00e9rieure assurant une \u00e9tanch\u00e9it\u00e9 parfaite et une grande facilit\u00e9 de nettoyage \u00e0 l\u2019\u00e9ponge. Le grammage est de 520 g\/m\u00b2. Ce tissu est fabriqu\u00e9 en Europe.","_links":{"self":[{"href":"https:\/\/www.nenuphar.com\/en\/wp-json\/wp\/v2\/product\/2490","targetHints":{"allow":["GET"]}}],"collection":[{"href":"https:\/\/www.nenuphar.com\/en\/wp-json\/wp\/v2\/product"}],"about":[{"href":"https:\/\/www.nenuphar.com\/en\/wp-json\/wp\/v2\/types\/product"}],"wp:featuredmedia":[{"embeddable":true,"href":"https:\/\/www.nenuphar.com\/en\/wp-json\/wp\/v2\/media\/2523"}],"wp:attachment":[{"href":"https:\/\/www.nenuphar.com\/en\/wp-json\/wp\/v2\/media?parent=2490"}],"wp:term":[{"taxonomy":"product_brand","embeddable":true,"href":"https:\/\/www.nenuphar.com\/en\/wp-json\/wp\/v2\/product_brand?post=2490"},{"taxonomy":"product_cat","embeddable":true,"href":"https:\/\/www.nenuphar.com\/en\/wp-json\/wp\/v2\/product_cat?post=2490"},{"taxonomy":"product_tag","embeddable":true,"href":"https:\/\/www.nenuphar.com\/en\/wp-json\/wp\/v2\/product_tag?post=2490"}],"curies":[{"name":"wp","href":"https:\/\/api.w.org\/{rel}","templated":true}]}}