{"id":2538,"date":"2026-01-05T20:33:35","date_gmt":"2026-01-05T20:33:35","guid":{"rendered":"https:\/\/nen.kmkoncept.fr\/?post_type=product&#038;p=2538"},"modified":"2026-04-28T07:27:32","modified_gmt":"2026-04-28T07:27:32","slug":"taud-laser-stratos-dessus-pes-enduit-pvc-520-gr","status":"publish","type":"product","link":"https:\/\/www.nenuphar.com\/en\/shop\/stockage\/tauds\/taud-dessus-deriveurs\/taud-laser-stratos-dessus-pes-enduit-pvc-520-gr\/","title":{"rendered":"LASER STRATOS top cover \u2013 520 g PVC-coated polyester."},"content":{"rendered":"<p>Top cover in 520 g PVC-coated polyester.<\/p>\n<p>Can be used whether the mast is stepped, while parked, or for road transport.<\/p>\n<p>Pour Laser Stratos d\u00e9riveur.<\/p>\n<p>For the Stratos Keel, there is a specific model that includes a keel opening.<\/p><\/p>","protected":false},"excerpt":{"rendered":"<p>Taud de dessus en polyester enduit PVC 520 g. S&rsquo;utilise aussi bien m\u00e2t\u00e9, au parking, que pour le transport sur route. Pour Laser Stratos d\u00e9riveur. Pour le stratos Keel, il existe un mod\u00e8le sp\u00e9cifique int\u00e9grant le passage de la quille.<\/p>","protected":false},"featured_media":2586,"template":"","meta":{"_acf_changed":false,"_uag_custom_page_level_css":""},"product_brand":[430],"product_cat":[131,37],"product_tag":[],"class_list":{"0":"post-2538","1":"product","2":"type-product","3":"status-publish","4":"has-post-thumbnail","6":"product_brand-nenuphar","7":"product_cat-taud-dessus-deriveurs","8":"product_cat-tauds","10":"first","11":"onbackorder","12":"taxable","13":"shipping-taxable","14":"purchasable","15":"product-type-simple"},"acf":[],"aioseo_notices":[],"uagb_featured_image_src":{"full":["https:\/\/www.nenuphar.com\/wp-content\/uploads\/2026\/01\/4871.png",854,418,false],"thumbnail":["https:\/\/www.nenuphar.com\/wp-content\/uploads\/2026\/01\/4871-150x150.png",150,150,true],"medium":["https:\/\/www.nenuphar.com\/wp-content\/uploads\/2026\/01\/4871-300x147.png",300,147,true],"medium_large":["https:\/\/www.nenuphar.com\/wp-content\/uploads\/2026\/01\/4871-768x376.png",768,376,true],"large":["https:\/\/www.nenuphar.com\/wp-content\/uploads\/2026\/01\/4871.png",854,418,false],"1536x1536":["https:\/\/www.nenuphar.com\/wp-content\/uploads\/2026\/01\/4871.png",854,418,false],"2048x2048":["https:\/\/www.nenuphar.com\/wp-content\/uploads\/2026\/01\/4871.png",854,418,false],"trp-custom-language-flag":["https:\/\/www.nenuphar.com\/wp-content\/uploads\/2026\/01\/4871.png",18,9,false],"woocommerce_thumbnail":["https:\/\/www.nenuphar.com\/wp-content\/uploads\/2026\/01\/4871-300x300.png",300,300,true],"woocommerce_single":["https:\/\/www.nenuphar.com\/wp-content\/uploads\/2026\/01\/4871-600x294.png",600,294,true],"woocommerce_gallery_thumbnail":["https:\/\/www.nenuphar.com\/wp-content\/uploads\/2026\/01\/4871-100x100.png",100,100,true]},"uagb_author_info":{"display_name":"Karine","author_link":"https:\/\/www.nenuphar.com\/en\/author\/"},"uagb_comment_info":0,"uagb_excerpt":"Taud de dessus en polyester enduit PVC 520 g. S&rsquo;utilise aussi bien m\u00e2t\u00e9, au parking, que pour le transport sur route. Pour Laser Stratos d\u00e9riveur. Pour le stratos Keel, il existe un mod\u00e8le sp\u00e9cifique int\u00e9grant le passage de la quille.","_links":{"self":[{"href":"https:\/\/www.nenuphar.com\/en\/wp-json\/wp\/v2\/product\/2538","targetHints":{"allow":["GET"]}}],"collection":[{"href":"https:\/\/www.nenuphar.com\/en\/wp-json\/wp\/v2\/product"}],"about":[{"href":"https:\/\/www.nenuphar.com\/en\/wp-json\/wp\/v2\/types\/product"}],"wp:featuredmedia":[{"embeddable":true,"href":"https:\/\/www.nenuphar.com\/en\/wp-json\/wp\/v2\/media\/2586"}],"wp:attachment":[{"href":"https:\/\/www.nenuphar.com\/en\/wp-json\/wp\/v2\/media?parent=2538"}],"wp:term":[{"taxonomy":"product_brand","embeddable":true,"href":"https:\/\/www.nenuphar.com\/en\/wp-json\/wp\/v2\/product_brand?post=2538"},{"taxonomy":"product_cat","embeddable":true,"href":"https:\/\/www.nenuphar.com\/en\/wp-json\/wp\/v2\/product_cat?post=2538"},{"taxonomy":"product_tag","embeddable":true,"href":"https:\/\/www.nenuphar.com\/en\/wp-json\/wp\/v2\/product_tag?post=2538"}],"curies":[{"name":"wp","href":"https:\/\/api.w.org\/{rel}","templated":true}]}}