{"id":2573,"date":"2026-01-05T20:33:57","date_gmt":"2026-01-05T20:33:57","guid":{"rendered":"https:\/\/nen.kmkoncept.fr\/?post_type=product&#038;p=2573"},"modified":"2026-04-28T07:27:34","modified_gmt":"2026-04-28T07:27:34","slug":"taud-29er-dessus-dyed-polyester","status":"publish","type":"product","link":"https:\/\/www.nenuphar.com\/en\/shop\/series\/deriveurs\/29er\/taud-29er-dessus-dyed-polyester\/","title":{"rendered":"29er top cover \u2013 PU-coated dyed polyester."},"content":{"rendered":"<p>Made in France. 29er top cover in ripstop polyester. Covers the entire top of the boat. It has strips extending 20 cm below the gunwale. An elastic cord in the hem ensures effective tight fitting. Equipped with securing straps with quick-release buckles. It can be installed for transport or when the boat is rigged with the mast up.<\/p>","protected":false},"excerpt":{"rendered":"<p><span>PU-coated ripstop polyester<\/span><span>\u00a0Polyurethane (PU) is a synthetic material woven from warp and weft threads to reinforce the fabric structure. It helps prevent tears from spreading if snagged. The coating ensures the fabric is waterproof. Weight: 270 g\/m\u00b2. This fabric is made in Asia.<\/span><\/p>","protected":false},"featured_media":2614,"template":"","meta":{"_acf_changed":false,"_uag_custom_page_level_css":""},"product_brand":[430],"product_cat":[185,131,37],"product_tag":[440],"class_list":{"0":"post-2573","1":"product","2":"type-product","3":"status-publish","4":"has-post-thumbnail","6":"product_brand-nenuphar","7":"product_cat-29er","8":"product_cat-taud-dessus-deriveurs","9":"product_cat-tauds","10":"product_tag-29er","12":"first","13":"onbackorder","14":"taxable","15":"shipping-taxable","16":"purchasable","17":"product-type-simple"},"acf":[],"aioseo_notices":[],"uagb_featured_image_src":{"full":["https:\/\/www.nenuphar.com\/wp-content\/uploads\/2026\/01\/4666.png",1222,549,false],"thumbnail":["https:\/\/www.nenuphar.com\/wp-content\/uploads\/2026\/01\/4666-150x150.png",150,150,true],"medium":["https:\/\/www.nenuphar.com\/wp-content\/uploads\/2026\/01\/4666-300x135.png",300,135,true],"medium_large":["https:\/\/www.nenuphar.com\/wp-content\/uploads\/2026\/01\/4666-768x345.png",768,345,true],"large":["https:\/\/www.nenuphar.com\/wp-content\/uploads\/2026\/01\/4666-1024x460.png",1024,460,true],"1536x1536":["https:\/\/www.nenuphar.com\/wp-content\/uploads\/2026\/01\/4666.png",1222,549,false],"2048x2048":["https:\/\/www.nenuphar.com\/wp-content\/uploads\/2026\/01\/4666.png",1222,549,false],"trp-custom-language-flag":["https:\/\/www.nenuphar.com\/wp-content\/uploads\/2026\/01\/4666.png",18,8,false],"woocommerce_thumbnail":["https:\/\/www.nenuphar.com\/wp-content\/uploads\/2026\/01\/4666-300x300.png",300,300,true],"woocommerce_single":["https:\/\/www.nenuphar.com\/wp-content\/uploads\/2026\/01\/4666-600x270.png",600,270,true],"woocommerce_gallery_thumbnail":["https:\/\/www.nenuphar.com\/wp-content\/uploads\/2026\/01\/4666-100x100.png",100,100,true]},"uagb_author_info":{"display_name":"Karine","author_link":"https:\/\/www.nenuphar.com\/en\/author\/"},"uagb_comment_info":0,"uagb_excerpt":"Le polyester \u201cripstop\u201d enduit PU\u00a0(polyur\u00e9thane) est un produit synth\u00e9tique r\u00e9alis\u00e9 en maillage par disposition de fils de chaine et de trame qui permet de renforcer la structure de la toile. Il permet, entre-autres, d\u2019\u00e9viter lors d\u2019un accroc l\u2019extension de la d\u00e9chirure. L\u2019enduction assure au tissu l\u2019imperm\u00e9abilit\u00e9 \u00e0 l\u2019eau. Le grammage est de 270 g\/m\u00b2. Ce&hellip;","_links":{"self":[{"href":"https:\/\/www.nenuphar.com\/en\/wp-json\/wp\/v2\/product\/2573","targetHints":{"allow":["GET"]}}],"collection":[{"href":"https:\/\/www.nenuphar.com\/en\/wp-json\/wp\/v2\/product"}],"about":[{"href":"https:\/\/www.nenuphar.com\/en\/wp-json\/wp\/v2\/types\/product"}],"wp:featuredmedia":[{"embeddable":true,"href":"https:\/\/www.nenuphar.com\/en\/wp-json\/wp\/v2\/media\/2614"}],"wp:attachment":[{"href":"https:\/\/www.nenuphar.com\/en\/wp-json\/wp\/v2\/media?parent=2573"}],"wp:term":[{"taxonomy":"product_brand","embeddable":true,"href":"https:\/\/www.nenuphar.com\/en\/wp-json\/wp\/v2\/product_brand?post=2573"},{"taxonomy":"product_cat","embeddable":true,"href":"https:\/\/www.nenuphar.com\/en\/wp-json\/wp\/v2\/product_cat?post=2573"},{"taxonomy":"product_tag","embeddable":true,"href":"https:\/\/www.nenuphar.com\/en\/wp-json\/wp\/v2\/product_tag?post=2573"}],"curies":[{"name":"wp","href":"https:\/\/api.w.org\/{rel}","templated":true}]}}