{"id":2594,"date":"2026-01-05T20:34:19","date_gmt":"2026-01-05T20:34:19","guid":{"rendered":"https:\/\/nen.kmkoncept.fr\/?post_type=product&#038;p=2594"},"modified":"2026-04-28T07:27:34","modified_gmt":"2026-04-28T07:27:34","slug":"taud-splash-dessus-dyed-polyester","status":"publish","type":"product","link":"https:\/\/www.nenuphar.com\/en\/shop\/stockage\/tauds\/taud-dessus-deriveurs\/taud-splash-dessus-dyed-polyester\/","title":{"rendered":"SPLASH top cover \u2013 PU-coated dyed polyester"},"content":{"rendered":"<p>Made in France. Splash top cover in ripstop. Covers the entire top of the boat. It features strips that extend 20 cm below the gunwale. An elastic cord in the hem around the edge ensures a secure fit. Equipped with fastening straps with quick-release buckles. It can be installed for transport or with the boat rigged.<\/p>","protected":false},"excerpt":{"rendered":"<p>Made in France. Splash top cover in ripstop. Covers the entire top of the boat. It features strips that extend 20 cm below the gunwale. An elastic cord in the hem around the edge ensures a secure fit. Equipped with fastening straps with quick-release buckles. It can be installed for transport or with the boat rigged.<\/p>","protected":false},"featured_media":2645,"template":"","meta":{"_acf_changed":false,"_uag_custom_page_level_css":""},"product_brand":[430],"product_cat":[131,37],"product_tag":[],"class_list":{"0":"post-2594","1":"product","2":"type-product","3":"status-publish","4":"has-post-thumbnail","6":"product_brand-nenuphar","7":"product_cat-taud-dessus-deriveurs","8":"product_cat-tauds","10":"first","11":"onbackorder","12":"taxable","13":"shipping-taxable","14":"purchasable","15":"product-type-simple"},"acf":[],"aioseo_notices":[],"uagb_featured_image_src":{"full":["https:\/\/www.nenuphar.com\/wp-content\/uploads\/2026\/01\/4673.png",1311,590,false],"thumbnail":["https:\/\/www.nenuphar.com\/wp-content\/uploads\/2026\/01\/4673-150x150.png",150,150,true],"medium":["https:\/\/www.nenuphar.com\/wp-content\/uploads\/2026\/01\/4673-300x135.png",300,135,true],"medium_large":["https:\/\/www.nenuphar.com\/wp-content\/uploads\/2026\/01\/4673-768x346.png",768,346,true],"large":["https:\/\/www.nenuphar.com\/wp-content\/uploads\/2026\/01\/4673-1024x461.png",1024,461,true],"1536x1536":["https:\/\/www.nenuphar.com\/wp-content\/uploads\/2026\/01\/4673.png",1311,590,false],"2048x2048":["https:\/\/www.nenuphar.com\/wp-content\/uploads\/2026\/01\/4673.png",1311,590,false],"trp-custom-language-flag":["https:\/\/www.nenuphar.com\/wp-content\/uploads\/2026\/01\/4673.png",18,8,false],"woocommerce_thumbnail":["https:\/\/www.nenuphar.com\/wp-content\/uploads\/2026\/01\/4673-300x300.png",300,300,true],"woocommerce_single":["https:\/\/www.nenuphar.com\/wp-content\/uploads\/2026\/01\/4673-600x270.png",600,270,true],"woocommerce_gallery_thumbnail":["https:\/\/www.nenuphar.com\/wp-content\/uploads\/2026\/01\/4673-100x100.png",100,100,true]},"uagb_author_info":{"display_name":"Karine","author_link":"https:\/\/www.nenuphar.com\/en\/author\/"},"uagb_comment_info":0,"uagb_excerpt":"Fabriqu\u00e9 en France. Taud Splash dessus ripstop. Recouvre tout le dessus du bateau. Il est muni de bandes descendant 20 cm sous le liston. Un sandow dans l&rsquo;ourlet de pourtour permet un placage efficace. Muni de sangles de maintient avec clic-clac. Il peut \u00eatre install\u00e9 pour le transport, ou bateau m\u00e2t\u00e9.","_links":{"self":[{"href":"https:\/\/www.nenuphar.com\/en\/wp-json\/wp\/v2\/product\/2594","targetHints":{"allow":["GET"]}}],"collection":[{"href":"https:\/\/www.nenuphar.com\/en\/wp-json\/wp\/v2\/product"}],"about":[{"href":"https:\/\/www.nenuphar.com\/en\/wp-json\/wp\/v2\/types\/product"}],"wp:featuredmedia":[{"embeddable":true,"href":"https:\/\/www.nenuphar.com\/en\/wp-json\/wp\/v2\/media\/2645"}],"wp:attachment":[{"href":"https:\/\/www.nenuphar.com\/en\/wp-json\/wp\/v2\/media?parent=2594"}],"wp:term":[{"taxonomy":"product_brand","embeddable":true,"href":"https:\/\/www.nenuphar.com\/en\/wp-json\/wp\/v2\/product_brand?post=2594"},{"taxonomy":"product_cat","embeddable":true,"href":"https:\/\/www.nenuphar.com\/en\/wp-json\/wp\/v2\/product_cat?post=2594"},{"taxonomy":"product_tag","embeddable":true,"href":"https:\/\/www.nenuphar.com\/en\/wp-json\/wp\/v2\/product_tag?post=2594"}],"curies":[{"name":"wp","href":"https:\/\/api.w.org\/{rel}","templated":true}]}}