{"id":2622,"date":"2026-01-05T20:34:42","date_gmt":"2026-01-05T20:34:42","guid":{"rendered":"https:\/\/nen.kmkoncept.fr\/?post_type=product&#038;p=2622"},"modified":"2026-04-28T07:27:48","modified_gmt":"2026-04-28T07:27:48","slug":"taud-laser-bahia-dessus-dyed-polyester","status":"publish","type":"product","link":"https:\/\/www.nenuphar.com\/en\/shop\/series\/deriveurs\/laser-deriveurs\/laser-bahia\/taud-laser-bahia-dessus-dyed-polyester\/","title":{"rendered":"LASER BAHIA TOP COVER DYED \u2013 PU COATED POLYESTER"},"content":{"rendered":"<p>Made in France. Covers the entire top of the boat, with flaps extending 20\u202fcm below the gunwale. A bungee cord in the perimeter hem ensures a snug fit. Equipped with retaining straps with click-clack buckles. Can be installed for transport or with the mast stepped.<\/p>","protected":false},"excerpt":{"rendered":"<p>Made in France. Covers the entire top of the boat, with flaps extending 20\u202fcm below the gunwale. A bungee cord in the perimeter hem ensures a snug fit. Equipped with retaining straps with click-clack buckles. Can be installed for transport or with the mast stepped.<\/p>","protected":false},"featured_media":2654,"template":"","meta":{"_acf_changed":false,"_uag_custom_page_level_css":""},"product_brand":[430],"product_cat":[242,131,37],"product_tag":[433,431,494],"class_list":{"0":"post-2622","1":"product","2":"type-product","3":"status-publish","4":"has-post-thumbnail","6":"product_brand-nenuphar","7":"product_cat-laser-bahia","8":"product_cat-taud-dessus-deriveurs","9":"product_cat-tauds","10":"product_tag-bahia","11":"product_tag-laser","12":"product_tag-laser-bahia","14":"first","15":"onbackorder","16":"taxable","17":"shipping-taxable","18":"purchasable","19":"product-type-simple"},"acf":[],"aioseo_notices":[],"uagb_featured_image_src":{"full":["https:\/\/www.nenuphar.com\/wp-content\/uploads\/2026\/01\/4678.png",1144,566,false],"thumbnail":["https:\/\/www.nenuphar.com\/wp-content\/uploads\/2026\/01\/4678-150x150.png",150,150,true],"medium":["https:\/\/www.nenuphar.com\/wp-content\/uploads\/2026\/01\/4678-300x148.png",300,148,true],"medium_large":["https:\/\/www.nenuphar.com\/wp-content\/uploads\/2026\/01\/4678-768x380.png",768,380,true],"large":["https:\/\/www.nenuphar.com\/wp-content\/uploads\/2026\/01\/4678-1024x507.png",1024,507,true],"1536x1536":["https:\/\/www.nenuphar.com\/wp-content\/uploads\/2026\/01\/4678.png",1144,566,false],"2048x2048":["https:\/\/www.nenuphar.com\/wp-content\/uploads\/2026\/01\/4678.png",1144,566,false],"trp-custom-language-flag":["https:\/\/www.nenuphar.com\/wp-content\/uploads\/2026\/01\/4678.png",18,9,false],"woocommerce_thumbnail":["https:\/\/www.nenuphar.com\/wp-content\/uploads\/2026\/01\/4678-300x300.png",300,300,true],"woocommerce_single":["https:\/\/www.nenuphar.com\/wp-content\/uploads\/2026\/01\/4678-600x297.png",600,297,true],"woocommerce_gallery_thumbnail":["https:\/\/www.nenuphar.com\/wp-content\/uploads\/2026\/01\/4678-100x100.png",100,100,true]},"uagb_author_info":{"display_name":"Karine","author_link":"https:\/\/www.nenuphar.com\/en\/author\/"},"uagb_comment_info":0,"uagb_excerpt":"Fabriqu\u00e9 en France. Recouvre tout le dessus du bateau. Il est muni de bandes descendant 20 cm sous le liston. Un sandow dans l&rsquo;ourlet de pourtour permet un placage efficace. Muni de sangles de maintient avec clic-clac. Il peut \u00eatre install\u00e9 pour le transport, ou bateau m\u00e2t\u00e9.","_links":{"self":[{"href":"https:\/\/www.nenuphar.com\/en\/wp-json\/wp\/v2\/product\/2622","targetHints":{"allow":["GET"]}}],"collection":[{"href":"https:\/\/www.nenuphar.com\/en\/wp-json\/wp\/v2\/product"}],"about":[{"href":"https:\/\/www.nenuphar.com\/en\/wp-json\/wp\/v2\/types\/product"}],"wp:featuredmedia":[{"embeddable":true,"href":"https:\/\/www.nenuphar.com\/en\/wp-json\/wp\/v2\/media\/2654"}],"wp:attachment":[{"href":"https:\/\/www.nenuphar.com\/en\/wp-json\/wp\/v2\/media?parent=2622"}],"wp:term":[{"taxonomy":"product_brand","embeddable":true,"href":"https:\/\/www.nenuphar.com\/en\/wp-json\/wp\/v2\/product_brand?post=2622"},{"taxonomy":"product_cat","embeddable":true,"href":"https:\/\/www.nenuphar.com\/en\/wp-json\/wp\/v2\/product_cat?post=2622"},{"taxonomy":"product_tag","embeddable":true,"href":"https:\/\/www.nenuphar.com\/en\/wp-json\/wp\/v2\/product_tag?post=2622"}],"curies":[{"name":"wp","href":"https:\/\/api.w.org\/{rel}","templated":true}]}}