{"id":2623,"date":"2026-01-05T20:34:42","date_gmt":"2026-01-05T20:34:42","guid":{"rendered":"https:\/\/nen.kmkoncept.fr\/?post_type=product&#038;p=2623"},"modified":"2026-04-28T07:27:48","modified_gmt":"2026-04-28T07:27:48","slug":"taud-laser-bahia-dessus-pvc","status":"publish","type":"product","link":"https:\/\/www.nenuphar.com\/en\/shop\/series\/deriveurs\/laser-deriveurs\/laser-bahia\/taud-laser-bahia-dessus-pvc\/","title":{"rendered":"TAUD LASER BAHIA DESSUS &#8211; ENDUIT PVC 520"},"content":{"rendered":"<p>Very robust cover, made from double-sided PVC-coated polyester fabric, 520 g\/m\u00b2.<\/p>\n<p>Very good long-lasting durability,<\/p>\n<p>Very easy to clean: completely smooth surface.<\/p>","protected":false},"excerpt":{"rendered":"<p>The N\u00e9nuphar advantage: we have created an opening at the painter line area that allows:<\/p>\n<p>\u2013 Either to leave the boom in place, with the mainsheet able to pass through the opening,<\/p>\n<p>\u2013 Or to close the opening flap and let the cover form a \u2018tent\u2019 above the painter line, preventing water from pooling.<\/p>\n<p>Color: dark grey.<\/p>","protected":false},"featured_media":2669,"template":"","meta":{"_acf_changed":false,"_uag_custom_page_level_css":""},"product_brand":[430],"product_cat":[242,131,37],"product_tag":[433,431,494],"class_list":{"0":"post-2623","1":"product","2":"type-product","3":"status-publish","4":"has-post-thumbnail","6":"product_brand-nenuphar","7":"product_cat-laser-bahia","8":"product_cat-taud-dessus-deriveurs","9":"product_cat-tauds","10":"product_tag-bahia","11":"product_tag-laser","12":"product_tag-laser-bahia","14":"first","15":"onbackorder","16":"taxable","17":"shipping-taxable","18":"purchasable","19":"product-type-simple"},"acf":[],"aioseo_notices":[],"uagb_featured_image_src":{"full":["https:\/\/www.nenuphar.com\/wp-content\/uploads\/2026\/01\/3145-scaled.jpg",2560,1639,false],"thumbnail":["https:\/\/www.nenuphar.com\/wp-content\/uploads\/2026\/01\/3145-150x150.jpg",150,150,true],"medium":["https:\/\/www.nenuphar.com\/wp-content\/uploads\/2026\/01\/3145-300x192.jpg",300,192,true],"medium_large":["https:\/\/www.nenuphar.com\/wp-content\/uploads\/2026\/01\/3145-768x492.jpg",768,492,true],"large":["https:\/\/www.nenuphar.com\/wp-content\/uploads\/2026\/01\/3145-1024x656.jpg",1024,656,true],"1536x1536":["https:\/\/www.nenuphar.com\/wp-content\/uploads\/2026\/01\/3145-1536x984.jpg",1536,984,true],"2048x2048":["https:\/\/www.nenuphar.com\/wp-content\/uploads\/2026\/01\/3145-2048x1312.jpg",2048,1312,true],"trp-custom-language-flag":["https:\/\/www.nenuphar.com\/wp-content\/uploads\/2026\/01\/3145-scaled.jpg",18,12,false],"woocommerce_thumbnail":["https:\/\/www.nenuphar.com\/wp-content\/uploads\/2026\/01\/3145-300x300.jpg",300,300,true],"woocommerce_single":["https:\/\/www.nenuphar.com\/wp-content\/uploads\/2026\/01\/3145-600x384.jpg",600,384,true],"woocommerce_gallery_thumbnail":["https:\/\/www.nenuphar.com\/wp-content\/uploads\/2026\/01\/3145-100x100.jpg",100,100,true]},"uagb_author_info":{"display_name":"Karine","author_link":"https:\/\/www.nenuphar.com\/en\/author\/"},"uagb_comment_info":0,"uagb_excerpt":"Le + N\u00e9nuphar: nous avons pratiqu\u00e9 une ouverture au niveau de la pantoire qui permet: - Soit de laisser la b\u00f4me \u00e0 poste, l'\u00e9coute pouvant passer par l'ouverture, - Soit de fermer le rabat de l'ouverture, et laisser le taud faire une \"tente\" au dessus de la pantoire, afin d'\u00e9viter que l'eau ne stagne. Coloris:&hellip;","_links":{"self":[{"href":"https:\/\/www.nenuphar.com\/en\/wp-json\/wp\/v2\/product\/2623","targetHints":{"allow":["GET"]}}],"collection":[{"href":"https:\/\/www.nenuphar.com\/en\/wp-json\/wp\/v2\/product"}],"about":[{"href":"https:\/\/www.nenuphar.com\/en\/wp-json\/wp\/v2\/types\/product"}],"wp:featuredmedia":[{"embeddable":true,"href":"https:\/\/www.nenuphar.com\/en\/wp-json\/wp\/v2\/media\/2669"}],"wp:attachment":[{"href":"https:\/\/www.nenuphar.com\/en\/wp-json\/wp\/v2\/media?parent=2623"}],"wp:term":[{"taxonomy":"product_brand","embeddable":true,"href":"https:\/\/www.nenuphar.com\/en\/wp-json\/wp\/v2\/product_brand?post=2623"},{"taxonomy":"product_cat","embeddable":true,"href":"https:\/\/www.nenuphar.com\/en\/wp-json\/wp\/v2\/product_cat?post=2623"},{"taxonomy":"product_tag","embeddable":true,"href":"https:\/\/www.nenuphar.com\/en\/wp-json\/wp\/v2\/product_tag?post=2623"}],"curies":[{"name":"wp","href":"https:\/\/api.w.org\/{rel}","templated":true}]}}