{"id":2657,"date":"2026-01-05T20:35:03","date_gmt":"2026-01-05T20:35:03","guid":{"rendered":"https:\/\/nen.kmkoncept.fr\/?post_type=product&#038;p=2657"},"modified":"2026-04-28T07:27:50","modified_gmt":"2026-04-28T07:27:50","slug":"taud-lynx-dessus-polyester-enduit-pvc-520-grs","status":"publish","type":"product","link":"https:\/\/www.nenuphar.com\/en\/shop\/stockage\/tauds\/taud-dessus-deriveurs\/taud-lynx-dessus-polyester-enduit-pvc-520-grs\/","title":{"rendered":"LYNX top cover \u2013 PVC-coated polyester, 580 g\/m\u00b2."},"content":{"rendered":"<p>Cover for Lynx dinghy.<\/p>\n<p>Made from 520 g\/m\u00b2 PVC-coated polyester.<\/p>\n<p>Fabriqu\u00e9 en France, \u00e0 Nemours.<\/p>\n<p>Made to order only.<\/p><\/p>","protected":false},"excerpt":{"rendered":"<p>Taud pour d\u00e9riveur Lynx En polyester enduit PVC 520 g\/m\u00b2 Fabriqu\u00e9 en France, \u00e0 Nemours. Fabriqu\u00e9 uniquement \u00e0 la commande.<\/p>","protected":false},"featured_media":2704,"template":"","meta":{"_acf_changed":false,"_uag_custom_page_level_css":""},"product_brand":[430],"product_cat":[131,37],"product_tag":[],"class_list":{"0":"post-2657","1":"product","2":"type-product","3":"status-publish","4":"has-post-thumbnail","6":"product_brand-nenuphar","7":"product_cat-taud-dessus-deriveurs","8":"product_cat-tauds","10":"first","11":"onbackorder","12":"taxable","13":"shipping-taxable","14":"purchasable","15":"product-type-simple"},"acf":[],"aioseo_notices":[],"uagb_featured_image_src":{"full":["https:\/\/www.nenuphar.com\/wp-content\/uploads\/2026\/01\/5987.jpg",1077,542,false],"thumbnail":["https:\/\/www.nenuphar.com\/wp-content\/uploads\/2026\/01\/5987-150x150.jpg",150,150,true],"medium":["https:\/\/www.nenuphar.com\/wp-content\/uploads\/2026\/01\/5987-300x151.jpg",300,151,true],"medium_large":["https:\/\/www.nenuphar.com\/wp-content\/uploads\/2026\/01\/5987-768x386.jpg",768,386,true],"large":["https:\/\/www.nenuphar.com\/wp-content\/uploads\/2026\/01\/5987-1024x515.jpg",1024,515,true],"1536x1536":["https:\/\/www.nenuphar.com\/wp-content\/uploads\/2026\/01\/5987.jpg",1077,542,false],"2048x2048":["https:\/\/www.nenuphar.com\/wp-content\/uploads\/2026\/01\/5987.jpg",1077,542,false],"trp-custom-language-flag":["https:\/\/www.nenuphar.com\/wp-content\/uploads\/2026\/01\/5987.jpg",18,9,false],"woocommerce_thumbnail":["https:\/\/www.nenuphar.com\/wp-content\/uploads\/2026\/01\/5987-300x300.jpg",300,300,true],"woocommerce_single":["https:\/\/www.nenuphar.com\/wp-content\/uploads\/2026\/01\/5987-600x302.jpg",600,302,true],"woocommerce_gallery_thumbnail":["https:\/\/www.nenuphar.com\/wp-content\/uploads\/2026\/01\/5987-100x100.jpg",100,100,true]},"uagb_author_info":{"display_name":"Karine","author_link":"https:\/\/www.nenuphar.com\/en\/author\/"},"uagb_comment_info":0,"uagb_excerpt":"Taud pour d\u00e9riveur Lynx En polyester enduit PVC 520 g\/m\u00b2 Fabriqu\u00e9 en France, \u00e0 Nemours. Fabriqu\u00e9 uniquement \u00e0 la commande.","_links":{"self":[{"href":"https:\/\/www.nenuphar.com\/en\/wp-json\/wp\/v2\/product\/2657","targetHints":{"allow":["GET"]}}],"collection":[{"href":"https:\/\/www.nenuphar.com\/en\/wp-json\/wp\/v2\/product"}],"about":[{"href":"https:\/\/www.nenuphar.com\/en\/wp-json\/wp\/v2\/types\/product"}],"wp:featuredmedia":[{"embeddable":true,"href":"https:\/\/www.nenuphar.com\/en\/wp-json\/wp\/v2\/media\/2704"}],"wp:attachment":[{"href":"https:\/\/www.nenuphar.com\/en\/wp-json\/wp\/v2\/media?parent=2657"}],"wp:term":[{"taxonomy":"product_brand","embeddable":true,"href":"https:\/\/www.nenuphar.com\/en\/wp-json\/wp\/v2\/product_brand?post=2657"},{"taxonomy":"product_cat","embeddable":true,"href":"https:\/\/www.nenuphar.com\/en\/wp-json\/wp\/v2\/product_cat?post=2657"},{"taxonomy":"product_tag","embeddable":true,"href":"https:\/\/www.nenuphar.com\/en\/wp-json\/wp\/v2\/product_tag?post=2657"}],"curies":[{"name":"wp","href":"https:\/\/api.w.org\/{rel}","templated":true}]}}