{"id":2659,"date":"2026-01-05T20:35:03","date_gmt":"2026-01-05T20:35:03","guid":{"rendered":"https:\/\/nen.kmkoncept.fr\/?post_type=product&#038;p=2659"},"modified":"2026-04-28T07:27:51","modified_gmt":"2026-04-28T07:27:51","slug":"taud-mini-solitaire-morin-dessus-polyester-enduit-pvc","status":"publish","type":"product","link":"https:\/\/www.nenuphar.com\/en\/shop\/series\/deriveurs\/morim-4m\/taud-mini-solitaire-morin-dessus-polyester-enduit-pvc\/","title":{"rendered":"TAUD MINI SOLITAIRE MORIN &#8211; DESSUS ENDUIT PVC"},"content":{"rendered":"<p>Top cover for Mini Solitaire dinghy from the Morin shipyard. Made from PVC-coated polyester fabric.<\/p>","protected":false},"excerpt":{"rendered":"<p>Top cover for Mini Solitaire dinghy from the Morin shipyard. Made from PVC-coated polyester fabric.<\/p>","protected":false},"featured_media":2706,"template":"","meta":{"_acf_changed":false,"_uag_custom_page_level_css":""},"product_brand":[430],"product_cat":[207,131,37],"product_tag":[497,498],"class_list":{"0":"post-2659","1":"product","2":"type-product","3":"status-publish","4":"has-post-thumbnail","6":"product_brand-nenuphar","7":"product_cat-morim-4m","8":"product_cat-taud-dessus-deriveurs","9":"product_cat-tauds","10":"product_tag-morin","11":"product_tag-morin-4m","13":"first","14":"onbackorder","15":"taxable","16":"shipping-taxable","17":"purchasable","18":"product-type-simple"},"acf":[],"aioseo_notices":[],"uagb_featured_image_src":{"full":["https:\/\/www.nenuphar.com\/wp-content\/uploads\/2026\/01\/5477.jpg",1039,586,false],"thumbnail":["https:\/\/www.nenuphar.com\/wp-content\/uploads\/2026\/01\/5477-150x150.jpg",150,150,true],"medium":["https:\/\/www.nenuphar.com\/wp-content\/uploads\/2026\/01\/5477-300x169.jpg",300,169,true],"medium_large":["https:\/\/www.nenuphar.com\/wp-content\/uploads\/2026\/01\/5477-768x433.jpg",768,433,true],"large":["https:\/\/www.nenuphar.com\/wp-content\/uploads\/2026\/01\/5477-1024x578.jpg",1024,578,true],"1536x1536":["https:\/\/www.nenuphar.com\/wp-content\/uploads\/2026\/01\/5477.jpg",1039,586,false],"2048x2048":["https:\/\/www.nenuphar.com\/wp-content\/uploads\/2026\/01\/5477.jpg",1039,586,false],"trp-custom-language-flag":["https:\/\/www.nenuphar.com\/wp-content\/uploads\/2026\/01\/5477.jpg",18,10,false],"woocommerce_thumbnail":["https:\/\/www.nenuphar.com\/wp-content\/uploads\/2026\/01\/5477-300x300.jpg",300,300,true],"woocommerce_single":["https:\/\/www.nenuphar.com\/wp-content\/uploads\/2026\/01\/5477-600x338.jpg",600,338,true],"woocommerce_gallery_thumbnail":["https:\/\/www.nenuphar.com\/wp-content\/uploads\/2026\/01\/5477-100x100.jpg",100,100,true]},"uagb_author_info":{"display_name":"Karine","author_link":"https:\/\/www.nenuphar.com\/en\/author\/"},"uagb_comment_info":0,"uagb_excerpt":"Taud de dessus pour d\u00e9riveur Mini Solitaire du chantier Morin. R\u00e9alis\u00e9 en tissu polyester enduit PVC.","_links":{"self":[{"href":"https:\/\/www.nenuphar.com\/en\/wp-json\/wp\/v2\/product\/2659","targetHints":{"allow":["GET"]}}],"collection":[{"href":"https:\/\/www.nenuphar.com\/en\/wp-json\/wp\/v2\/product"}],"about":[{"href":"https:\/\/www.nenuphar.com\/en\/wp-json\/wp\/v2\/types\/product"}],"wp:featuredmedia":[{"embeddable":true,"href":"https:\/\/www.nenuphar.com\/en\/wp-json\/wp\/v2\/media\/2706"}],"wp:attachment":[{"href":"https:\/\/www.nenuphar.com\/en\/wp-json\/wp\/v2\/media?parent=2659"}],"wp:term":[{"taxonomy":"product_brand","embeddable":true,"href":"https:\/\/www.nenuphar.com\/en\/wp-json\/wp\/v2\/product_brand?post=2659"},{"taxonomy":"product_cat","embeddable":true,"href":"https:\/\/www.nenuphar.com\/en\/wp-json\/wp\/v2\/product_cat?post=2659"},{"taxonomy":"product_tag","embeddable":true,"href":"https:\/\/www.nenuphar.com\/en\/wp-json\/wp\/v2\/product_tag?post=2659"}],"curies":[{"name":"wp","href":"https:\/\/api.w.org\/{rel}","templated":true}]}}