{"id":2698,"date":"2026-01-05T20:35:44","date_gmt":"2026-01-05T20:35:44","guid":{"rendered":"https:\/\/nen.kmkoncept.fr\/?post_type=product&#038;p=2698"},"modified":"2026-04-28T07:27:53","modified_gmt":"2026-04-28T07:27:53","slug":"taud-declic-dessus-polyester-enduit-pvc-520-grs-ma%c2%b2","status":"publish","type":"product","link":"https:\/\/www.nenuphar.com\/en\/shop\/series\/deriveurs\/declic\/taud-declic-dessus-polyester-enduit-pvc-520-grs-ma%c2%b2\/","title":{"rendered":"&#8211; TAUD DECLIC DESSUS PVC"},"content":{"rendered":"<p>Fabriqu\u00e9 dans nos ateliers \u00e0 Nemours (77)<\/p>\n<p>Covers the entire top of the boat.<\/p>\n<p>20\u202fcm band all around the perimeter.<\/p>\n<p>5\u202fmm diameter elastic cord at the bottom of the band for a better fit.<\/p>\n<p>Openings to install the cover with the mast stepped.<\/p>\n<p>Supplied with a roll of webbing to cut on first installation.<\/p><\/p>","protected":false},"excerpt":{"rendered":"<p>Tarpaulin-type fabric, based on 550\u202fdtex\/1100\u202fdtex polyester coated with PVC on the outer face, providing perfect waterproofing and easy cleaning with a sponge. The weight is 520\u202fg\/m\u00b2. This fabric is made in Europe.<\/p>","protected":false},"featured_media":2744,"template":"","meta":{"_acf_changed":false,"_uag_custom_page_level_css":""},"product_brand":[430],"product_cat":[194,131,37],"product_tag":[479],"class_list":{"0":"post-2698","1":"product","2":"type-product","3":"status-publish","4":"has-post-thumbnail","6":"product_brand-nenuphar","7":"product_cat-declic","8":"product_cat-taud-dessus-deriveurs","9":"product_cat-tauds","10":"product_tag-declic","12":"first","13":"onbackorder","14":"taxable","15":"shipping-taxable","16":"purchasable","17":"product-type-simple"},"acf":[],"aioseo_notices":[],"uagb_featured_image_src":{"full":["https:\/\/www.nenuphar.com\/wp-content\/uploads\/2026\/01\/5501.jpg",1212,595,false],"thumbnail":["https:\/\/www.nenuphar.com\/wp-content\/uploads\/2026\/01\/5501-150x150.jpg",150,150,true],"medium":["https:\/\/www.nenuphar.com\/wp-content\/uploads\/2026\/01\/5501-300x147.jpg",300,147,true],"medium_large":["https:\/\/www.nenuphar.com\/wp-content\/uploads\/2026\/01\/5501-768x377.jpg",768,377,true],"large":["https:\/\/www.nenuphar.com\/wp-content\/uploads\/2026\/01\/5501-1024x503.jpg",1024,503,true],"1536x1536":["https:\/\/www.nenuphar.com\/wp-content\/uploads\/2026\/01\/5501.jpg",1212,595,false],"2048x2048":["https:\/\/www.nenuphar.com\/wp-content\/uploads\/2026\/01\/5501.jpg",1212,595,false],"trp-custom-language-flag":["https:\/\/www.nenuphar.com\/wp-content\/uploads\/2026\/01\/5501.jpg",18,9,false],"woocommerce_thumbnail":["https:\/\/www.nenuphar.com\/wp-content\/uploads\/2026\/01\/5501-300x300.jpg",300,300,true],"woocommerce_single":["https:\/\/www.nenuphar.com\/wp-content\/uploads\/2026\/01\/5501-600x295.jpg",600,295,true],"woocommerce_gallery_thumbnail":["https:\/\/www.nenuphar.com\/wp-content\/uploads\/2026\/01\/5501-100x100.jpg",100,100,true]},"uagb_author_info":{"display_name":"Karine","author_link":"https:\/\/www.nenuphar.com\/en\/author\/"},"uagb_comment_info":0,"uagb_excerpt":"Tissu de type \u00ab\u00a0b\u00e2che\u00a0\u00bb, sur base d\u2019un polyester 550dtex\/1100dtex enduit PVC sur la face ext\u00e9rieure assurant une \u00e9tanch\u00e9it\u00e9 parfaite et une grande facilit\u00e9 de nettoyage \u00e0 l\u2019\u00e9ponge. Le grammage est de 520 g\/m\u00b2. Ce tissu est fabriqu\u00e9 en Europe.","_links":{"self":[{"href":"https:\/\/www.nenuphar.com\/en\/wp-json\/wp\/v2\/product\/2698","targetHints":{"allow":["GET"]}}],"collection":[{"href":"https:\/\/www.nenuphar.com\/en\/wp-json\/wp\/v2\/product"}],"about":[{"href":"https:\/\/www.nenuphar.com\/en\/wp-json\/wp\/v2\/types\/product"}],"wp:featuredmedia":[{"embeddable":true,"href":"https:\/\/www.nenuphar.com\/en\/wp-json\/wp\/v2\/media\/2744"}],"wp:attachment":[{"href":"https:\/\/www.nenuphar.com\/en\/wp-json\/wp\/v2\/media?parent=2698"}],"wp:term":[{"taxonomy":"product_brand","embeddable":true,"href":"https:\/\/www.nenuphar.com\/en\/wp-json\/wp\/v2\/product_brand?post=2698"},{"taxonomy":"product_cat","embeddable":true,"href":"https:\/\/www.nenuphar.com\/en\/wp-json\/wp\/v2\/product_cat?post=2698"},{"taxonomy":"product_tag","embeddable":true,"href":"https:\/\/www.nenuphar.com\/en\/wp-json\/wp\/v2\/product_tag?post=2698"}],"curies":[{"name":"wp","href":"https:\/\/api.w.org\/{rel}","templated":true}]}}