{"id":2717,"date":"2026-01-05T20:36:05","date_gmt":"2026-01-05T20:36:05","guid":{"rendered":"https:\/\/nen.kmkoncept.fr\/?post_type=product&#038;p=2717"},"modified":"2026-04-28T07:27:54","modified_gmt":"2026-04-28T07:27:54","slug":"taud-caragogne-dessus-polyester-enduit-pvc-540grs","status":"publish","type":"product","link":"https:\/\/www.nenuphar.com\/en\/shop\/stockage\/tauds\/taud-dessus-deriveurs\/taud-caragogne-dessus-polyester-enduit-pvc-540grs\/","title":{"rendered":"Caracogne Top Cover \u2013 PVC-Coated Polyester 540\u202fg"},"content":{"rendered":"<p>Top cover in PVC-coated polyester 540\u202fg for Caragogne boat.<\/p>\n<p>Made to order only in our workshop in Nemours.<\/p>\n<p>Mast and pad eye openings\u2019 positions must be checked before production.<\/p>","protected":false},"excerpt":{"rendered":"<p>Taud de dessus en polyester enduit PVC 540 grs pour bateau Caragogne R\u00e9alis\u00e9 \u00e0 la commande uniquement dans notre atelier \u00e0 Nemours position des ouvertures de mat et cad\u00e8nes \u00e0 v\u00e9rifier avant r\u00e9alisation<\/p>","protected":false},"featured_media":2750,"template":"","meta":{"_acf_changed":false,"_uag_custom_page_level_css":""},"product_brand":[430],"product_cat":[131,37],"product_tag":[],"class_list":{"0":"post-2717","1":"product","2":"type-product","3":"status-publish","4":"has-post-thumbnail","6":"product_brand-nenuphar","7":"product_cat-taud-dessus-deriveurs","8":"product_cat-tauds","10":"first","11":"onbackorder","12":"taxable","13":"shipping-taxable","14":"purchasable","15":"product-type-simple"},"acf":[],"aioseo_notices":[],"uagb_featured_image_src":{"full":["https:\/\/www.nenuphar.com\/wp-content\/uploads\/2026\/01\/5344.jpg",1157,583,false],"thumbnail":["https:\/\/www.nenuphar.com\/wp-content\/uploads\/2026\/01\/5344-150x150.jpg",150,150,true],"medium":["https:\/\/www.nenuphar.com\/wp-content\/uploads\/2026\/01\/5344-300x151.jpg",300,151,true],"medium_large":["https:\/\/www.nenuphar.com\/wp-content\/uploads\/2026\/01\/5344-768x387.jpg",768,387,true],"large":["https:\/\/www.nenuphar.com\/wp-content\/uploads\/2026\/01\/5344-1024x516.jpg",1024,516,true],"1536x1536":["https:\/\/www.nenuphar.com\/wp-content\/uploads\/2026\/01\/5344.jpg",1157,583,false],"2048x2048":["https:\/\/www.nenuphar.com\/wp-content\/uploads\/2026\/01\/5344.jpg",1157,583,false],"trp-custom-language-flag":["https:\/\/www.nenuphar.com\/wp-content\/uploads\/2026\/01\/5344.jpg",18,9,false],"woocommerce_thumbnail":["https:\/\/www.nenuphar.com\/wp-content\/uploads\/2026\/01\/5344-300x300.jpg",300,300,true],"woocommerce_single":["https:\/\/www.nenuphar.com\/wp-content\/uploads\/2026\/01\/5344-600x302.jpg",600,302,true],"woocommerce_gallery_thumbnail":["https:\/\/www.nenuphar.com\/wp-content\/uploads\/2026\/01\/5344-100x100.jpg",100,100,true]},"uagb_author_info":{"display_name":"Karine","author_link":"https:\/\/www.nenuphar.com\/en\/author\/"},"uagb_comment_info":0,"uagb_excerpt":"Taud de dessus en polyester enduit PVC 540 grs pour bateau Caragogne R\u00e9alis\u00e9 \u00e0 la commande uniquement dans notre atelier \u00e0 Nemours position des ouvertures de mat et cad\u00e8nes \u00e0 v\u00e9rifier avant r\u00e9alisation","_links":{"self":[{"href":"https:\/\/www.nenuphar.com\/en\/wp-json\/wp\/v2\/product\/2717","targetHints":{"allow":["GET"]}}],"collection":[{"href":"https:\/\/www.nenuphar.com\/en\/wp-json\/wp\/v2\/product"}],"about":[{"href":"https:\/\/www.nenuphar.com\/en\/wp-json\/wp\/v2\/types\/product"}],"wp:featuredmedia":[{"embeddable":true,"href":"https:\/\/www.nenuphar.com\/en\/wp-json\/wp\/v2\/media\/2750"}],"wp:attachment":[{"href":"https:\/\/www.nenuphar.com\/en\/wp-json\/wp\/v2\/media?parent=2717"}],"wp:term":[{"taxonomy":"product_brand","embeddable":true,"href":"https:\/\/www.nenuphar.com\/en\/wp-json\/wp\/v2\/product_brand?post=2717"},{"taxonomy":"product_cat","embeddable":true,"href":"https:\/\/www.nenuphar.com\/en\/wp-json\/wp\/v2\/product_cat?post=2717"},{"taxonomy":"product_tag","embeddable":true,"href":"https:\/\/www.nenuphar.com\/en\/wp-json\/wp\/v2\/product_tag?post=2717"}],"curies":[{"name":"wp","href":"https:\/\/api.w.org\/{rel}","templated":true}]}}