{"id":2729,"date":"2026-01-05T20:36:06","date_gmt":"2026-01-05T20:36:06","guid":{"rendered":"https:\/\/nen.kmkoncept.fr\/?post_type=product&#038;p=2729"},"modified":"2026-04-28T07:30:01","modified_gmt":"2026-04-28T07:30:01","slug":"taud-hansa-2-3-dessus-polyester-enduit-pvc-520-gr","status":"publish","type":"product","link":"https:\/\/www.nenuphar.com\/en\/shop\/stockage\/tauds\/taud-dessus-deriveurs\/taud-hansa-2-3-dessus-polyester-enduit-pvc-520-gr\/","title":{"rendered":"HANSA ACCESS 2.3 top cover \u2013 520 g PVC-coated polyester."},"content":{"rendered":"<p>Cover made from 520 g PVC-coated polyester.<\/p>\n<p>Top cover for Hansa 2.3 or Access 2.3.<\/p>\n<p>With centerboard trunk opening.<\/p>\n<p>This cover is also available in other materials.<\/p>","protected":false},"excerpt":{"rendered":"<p>Taud en polyester enduit PVC 520 g . Taud de dessus pour Hansa 2.3 ou Access 2.3. Avec chemin\u00e9e de d\u00e9rive. Ce taud existe en d&rsquo;autres mati\u00e8res.<\/p>","protected":false},"featured_media":2776,"template":"","meta":{"_acf_changed":false,"_uag_custom_page_level_css":""},"product_brand":[430],"product_cat":[131,37],"product_tag":[],"class_list":{"0":"post-2729","1":"product","2":"type-product","3":"status-publish","4":"has-post-thumbnail","6":"product_brand-nenuphar","7":"product_cat-taud-dessus-deriveurs","8":"product_cat-tauds","10":"first","11":"onbackorder","12":"taxable","13":"shipping-taxable","14":"purchasable","15":"product-type-simple"},"acf":[],"aioseo_notices":[],"uagb_featured_image_src":{"full":["https:\/\/www.nenuphar.com\/wp-content\/uploads\/2026\/01\/6072.jpg",910,542,false],"thumbnail":["https:\/\/www.nenuphar.com\/wp-content\/uploads\/2026\/01\/6072-150x150.jpg",150,150,true],"medium":["https:\/\/www.nenuphar.com\/wp-content\/uploads\/2026\/01\/6072-300x179.jpg",300,179,true],"medium_large":["https:\/\/www.nenuphar.com\/wp-content\/uploads\/2026\/01\/6072-768x457.jpg",768,457,true],"large":["https:\/\/www.nenuphar.com\/wp-content\/uploads\/2026\/01\/6072.jpg",910,542,false],"1536x1536":["https:\/\/www.nenuphar.com\/wp-content\/uploads\/2026\/01\/6072.jpg",910,542,false],"2048x2048":["https:\/\/www.nenuphar.com\/wp-content\/uploads\/2026\/01\/6072.jpg",910,542,false],"trp-custom-language-flag":["https:\/\/www.nenuphar.com\/wp-content\/uploads\/2026\/01\/6072.jpg",18,12,false],"woocommerce_thumbnail":["https:\/\/www.nenuphar.com\/wp-content\/uploads\/2026\/01\/6072-300x300.jpg",300,300,true],"woocommerce_single":["https:\/\/www.nenuphar.com\/wp-content\/uploads\/2026\/01\/6072-600x357.jpg",600,357,true],"woocommerce_gallery_thumbnail":["https:\/\/www.nenuphar.com\/wp-content\/uploads\/2026\/01\/6072-100x100.jpg",100,100,true]},"uagb_author_info":{"display_name":"Karine","author_link":"https:\/\/www.nenuphar.com\/en\/author\/"},"uagb_comment_info":0,"uagb_excerpt":"Taud en polyester enduit PVC 520 g . Taud de dessus pour Hansa 2.3 ou Access 2.3. Avec chemin\u00e9e de d\u00e9rive. Ce taud existe en d&rsquo;autres mati\u00e8res.","_links":{"self":[{"href":"https:\/\/www.nenuphar.com\/en\/wp-json\/wp\/v2\/product\/2729","targetHints":{"allow":["GET"]}}],"collection":[{"href":"https:\/\/www.nenuphar.com\/en\/wp-json\/wp\/v2\/product"}],"about":[{"href":"https:\/\/www.nenuphar.com\/en\/wp-json\/wp\/v2\/types\/product"}],"wp:featuredmedia":[{"embeddable":true,"href":"https:\/\/www.nenuphar.com\/en\/wp-json\/wp\/v2\/media\/2776"}],"wp:attachment":[{"href":"https:\/\/www.nenuphar.com\/en\/wp-json\/wp\/v2\/media?parent=2729"}],"wp:term":[{"taxonomy":"product_brand","embeddable":true,"href":"https:\/\/www.nenuphar.com\/en\/wp-json\/wp\/v2\/product_brand?post=2729"},{"taxonomy":"product_cat","embeddable":true,"href":"https:\/\/www.nenuphar.com\/en\/wp-json\/wp\/v2\/product_cat?post=2729"},{"taxonomy":"product_tag","embeddable":true,"href":"https:\/\/www.nenuphar.com\/en\/wp-json\/wp\/v2\/product_tag?post=2729"}],"curies":[{"name":"wp","href":"https:\/\/api.w.org\/{rel}","templated":true}]}}