{"id":2738,"date":"2026-01-05T20:36:42","date_gmt":"2026-01-05T20:36:42","guid":{"rendered":"https:\/\/nen.kmkoncept.fr\/?post_type=product&#038;p=2738"},"modified":"2026-04-28T07:30:01","modified_gmt":"2026-04-28T07:30:01","slug":"taud-hansa-303-dessus-polyester-enduit-pvc-520-grs","status":"publish","type":"product","link":"https:\/\/www.nenuphar.com\/en\/shop\/stockage\/tauds\/taud-dessus-deriveurs\/taud-hansa-303-dessus-polyester-enduit-pvc-520-grs\/","title":{"rendered":"TAUD HANSA ACCESS 303 DESSUS &#8211; ENDUIT PVC 520"},"content":{"rendered":"<p>Cover for Hansa 303 \u2013 Access 303 top PVC.<\/p>\n<\/p>\n<p>Centerboard trunk for the standard daggerboard.<\/p>\n<p>Top cover in PVC-coated polyester for Hansa 303 or Access 303.<\/p>","protected":false},"excerpt":{"rendered":"<p>Taud pour Hansa 303 &#8211; Access 303 dessus PVC Chemin\u00e9e pour la d\u00e9rive de s\u00e9rie Taud de dessus en Polyester enduit PVC pour Hansa 303 ou Access 303.<\/p>","protected":false},"featured_media":2779,"template":"","meta":{"_acf_changed":false,"_uag_custom_page_level_css":""},"product_brand":[430],"product_cat":[131,37],"product_tag":[],"class_list":{"0":"post-2738","1":"product","2":"type-product","3":"status-publish","4":"has-post-thumbnail","6":"product_brand-nenuphar","7":"product_cat-taud-dessus-deriveurs","8":"product_cat-tauds","10":"first","11":"instock","12":"taxable","13":"shipping-taxable","14":"purchasable","15":"product-type-simple"},"acf":[],"aioseo_notices":[],"uagb_featured_image_src":{"full":["https:\/\/www.nenuphar.com\/wp-content\/uploads\/2026\/01\/5252.jpg",850,638,false],"thumbnail":["https:\/\/www.nenuphar.com\/wp-content\/uploads\/2026\/01\/5252-150x150.jpg",150,150,true],"medium":["https:\/\/www.nenuphar.com\/wp-content\/uploads\/2026\/01\/5252-300x225.jpg",300,225,true],"medium_large":["https:\/\/www.nenuphar.com\/wp-content\/uploads\/2026\/01\/5252-768x576.jpg",768,576,true],"large":["https:\/\/www.nenuphar.com\/wp-content\/uploads\/2026\/01\/5252.jpg",850,638,false],"1536x1536":["https:\/\/www.nenuphar.com\/wp-content\/uploads\/2026\/01\/5252.jpg",850,638,false],"2048x2048":["https:\/\/www.nenuphar.com\/wp-content\/uploads\/2026\/01\/5252.jpg",850,638,false],"trp-custom-language-flag":["https:\/\/www.nenuphar.com\/wp-content\/uploads\/2026\/01\/5252.jpg",16,12,false],"woocommerce_thumbnail":["https:\/\/www.nenuphar.com\/wp-content\/uploads\/2026\/01\/5252-300x300.jpg",300,300,true],"woocommerce_single":["https:\/\/www.nenuphar.com\/wp-content\/uploads\/2026\/01\/5252-600x450.jpg",600,450,true],"woocommerce_gallery_thumbnail":["https:\/\/www.nenuphar.com\/wp-content\/uploads\/2026\/01\/5252-100x100.jpg",100,100,true]},"uagb_author_info":{"display_name":"Karine","author_link":"https:\/\/www.nenuphar.com\/en\/author\/"},"uagb_comment_info":0,"uagb_excerpt":"Taud pour Hansa 303 &#8211; Access 303 dessus PVC Chemin\u00e9e pour la d\u00e9rive de s\u00e9rie Taud de dessus en Polyester enduit PVC pour Hansa 303 ou Access 303.","_links":{"self":[{"href":"https:\/\/www.nenuphar.com\/en\/wp-json\/wp\/v2\/product\/2738","targetHints":{"allow":["GET"]}}],"collection":[{"href":"https:\/\/www.nenuphar.com\/en\/wp-json\/wp\/v2\/product"}],"about":[{"href":"https:\/\/www.nenuphar.com\/en\/wp-json\/wp\/v2\/types\/product"}],"wp:featuredmedia":[{"embeddable":true,"href":"https:\/\/www.nenuphar.com\/en\/wp-json\/wp\/v2\/media\/2779"}],"wp:attachment":[{"href":"https:\/\/www.nenuphar.com\/en\/wp-json\/wp\/v2\/media?parent=2738"}],"wp:term":[{"taxonomy":"product_brand","embeddable":true,"href":"https:\/\/www.nenuphar.com\/en\/wp-json\/wp\/v2\/product_brand?post=2738"},{"taxonomy":"product_cat","embeddable":true,"href":"https:\/\/www.nenuphar.com\/en\/wp-json\/wp\/v2\/product_cat?post=2738"},{"taxonomy":"product_tag","embeddable":true,"href":"https:\/\/www.nenuphar.com\/en\/wp-json\/wp\/v2\/product_tag?post=2738"}],"curies":[{"name":"wp","href":"https:\/\/api.w.org\/{rel}","templated":true}]}}