{"id":2758,"date":"2026-01-05T20:37:03","date_gmt":"2026-01-05T20:37:03","guid":{"rendered":"https:\/\/nen.kmkoncept.fr\/?post_type=product&#038;p=2758"},"modified":"2026-04-28T07:30:24","modified_gmt":"2026-04-28T07:30:24","slug":"taud-ludic-dessus-dyed-polyester","status":"publish","type":"product","link":"https:\/\/www.nenuphar.com\/en\/shop\/series\/deriveurs\/ludic\/taud-ludic-dessus-dyed-polyester\/","title":{"rendered":"\u2013 Ludic Top Cover \u2013 Polyester"},"content":{"rendered":"<p>Ludic Top Cover (Phil\u00e9as then Hobie yard) \u2013 PU-coated polyester.<\/p>\n<p>Lightweight cover, easy to install.<\/p>\n<p>Designed and made in France, in Nemours.<\/p>\n<p>\u00a0<\/p>","protected":false},"excerpt":{"rendered":"<p>Top cover for Phil\u00e9as LUDIC, made in a strong 600D polyester, PU backed. Economy Ludic cover. \u00a0<\/p>","protected":false},"featured_media":2786,"template":"","meta":{"_acf_changed":false,"_uag_custom_page_level_css":""},"product_brand":[430],"product_cat":[205,131,37],"product_tag":[495],"class_list":{"0":"post-2758","1":"product","2":"type-product","3":"status-publish","4":"has-post-thumbnail","6":"product_brand-nenuphar","7":"product_cat-ludic","8":"product_cat-taud-dessus-deriveurs","9":"product_cat-tauds","10":"product_tag-ludic","12":"first","13":"onbackorder","14":"taxable","15":"shipping-taxable","16":"purchasable","17":"product-type-simple"},"acf":[],"aioseo_notices":[],"uagb_featured_image_src":{"full":["https:\/\/www.nenuphar.com\/wp-content\/uploads\/2026\/01\/5398.jpg",1151,471,false],"thumbnail":["https:\/\/www.nenuphar.com\/wp-content\/uploads\/2026\/01\/5398-150x150.jpg",150,150,true],"medium":["https:\/\/www.nenuphar.com\/wp-content\/uploads\/2026\/01\/5398-300x123.jpg",300,123,true],"medium_large":["https:\/\/www.nenuphar.com\/wp-content\/uploads\/2026\/01\/5398-768x314.jpg",768,314,true],"large":["https:\/\/www.nenuphar.com\/wp-content\/uploads\/2026\/01\/5398-1024x419.jpg",1024,419,true],"1536x1536":["https:\/\/www.nenuphar.com\/wp-content\/uploads\/2026\/01\/5398.jpg",1151,471,false],"2048x2048":["https:\/\/www.nenuphar.com\/wp-content\/uploads\/2026\/01\/5398.jpg",1151,471,false],"trp-custom-language-flag":["https:\/\/www.nenuphar.com\/wp-content\/uploads\/2026\/01\/5398.jpg",18,7,false],"woocommerce_thumbnail":["https:\/\/www.nenuphar.com\/wp-content\/uploads\/2026\/01\/5398-300x300.jpg",300,300,true],"woocommerce_single":["https:\/\/www.nenuphar.com\/wp-content\/uploads\/2026\/01\/5398-600x246.jpg",600,246,true],"woocommerce_gallery_thumbnail":["https:\/\/www.nenuphar.com\/wp-content\/uploads\/2026\/01\/5398-100x100.jpg",100,100,true]},"uagb_author_info":{"display_name":"Karine","author_link":"https:\/\/www.nenuphar.com\/en\/author\/"},"uagb_comment_info":0,"uagb_excerpt":"Taud de Ludic (chantier Phil\u00e9as puis Hobie) en polyester enduit PU. Taud l\u00e9ger, facile \u00e0 mettre en place. Con\u00e7u et fabriqu\u00e9 en France, \u00e0 Nemours \u00a0","_links":{"self":[{"href":"https:\/\/www.nenuphar.com\/en\/wp-json\/wp\/v2\/product\/2758","targetHints":{"allow":["GET"]}}],"collection":[{"href":"https:\/\/www.nenuphar.com\/en\/wp-json\/wp\/v2\/product"}],"about":[{"href":"https:\/\/www.nenuphar.com\/en\/wp-json\/wp\/v2\/types\/product"}],"wp:featuredmedia":[{"embeddable":true,"href":"https:\/\/www.nenuphar.com\/en\/wp-json\/wp\/v2\/media\/2786"}],"wp:attachment":[{"href":"https:\/\/www.nenuphar.com\/en\/wp-json\/wp\/v2\/media?parent=2758"}],"wp:term":[{"taxonomy":"product_brand","embeddable":true,"href":"https:\/\/www.nenuphar.com\/en\/wp-json\/wp\/v2\/product_brand?post=2758"},{"taxonomy":"product_cat","embeddable":true,"href":"https:\/\/www.nenuphar.com\/en\/wp-json\/wp\/v2\/product_cat?post=2758"},{"taxonomy":"product_tag","embeddable":true,"href":"https:\/\/www.nenuphar.com\/en\/wp-json\/wp\/v2\/product_tag?post=2758"}],"curies":[{"name":"wp","href":"https:\/\/api.w.org\/{rel}","templated":true}]}}