{"id":2765,"date":"2026-01-05T20:37:04","date_gmt":"2026-01-05T20:37:04","guid":{"rendered":"https:\/\/nen.kmkoncept.fr\/?post_type=product&#038;p=2765"},"modified":"2026-04-28T07:30:29","modified_gmt":"2026-04-28T07:30:29","slug":"taud-dessus-coton-polyester-315grs-ma%c2%b2-phileas","status":"publish","type":"product","link":"https:\/\/www.nenuphar.com\/en\/shop\/stockage\/tauds\/taud-dessus-deriveurs\/taud-dessus-coton-polyester-315grs-ma%c2%b2-phileas\/","title":{"rendered":"\u2013 PHILEAS TOP COVER"},"content":{"rendered":"<p>Top cover for Phil\u00e9as dinghy, made of a treated cotton-polyester blend fabric, waterproof and rot-resistant.<\/p>\n<p>Beautiful appearance, very durable over time.<\/p>\n<p>Tissu respirant<\/p>\n<p>Manufactured in our workshop in Nemours<\/p>","protected":false},"excerpt":{"rendered":"<p>Taud de dessus pour d\u00e9riveur Phil\u00e9as, r\u00e9alis\u00e9 en tissu m\u00e9lange de coton et de polyester trait\u00e9 imperm\u00e9able et imputrescible Tr\u00e8s bel aspect, tr\u00e8s bonne dur\u00e9e dans le temps Tissu respirant Fabriqu\u00e9 dans notre atelier \u00e0 Nemours<\/p>","protected":false},"featured_media":2794,"template":"","meta":{"_acf_changed":false,"_uag_custom_page_level_css":""},"product_brand":[430],"product_cat":[131,37],"product_tag":[],"class_list":{"0":"post-2765","1":"product","2":"type-product","3":"status-publish","4":"has-post-thumbnail","6":"product_brand-nenuphar","7":"product_cat-taud-dessus-deriveurs","8":"product_cat-tauds","10":"first","11":"onbackorder","12":"taxable","13":"shipping-taxable","14":"purchasable","15":"product-type-simple"},"acf":[],"aioseo_notices":[],"uagb_featured_image_src":{"full":["https:\/\/www.nenuphar.com\/wp-content\/uploads\/2026\/01\/5407.png",1153,556,false],"thumbnail":["https:\/\/www.nenuphar.com\/wp-content\/uploads\/2026\/01\/5407-150x150.png",150,150,true],"medium":["https:\/\/www.nenuphar.com\/wp-content\/uploads\/2026\/01\/5407-300x145.png",300,145,true],"medium_large":["https:\/\/www.nenuphar.com\/wp-content\/uploads\/2026\/01\/5407-768x370.png",768,370,true],"large":["https:\/\/www.nenuphar.com\/wp-content\/uploads\/2026\/01\/5407-1024x494.png",1024,494,true],"1536x1536":["https:\/\/www.nenuphar.com\/wp-content\/uploads\/2026\/01\/5407.png",1153,556,false],"2048x2048":["https:\/\/www.nenuphar.com\/wp-content\/uploads\/2026\/01\/5407.png",1153,556,false],"trp-custom-language-flag":["https:\/\/www.nenuphar.com\/wp-content\/uploads\/2026\/01\/5407.png",18,9,false],"woocommerce_thumbnail":["https:\/\/www.nenuphar.com\/wp-content\/uploads\/2026\/01\/5407-300x300.png",300,300,true],"woocommerce_single":["https:\/\/www.nenuphar.com\/wp-content\/uploads\/2026\/01\/5407-600x289.png",600,289,true],"woocommerce_gallery_thumbnail":["https:\/\/www.nenuphar.com\/wp-content\/uploads\/2026\/01\/5407-100x100.png",100,100,true]},"uagb_author_info":{"display_name":"Karine","author_link":"https:\/\/www.nenuphar.com\/en\/author\/"},"uagb_comment_info":0,"uagb_excerpt":"Taud de dessus pour d\u00e9riveur Phil\u00e9as, r\u00e9alis\u00e9 en tissu m\u00e9lange de coton et de polyester trait\u00e9 imperm\u00e9able et imputrescible Tr\u00e8s bel aspect, tr\u00e8s bonne dur\u00e9e dans le temps Tissu respirant Fabriqu\u00e9 dans notre atelier \u00e0 Nemours","_links":{"self":[{"href":"https:\/\/www.nenuphar.com\/en\/wp-json\/wp\/v2\/product\/2765","targetHints":{"allow":["GET"]}}],"collection":[{"href":"https:\/\/www.nenuphar.com\/en\/wp-json\/wp\/v2\/product"}],"about":[{"href":"https:\/\/www.nenuphar.com\/en\/wp-json\/wp\/v2\/types\/product"}],"wp:featuredmedia":[{"embeddable":true,"href":"https:\/\/www.nenuphar.com\/en\/wp-json\/wp\/v2\/media\/2794"}],"wp:attachment":[{"href":"https:\/\/www.nenuphar.com\/en\/wp-json\/wp\/v2\/media?parent=2765"}],"wp:term":[{"taxonomy":"product_brand","embeddable":true,"href":"https:\/\/www.nenuphar.com\/en\/wp-json\/wp\/v2\/product_brand?post=2765"},{"taxonomy":"product_cat","embeddable":true,"href":"https:\/\/www.nenuphar.com\/en\/wp-json\/wp\/v2\/product_cat?post=2765"},{"taxonomy":"product_tag","embeddable":true,"href":"https:\/\/www.nenuphar.com\/en\/wp-json\/wp\/v2\/product_tag?post=2765"}],"curies":[{"name":"wp","href":"https:\/\/api.w.org\/{rel}","templated":true}]}}