{"id":2807,"date":"2026-01-05T20:44:57","date_gmt":"2026-01-05T20:44:57","guid":{"rendered":"https:\/\/nen.kmkoncept.fr\/?post_type=product&#038;p=2807"},"modified":"2026-04-28T07:27:22","modified_gmt":"2026-04-28T07:27:22","slug":"taud-vaurien-dessous-coton-polyester-315grs-ma%c2%b2","status":"publish","type":"product","link":"https:\/\/www.nenuphar.com\/en\/shop\/stockage\/tauds\/taud-dessous-deriveurs\/taud-vaurien-dessous-coton-polyester-315grs-ma%c2%b2\/","title":{"rendered":"\u2013 Vaurien Bottom Cover"},"content":{"rendered":"<p>Made in France. Sunbrella solution-dyed acrylic fabric. Elegance finish, secured with straps and click-clack buckles. Fully covers the hull and part of the flotation compartments.<\/p>","protected":false},"excerpt":{"rendered":"<p>Made in France. Sunbrella solution-dyed acrylic fabric. Elegance finish, secured with straps and click-clack buckles. Fully covers the hull and part of the flotation compartments.<\/p>","protected":false},"featured_media":0,"template":"","meta":{"_acf_changed":false,"_uag_custom_page_level_css":""},"product_brand":[430],"product_cat":[406,218],"product_tag":[425],"class_list":{"0":"post-2807","1":"product","2":"type-product","3":"status-publish","5":"product_brand-nenuphar","6":"product_cat-taud-dessous-deriveurs","7":"product_cat-vaurien","8":"product_tag-vaurien","10":"first","11":"onbackorder","12":"taxable","13":"shipping-taxable","14":"purchasable","15":"product-type-simple"},"acf":[],"aioseo_notices":[],"uagb_featured_image_src":{"full":false,"thumbnail":false,"medium":false,"medium_large":false,"large":false,"1536x1536":false,"2048x2048":false,"trp-custom-language-flag":false,"woocommerce_thumbnail":false,"woocommerce_single":false,"woocommerce_gallery_thumbnail":false},"uagb_author_info":{"display_name":"Karine","author_link":"https:\/\/www.nenuphar.com\/en\/author\/"},"uagb_comment_info":0,"uagb_excerpt":"Fabriqu\u00e9 en France.Tissu Acrylique Sunbrella teint\u00e9 masse. Finition Elegance, fixation par sangles et boucles clic clac. Recouvre enti\u00e8rement la coque et une partie des caissons.","_links":{"self":[{"href":"https:\/\/www.nenuphar.com\/en\/wp-json\/wp\/v2\/product\/2807","targetHints":{"allow":["GET"]}}],"collection":[{"href":"https:\/\/www.nenuphar.com\/en\/wp-json\/wp\/v2\/product"}],"about":[{"href":"https:\/\/www.nenuphar.com\/en\/wp-json\/wp\/v2\/types\/product"}],"wp:attachment":[{"href":"https:\/\/www.nenuphar.com\/en\/wp-json\/wp\/v2\/media?parent=2807"}],"wp:term":[{"taxonomy":"product_brand","embeddable":true,"href":"https:\/\/www.nenuphar.com\/en\/wp-json\/wp\/v2\/product_brand?post=2807"},{"taxonomy":"product_cat","embeddable":true,"href":"https:\/\/www.nenuphar.com\/en\/wp-json\/wp\/v2\/product_cat?post=2807"},{"taxonomy":"product_tag","embeddable":true,"href":"https:\/\/www.nenuphar.com\/en\/wp-json\/wp\/v2\/product_tag?post=2807"}],"curies":[{"name":"wp","href":"https:\/\/api.w.org\/{rel}","templated":true}]}}