{"id":2825,"date":"2026-01-05T20:44:58","date_gmt":"2026-01-05T20:44:58","guid":{"rendered":"https:\/\/nen.kmkoncept.fr\/?post_type=product&#038;p=2825"},"modified":"2026-04-28T07:27:27","modified_gmt":"2026-04-28T07:27:27","slug":"taud-europe-dessous-dyed-polyester","status":"publish","type":"product","link":"https:\/\/www.nenuphar.com\/en\/shop\/series\/deriveurs\/europe\/taud-europe-dessous-dyed-polyester\/","title":{"rendered":"Europe Bottom Cover \u2013 Dyed Polyester with PU Coating"},"content":{"rendered":"<p>Made in France.<\/p>\n<p>Taud Europe dessous polyester ripstop. Recouvre toute la coque et remonte sur les caissons. Il est muni d&rsquo;un sandow dans le pourtour, ainsi que de pattes en sangle dans lesquelles vous passerez un bout ou un sandow (non fourni) pour bien le plaquer au bateau.<\/p>","protected":false},"excerpt":{"rendered":"<p><span>PU-coated ripstop polyester<\/span><span>\u00a0Polyurethane (PU) is a synthetic material woven from warp and weft threads to reinforce the fabric structure. It helps prevent tears from spreading if snagged. The coating ensures the fabric is waterproof. Weight: 270 g\/m\u00b2. This fabric is made in Asia.<\/span><\/p>","protected":false},"featured_media":2834,"template":"","meta":{"_acf_changed":false,"_uag_custom_page_level_css":""},"product_brand":[430],"product_cat":[200,406],"product_tag":[483],"class_list":{"0":"post-2825","1":"product","2":"type-product","3":"status-publish","4":"has-post-thumbnail","6":"product_brand-nenuphar","7":"product_cat-europe","8":"product_cat-taud-dessous-deriveurs","9":"product_tag-europe","11":"first","12":"onbackorder","13":"taxable","14":"shipping-taxable","15":"purchasable","16":"product-type-simple"},"acf":[],"aioseo_notices":[],"uagb_featured_image_src":{"full":["https:\/\/www.nenuphar.com\/wp-content\/uploads\/2026\/01\/731.jpg",135,62,false],"thumbnail":["https:\/\/www.nenuphar.com\/wp-content\/uploads\/2026\/01\/731.jpg",135,62,false],"medium":["https:\/\/www.nenuphar.com\/wp-content\/uploads\/2026\/01\/731.jpg",135,62,false],"medium_large":["https:\/\/www.nenuphar.com\/wp-content\/uploads\/2026\/01\/731.jpg",135,62,false],"large":["https:\/\/www.nenuphar.com\/wp-content\/uploads\/2026\/01\/731.jpg",135,62,false],"1536x1536":["https:\/\/www.nenuphar.com\/wp-content\/uploads\/2026\/01\/731.jpg",135,62,false],"2048x2048":["https:\/\/www.nenuphar.com\/wp-content\/uploads\/2026\/01\/731.jpg",135,62,false],"trp-custom-language-flag":["https:\/\/www.nenuphar.com\/wp-content\/uploads\/2026\/01\/731.jpg",18,8,false],"woocommerce_thumbnail":["https:\/\/www.nenuphar.com\/wp-content\/uploads\/2026\/01\/731.jpg",135,62,false],"woocommerce_single":["https:\/\/www.nenuphar.com\/wp-content\/uploads\/2026\/01\/731.jpg",135,62,false],"woocommerce_gallery_thumbnail":["https:\/\/www.nenuphar.com\/wp-content\/uploads\/2026\/01\/731-100x62.jpg",100,62,true]},"uagb_author_info":{"display_name":"Karine","author_link":"https:\/\/www.nenuphar.com\/en\/author\/"},"uagb_comment_info":0,"uagb_excerpt":"Le polyester \u201cripstop\u201d enduit PU\u00a0(polyur\u00e9thane) est un produit synth\u00e9tique r\u00e9alis\u00e9 en maillage par disposition de fils de chaine et de trame qui permet de renforcer la structure de la toile. Il permet, entre-autres, d\u2019\u00e9viter lors d\u2019un accroc l\u2019extension de la d\u00e9chirure. L\u2019enduction assure au tissu l\u2019imperm\u00e9abilit\u00e9 \u00e0 l\u2019eau. Le grammage est de 270 g\/m\u00b2. Ce&hellip;","_links":{"self":[{"href":"https:\/\/www.nenuphar.com\/en\/wp-json\/wp\/v2\/product\/2825","targetHints":{"allow":["GET"]}}],"collection":[{"href":"https:\/\/www.nenuphar.com\/en\/wp-json\/wp\/v2\/product"}],"about":[{"href":"https:\/\/www.nenuphar.com\/en\/wp-json\/wp\/v2\/types\/product"}],"wp:featuredmedia":[{"embeddable":true,"href":"https:\/\/www.nenuphar.com\/en\/wp-json\/wp\/v2\/media\/2834"}],"wp:attachment":[{"href":"https:\/\/www.nenuphar.com\/en\/wp-json\/wp\/v2\/media?parent=2825"}],"wp:term":[{"taxonomy":"product_brand","embeddable":true,"href":"https:\/\/www.nenuphar.com\/en\/wp-json\/wp\/v2\/product_brand?post=2825"},{"taxonomy":"product_cat","embeddable":true,"href":"https:\/\/www.nenuphar.com\/en\/wp-json\/wp\/v2\/product_cat?post=2825"},{"taxonomy":"product_tag","embeddable":true,"href":"https:\/\/www.nenuphar.com\/en\/wp-json\/wp\/v2\/product_tag?post=2825"}],"curies":[{"name":"wp","href":"https:\/\/api.w.org\/{rel}","templated":true}]}}