{"id":2890,"date":"2026-01-05T20:45:15","date_gmt":"2026-01-05T20:45:15","guid":{"rendered":"https:\/\/nen.kmkoncept.fr\/?post_type=product&#038;p=2890"},"modified":"2026-04-28T07:29:28","modified_gmt":"2026-04-28T07:29:28","slug":"taud-optimist-dessous-matelasse-dyed-polyester-aeration-racing","status":"publish","type":"product","link":"https:\/\/www.nenuphar.com\/en\/shop\/series\/deriveurs\/optimist-deriveurs\/taud-optimist-dessous-matelasse-dyed-polyester-aeration-racing\/","title":{"rendered":"Optimist Bottom Cover \u2013 Quilted Ripstop with Ventilation"},"content":{"rendered":"<p>Quilted bottom cover for Optimist.<\/p>\n<p>NEW DESIGN<\/p>\n<p>This is the 4th generation of our new fully quilted model, featuring its unique ventilation system.<\/p>\n<p>\u2013 2 side vents<\/p>\n<p>\u2013 1 central vent underneath<\/p>\n<p>Made of 600D PU-coated dyed polyester<\/p>\n<p>Straps and drawcord.<\/p>\n<p>Bluish-gray color to be less prone to showing dirt.<\/p>","protected":false},"excerpt":{"rendered":"<p>taud dessous matelass\u00e9 pour Optimist. Nouveau design. Il s&rsquo;agit de la 4\u00e8me g\u00e9n\u00e9ration de notre nouveau mod\u00e8le enti\u00e8rement matelass\u00e9, et toujours son syst\u00e8me d&rsquo;a\u00e9ration unique: &#8211; 2 a\u00e9rations lat\u00e9rales, &#8211; 1 a\u00e9ration centrale dessous. En Dyed Polyester enduit PU 600D Sangles et cordon de serrage. Coloris gris bleut\u00e9 pour \u00eatre moins salissant.<\/p>","protected":false},"featured_media":2904,"template":"","meta":{"_acf_changed":false,"_uag_custom_page_level_css":""},"product_brand":[430],"product_cat":[210,406],"product_tag":[502],"class_list":{"0":"post-2890","1":"product","2":"type-product","3":"status-publish","4":"has-post-thumbnail","6":"product_brand-nenuphar","7":"product_cat-optimist-deriveurs","8":"product_cat-taud-dessous-deriveurs","9":"product_tag-optimist","11":"first","12":"instock","13":"taxable","14":"shipping-taxable","15":"purchasable","16":"product-type-simple"},"acf":[],"aioseo_notices":[],"uagb_featured_image_src":{"full":["https:\/\/www.nenuphar.com\/wp-content\/uploads\/2026\/01\/5365-scaled.jpg",2560,1920,false],"thumbnail":["https:\/\/www.nenuphar.com\/wp-content\/uploads\/2026\/01\/5365-150x150.jpg",150,150,true],"medium":["https:\/\/www.nenuphar.com\/wp-content\/uploads\/2026\/01\/5365-300x225.jpg",300,225,true],"medium_large":["https:\/\/www.nenuphar.com\/wp-content\/uploads\/2026\/01\/5365-768x576.jpg",768,576,true],"large":["https:\/\/www.nenuphar.com\/wp-content\/uploads\/2026\/01\/5365-1024x768.jpg",1024,768,true],"1536x1536":["https:\/\/www.nenuphar.com\/wp-content\/uploads\/2026\/01\/5365-1536x1152.jpg",1536,1152,true],"2048x2048":["https:\/\/www.nenuphar.com\/wp-content\/uploads\/2026\/01\/5365-2048x1536.jpg",2048,1536,true],"trp-custom-language-flag":["https:\/\/www.nenuphar.com\/wp-content\/uploads\/2026\/01\/5365-scaled.jpg",16,12,false],"woocommerce_thumbnail":["https:\/\/www.nenuphar.com\/wp-content\/uploads\/2026\/01\/5365-300x300.jpg",300,300,true],"woocommerce_single":["https:\/\/www.nenuphar.com\/wp-content\/uploads\/2026\/01\/5365-600x450.jpg",600,450,true],"woocommerce_gallery_thumbnail":["https:\/\/www.nenuphar.com\/wp-content\/uploads\/2026\/01\/5365-100x100.jpg",100,100,true]},"uagb_author_info":{"display_name":"Karine","author_link":"https:\/\/www.nenuphar.com\/en\/author\/"},"uagb_comment_info":0,"uagb_excerpt":"taud dessous matelass\u00e9 pour Optimist. Nouveau design. Il s&rsquo;agit de la 4\u00e8me g\u00e9n\u00e9ration de notre nouveau mod\u00e8le enti\u00e8rement matelass\u00e9, et toujours son syst\u00e8me d&rsquo;a\u00e9ration unique: &#8211; 2 a\u00e9rations lat\u00e9rales, &#8211; 1 a\u00e9ration centrale dessous. En Dyed Polyester enduit PU 600D Sangles et cordon de serrage. Coloris gris bleut\u00e9 pour \u00eatre moins salissant.","_links":{"self":[{"href":"https:\/\/www.nenuphar.com\/en\/wp-json\/wp\/v2\/product\/2890","targetHints":{"allow":["GET"]}}],"collection":[{"href":"https:\/\/www.nenuphar.com\/en\/wp-json\/wp\/v2\/product"}],"about":[{"href":"https:\/\/www.nenuphar.com\/en\/wp-json\/wp\/v2\/types\/product"}],"wp:featuredmedia":[{"embeddable":true,"href":"https:\/\/www.nenuphar.com\/en\/wp-json\/wp\/v2\/media\/2904"}],"wp:attachment":[{"href":"https:\/\/www.nenuphar.com\/en\/wp-json\/wp\/v2\/media?parent=2890"}],"wp:term":[{"taxonomy":"product_brand","embeddable":true,"href":"https:\/\/www.nenuphar.com\/en\/wp-json\/wp\/v2\/product_brand?post=2890"},{"taxonomy":"product_cat","embeddable":true,"href":"https:\/\/www.nenuphar.com\/en\/wp-json\/wp\/v2\/product_cat?post=2890"},{"taxonomy":"product_tag","embeddable":true,"href":"https:\/\/www.nenuphar.com\/en\/wp-json\/wp\/v2\/product_tag?post=2890"}],"curies":[{"name":"wp","href":"https:\/\/api.w.org\/{rel}","templated":true}]}}