{"id":2900,"date":"2026-01-05T20:45:16","date_gmt":"2026-01-05T20:45:16","guid":{"rendered":"https:\/\/nen.kmkoncept.fr\/?post_type=product&#038;p=2900"},"modified":"2026-04-28T07:30:06","modified_gmt":"2026-04-28T07:30:06","slug":"taud-benji-380-dessous-polyester-540-enduit-pvc","status":"publish","type":"product","link":"https:\/\/www.nenuphar.com\/en\/shop\/stockage\/tauds\/taud-dessous-deriveurs\/taud-benji-380-dessous-polyester-540-enduit-pvc\/","title":{"rendered":"BENJI 380 BOTTOM COVER \u2013 540G PVC-COATED POLYESTER"},"content":{"rendered":"<p>Hull protection cover for Benji 380 dinghy<\/p>\n<p>Made in our workshops, only on order<\/p>\n<p>Thick tarpaulin polyester fabric, PVC-coated,<\/p>\n<p>Tension elastic, webbing loops for securing it (cord not included)<\/p>","protected":false},"excerpt":{"rendered":"<p>Taud de protection de coque pour d\u00e9riveur Benji 380 fabriqu\u00e9 dans nos atelier \u00e0 la commande uniquement tissu b\u00e2che polyester \u00e9pais enduit PVC, sandow de tension, pattes en sangles pour le fixer (cordage non fourni)<\/p>","protected":false},"featured_media":0,"template":"","meta":{"_acf_changed":false,"_uag_custom_page_level_css":""},"product_brand":[430],"product_cat":[406],"product_tag":[],"class_list":{"0":"post-2900","1":"product","2":"type-product","3":"status-publish","5":"product_brand-nenuphar","6":"product_cat-taud-dessous-deriveurs","8":"first","9":"onbackorder","10":"taxable","11":"shipping-taxable","12":"purchasable","13":"product-type-simple"},"acf":[],"aioseo_notices":[],"uagb_featured_image_src":{"full":false,"thumbnail":false,"medium":false,"medium_large":false,"large":false,"1536x1536":false,"2048x2048":false,"trp-custom-language-flag":false,"woocommerce_thumbnail":false,"woocommerce_single":false,"woocommerce_gallery_thumbnail":false},"uagb_author_info":{"display_name":"Karine","author_link":"https:\/\/www.nenuphar.com\/en\/author\/"},"uagb_comment_info":0,"uagb_excerpt":"Taud de protection de coque pour d\u00e9riveur Benji 380 fabriqu\u00e9 dans nos atelier \u00e0 la commande uniquement tissu b\u00e2che polyester \u00e9pais enduit PVC, sandow de tension, pattes en sangles pour le fixer (cordage non fourni)","_links":{"self":[{"href":"https:\/\/www.nenuphar.com\/en\/wp-json\/wp\/v2\/product\/2900","targetHints":{"allow":["GET"]}}],"collection":[{"href":"https:\/\/www.nenuphar.com\/en\/wp-json\/wp\/v2\/product"}],"about":[{"href":"https:\/\/www.nenuphar.com\/en\/wp-json\/wp\/v2\/types\/product"}],"wp:attachment":[{"href":"https:\/\/www.nenuphar.com\/en\/wp-json\/wp\/v2\/media?parent=2900"}],"wp:term":[{"taxonomy":"product_brand","embeddable":true,"href":"https:\/\/www.nenuphar.com\/en\/wp-json\/wp\/v2\/product_brand?post=2900"},{"taxonomy":"product_cat","embeddable":true,"href":"https:\/\/www.nenuphar.com\/en\/wp-json\/wp\/v2\/product_cat?post=2900"},{"taxonomy":"product_tag","embeddable":true,"href":"https:\/\/www.nenuphar.com\/en\/wp-json\/wp\/v2\/product_tag?post=2900"}],"curies":[{"name":"wp","href":"https:\/\/api.w.org\/{rel}","templated":true}]}}