{"id":2920,"date":"2026-01-05T20:52:50","date_gmt":"2026-01-05T20:52:50","guid":{"rendered":"https:\/\/nen.kmkoncept.fr\/?post_type=product&#038;p=2920"},"modified":"2026-04-28T07:27:25","modified_gmt":"2026-04-28T07:27:25","slug":"taud-corsaire-parking-dessus-coton-polyester-315grs-ma%c2%b2","status":"publish","type":"product","link":"https:\/\/www.nenuphar.com\/en\/shop\/series\/deriveurs\/corsaire\/taud-corsaire-parking-dessus-coton-polyester-315grs-ma%c2%b2\/","title":{"rendered":"&#8211; TAUD CORSAIRE PARKING DESSUS"},"content":{"rendered":"","protected":false},"excerpt":{"rendered":"<p><span style=\"text-decoration:underline;\">Marine acrylic<\/span>100% solution-dyed acrylic, offering exceptional color fastness. This fabric is not coated and retains a textile feel on both sides. It is breathable and quick-drying. Water resistance and rot-proof properties are ensured by a special marine treatment. Weight: 315 g\/m\u00b2. This fabric is made in France.<\/p>\n<p>les +:<\/p>\n<p>Valued for their breathability\u2014reducing condensation under the cover\u2014their durability, aesthetics, and ease of use. The ideal fabric for boats with wooden decks.<\/p>","protected":false},"featured_media":0,"template":"","meta":{"_acf_changed":false,"_uag_custom_page_level_css":""},"product_brand":[430],"product_cat":[198,15,145],"product_tag":[482],"class_list":{"0":"post-2920","1":"product","2":"type-product","3":"status-publish","5":"product_brand-nenuphar","6":"product_cat-corsaire","7":"product_cat-non-classe","8":"product_cat-tauds-dessus-petits-croiseurs","9":"product_tag-corsaire","11":"first","12":"onbackorder","13":"taxable","14":"shipping-taxable","15":"purchasable","16":"product-type-simple"},"acf":[],"aioseo_notices":[],"uagb_featured_image_src":{"full":false,"thumbnail":false,"medium":false,"medium_large":false,"large":false,"1536x1536":false,"2048x2048":false,"trp-custom-language-flag":false,"woocommerce_thumbnail":false,"woocommerce_single":false,"woocommerce_gallery_thumbnail":false},"uagb_author_info":{"display_name":"Karine","author_link":"https:\/\/www.nenuphar.com\/en\/author\/"},"uagb_comment_info":0,"uagb_excerpt":"L\u2019acrylique marin: 100% acrylique, teint\u00e9 dans la masse, ce qui donne une r\u00e9sistance des coloris imbattable. Cette toile n\u2019est pas enduite et garde un aspect tissu sur ses 2 faces. Elle est respirante et s\u00e8che vite. L\u2019imperm\u00e9abilit\u00e9 \u00e0 l\u2019eau et l\u2019imputrescibilit\u00e9 sont assur\u00e9es par un traitement sp\u00e9cial marine. Le grammage est de 315 g\/m\u00b2. Ce&hellip;","_links":{"self":[{"href":"https:\/\/www.nenuphar.com\/en\/wp-json\/wp\/v2\/product\/2920","targetHints":{"allow":["GET"]}}],"collection":[{"href":"https:\/\/www.nenuphar.com\/en\/wp-json\/wp\/v2\/product"}],"about":[{"href":"https:\/\/www.nenuphar.com\/en\/wp-json\/wp\/v2\/types\/product"}],"wp:attachment":[{"href":"https:\/\/www.nenuphar.com\/en\/wp-json\/wp\/v2\/media?parent=2920"}],"wp:term":[{"taxonomy":"product_brand","embeddable":true,"href":"https:\/\/www.nenuphar.com\/en\/wp-json\/wp\/v2\/product_brand?post=2920"},{"taxonomy":"product_cat","embeddable":true,"href":"https:\/\/www.nenuphar.com\/en\/wp-json\/wp\/v2\/product_cat?post=2920"},{"taxonomy":"product_tag","embeddable":true,"href":"https:\/\/www.nenuphar.com\/en\/wp-json\/wp\/v2\/product_tag?post=2920"}],"curies":[{"name":"wp","href":"https:\/\/api.w.org\/{rel}","templated":true}]}}