{"id":2924,"date":"2026-01-05T20:52:50","date_gmt":"2026-01-05T20:52:50","guid":{"rendered":"https:\/\/nen.kmkoncept.fr\/?post_type=product&#038;p=2924"},"modified":"2026-04-28T07:27:33","modified_gmt":"2026-04-28T07:27:33","slug":"taud-corsaire-bois-dessus-dyed-polyester","status":"publish","type":"product","link":"https:\/\/www.nenuphar.com\/en\/shop\/series\/deriveurs\/corsaire\/taud-corsaire-bois-dessus-dyed-polyester\/","title":{"rendered":"Corsaire Wooden Top Cover \u2013 PU-Coated Dyed Polyester"},"content":{"rendered":"<p>Made in France. Corsaire Wooden Top Cover in ripstop polyester. Covers the entire top of the boat. Equipped with strips extending 20 cm below the chine. An elastic cord in the hem ensures a snug fit. Fitted with webbing loops around the perimeter, through which an elastic cord (<\/p>\n<p>When you place your order, we will provide a template to confirm the position of your toerails, motor bracket, forestay, etc., which vary from boat to boat.<\/p>","protected":false},"excerpt":{"rendered":"<p><span>PU-coated ripstop polyester<\/span><span>\u00a0Polyurethane (PU) is a synthetic material woven from warp and weft threads to reinforce the fabric structure. It helps prevent tears from spreading if snagged. The coating ensures the fabric is waterproof. Weight: 270 g\/m\u00b2. This fabric is made in Asia.<\/span><\/p>","protected":false},"featured_media":2945,"template":"","meta":{"_acf_changed":false,"_uag_custom_page_level_css":""},"product_brand":[430],"product_cat":[198,15,145],"product_tag":[482],"class_list":{"0":"post-2924","1":"product","2":"type-product","3":"status-publish","4":"has-post-thumbnail","6":"product_brand-nenuphar","7":"product_cat-corsaire","8":"product_cat-non-classe","9":"product_cat-tauds-dessus-petits-croiseurs","10":"product_tag-corsaire","12":"first","13":"instock","14":"taxable","15":"shipping-taxable","16":"purchasable","17":"product-type-simple"},"acf":[],"aioseo_notices":[],"uagb_featured_image_src":{"full":["https:\/\/www.nenuphar.com\/wp-content\/uploads\/2026\/01\/3721.jpg",1187,547,false],"thumbnail":["https:\/\/www.nenuphar.com\/wp-content\/uploads\/2026\/01\/3721-150x150.jpg",150,150,true],"medium":["https:\/\/www.nenuphar.com\/wp-content\/uploads\/2026\/01\/3721-300x138.jpg",300,138,true],"medium_large":["https:\/\/www.nenuphar.com\/wp-content\/uploads\/2026\/01\/3721-768x354.jpg",768,354,true],"large":["https:\/\/www.nenuphar.com\/wp-content\/uploads\/2026\/01\/3721-1024x472.jpg",1024,472,true],"1536x1536":["https:\/\/www.nenuphar.com\/wp-content\/uploads\/2026\/01\/3721.jpg",1187,547,false],"2048x2048":["https:\/\/www.nenuphar.com\/wp-content\/uploads\/2026\/01\/3721.jpg",1187,547,false],"trp-custom-language-flag":["https:\/\/www.nenuphar.com\/wp-content\/uploads\/2026\/01\/3721.jpg",18,8,false],"woocommerce_thumbnail":["https:\/\/www.nenuphar.com\/wp-content\/uploads\/2026\/01\/3721-300x300.jpg",300,300,true],"woocommerce_single":["https:\/\/www.nenuphar.com\/wp-content\/uploads\/2026\/01\/3721-600x276.jpg",600,276,true],"woocommerce_gallery_thumbnail":["https:\/\/www.nenuphar.com\/wp-content\/uploads\/2026\/01\/3721-100x100.jpg",100,100,true]},"uagb_author_info":{"display_name":"Karine","author_link":"https:\/\/www.nenuphar.com\/en\/author\/"},"uagb_comment_info":0,"uagb_excerpt":"Le polyester \u201cripstop\u201d enduit PU\u00a0(polyur\u00e9thane) est un produit synth\u00e9tique r\u00e9alis\u00e9 en maillage par disposition de fils de chaine et de trame qui permet de renforcer la structure de la toile. Il permet, entre-autres, d\u2019\u00e9viter lors d\u2019un accroc l\u2019extension de la d\u00e9chirure. L\u2019enduction assure au tissu l\u2019imperm\u00e9abilit\u00e9 \u00e0 l\u2019eau. Le grammage est de 270 g\/m\u00b2. Ce&hellip;","_links":{"self":[{"href":"https:\/\/www.nenuphar.com\/en\/wp-json\/wp\/v2\/product\/2924","targetHints":{"allow":["GET"]}}],"collection":[{"href":"https:\/\/www.nenuphar.com\/en\/wp-json\/wp\/v2\/product"}],"about":[{"href":"https:\/\/www.nenuphar.com\/en\/wp-json\/wp\/v2\/types\/product"}],"wp:featuredmedia":[{"embeddable":true,"href":"https:\/\/www.nenuphar.com\/en\/wp-json\/wp\/v2\/media\/2945"}],"wp:attachment":[{"href":"https:\/\/www.nenuphar.com\/en\/wp-json\/wp\/v2\/media?parent=2924"}],"wp:term":[{"taxonomy":"product_brand","embeddable":true,"href":"https:\/\/www.nenuphar.com\/en\/wp-json\/wp\/v2\/product_brand?post=2924"},{"taxonomy":"product_cat","embeddable":true,"href":"https:\/\/www.nenuphar.com\/en\/wp-json\/wp\/v2\/product_cat?post=2924"},{"taxonomy":"product_tag","embeddable":true,"href":"https:\/\/www.nenuphar.com\/en\/wp-json\/wp\/v2\/product_tag?post=2924"}],"curies":[{"name":"wp","href":"https:\/\/api.w.org\/{rel}","templated":true}]}}