{"id":2926,"date":"2026-01-05T20:52:50","date_gmt":"2026-01-05T20:52:50","guid":{"rendered":"https:\/\/nen.kmkoncept.fr\/?post_type=product&#038;p=2926"},"modified":"2026-04-28T07:27:34","modified_gmt":"2026-04-28T07:27:34","slug":"taud-neptune-5-50-dessus-dyed-polyester","status":"publish","type":"product","link":"https:\/\/www.nenuphar.com\/en\/shop\/stockage\/tauds\/tauds-dessus-petits-croiseurs\/taud-neptune-5-50-dessus-dyed-polyester\/","title":{"rendered":"NEPTUNE 5.50 TOP COVER \u2013 DYED POLYESTER WITH PU COATING"},"content":{"rendered":"<p>Made in France.<\/p>\n<p>Neptune 5.50 top cover with integrated daggerboard sock, made of ripstop. Covers the entire top of the boat. It features skirts extending 20\u202fcm below the gunwale. An elastic cord in the perimeter hem ensures a secure fit. Equipped with webbing loops around the perimeter, through which you can thread an elastic cord (not included) to firmly secure the cover. It can be used during transport or with the mast stepped.<\/p>","protected":false},"excerpt":{"rendered":"<p>Fabriqu\u00e9 en France. Taud Neptune 5,50 dessus, avec chaussette de d\u00e9rive int\u00e9gr\u00e9, en ripstop. Recouvre tout le dessus du bateau. Il est muni de bandes descendant 20 cm sous le liston. Un sandow dans l&rsquo;ourlet de pourtour permet un placage efficace. Muni de pattes en sangle sur le pourtour dans lesquelles vous passerez un sandow [&hellip;]<\/p>\n","protected":false},"featured_media":2947,"template":"","meta":{"_acf_changed":false,"_uag_custom_page_level_css":""},"product_brand":[430],"product_cat":[15,145],"product_tag":[],"class_list":{"0":"post-2926","1":"product","2":"type-product","3":"status-publish","4":"has-post-thumbnail","6":"product_brand-nenuphar","7":"product_cat-non-classe","8":"product_cat-tauds-dessus-petits-croiseurs","10":"first","11":"onbackorder","12":"taxable","13":"shipping-taxable","14":"purchasable","15":"product-type-simple"},"acf":[],"aioseo_notices":[],"uagb_featured_image_src":{"full":["https:\/\/www.nenuphar.com\/wp-content\/uploads\/2026\/01\/3726.jpg",1198,628,false],"thumbnail":["https:\/\/www.nenuphar.com\/wp-content\/uploads\/2026\/01\/3726-150x150.jpg",150,150,true],"medium":["https:\/\/www.nenuphar.com\/wp-content\/uploads\/2026\/01\/3726-300x157.jpg",300,157,true],"medium_large":["https:\/\/www.nenuphar.com\/wp-content\/uploads\/2026\/01\/3726-768x403.jpg",768,403,true],"large":["https:\/\/www.nenuphar.com\/wp-content\/uploads\/2026\/01\/3726-1024x537.jpg",1024,537,true],"1536x1536":["https:\/\/www.nenuphar.com\/wp-content\/uploads\/2026\/01\/3726.jpg",1198,628,false],"2048x2048":["https:\/\/www.nenuphar.com\/wp-content\/uploads\/2026\/01\/3726.jpg",1198,628,false],"trp-custom-language-flag":["https:\/\/www.nenuphar.com\/wp-content\/uploads\/2026\/01\/3726.jpg",18,9,false],"woocommerce_thumbnail":["https:\/\/www.nenuphar.com\/wp-content\/uploads\/2026\/01\/3726-300x300.jpg",300,300,true],"woocommerce_single":["https:\/\/www.nenuphar.com\/wp-content\/uploads\/2026\/01\/3726-600x315.jpg",600,315,true],"woocommerce_gallery_thumbnail":["https:\/\/www.nenuphar.com\/wp-content\/uploads\/2026\/01\/3726-100x100.jpg",100,100,true]},"uagb_author_info":{"display_name":"Karine","author_link":"https:\/\/www.nenuphar.com\/en\/author\/"},"uagb_comment_info":0,"uagb_excerpt":"Fabriqu\u00e9 en France. Taud Neptune 5,50 dessus, avec chaussette de d\u00e9rive int\u00e9gr\u00e9, en ripstop. Recouvre tout le dessus du bateau. Il est muni de bandes descendant 20 cm sous le liston. Un sandow dans l&rsquo;ourlet de pourtour permet un placage efficace. Muni de pattes en sangle sur le pourtour dans lesquelles vous passerez un sandow&hellip;","_links":{"self":[{"href":"https:\/\/www.nenuphar.com\/en\/wp-json\/wp\/v2\/product\/2926","targetHints":{"allow":["GET"]}}],"collection":[{"href":"https:\/\/www.nenuphar.com\/en\/wp-json\/wp\/v2\/product"}],"about":[{"href":"https:\/\/www.nenuphar.com\/en\/wp-json\/wp\/v2\/types\/product"}],"wp:featuredmedia":[{"embeddable":true,"href":"https:\/\/www.nenuphar.com\/en\/wp-json\/wp\/v2\/media\/2947"}],"wp:attachment":[{"href":"https:\/\/www.nenuphar.com\/en\/wp-json\/wp\/v2\/media?parent=2926"}],"wp:term":[{"taxonomy":"product_brand","embeddable":true,"href":"https:\/\/www.nenuphar.com\/en\/wp-json\/wp\/v2\/product_brand?post=2926"},{"taxonomy":"product_cat","embeddable":true,"href":"https:\/\/www.nenuphar.com\/en\/wp-json\/wp\/v2\/product_cat?post=2926"},{"taxonomy":"product_tag","embeddable":true,"href":"https:\/\/www.nenuphar.com\/en\/wp-json\/wp\/v2\/product_tag?post=2926"}],"curies":[{"name":"wp","href":"https:\/\/api.w.org\/{rel}","templated":true}]}}