{"id":2931,"date":"2026-01-05T20:52:50","date_gmt":"2026-01-05T20:52:50","guid":{"rendered":"https:\/\/nen.kmkoncept.fr\/?post_type=product&#038;p=2931"},"modified":"2026-04-28T07:27:49","modified_gmt":"2026-04-28T07:27:49","slug":"taud-open-5-0-dessus-polyester-enduit-pvc-520-grs-ma%c2%b2","status":"publish","type":"product","link":"https:\/\/www.nenuphar.com\/en\/shop\/series\/deriveurs\/open-5-0\/taud-open-5-0-dessus-polyester-enduit-pvc-520-grs-ma%c2%b2\/","title":{"rendered":"TAUD OPEN 5.0 DESSUS &#8211; ENDUIT PVC 520"},"content":{"rendered":"<p>Top cover for Open 5.00.<\/p>\n<p>En PVC<\/p>\n<p>Allows use while parked, rigged, or during road transport.<\/p>\n<p>Made in France.<\/p>\n<\/p>\n<p>Very durable and easy to clean.<\/p>","protected":false},"excerpt":{"rendered":"<p><strong><\/strong> <span style=\"text-decoration:underline;\">PVC-coated polyester<\/span> PVC-coated tarp-style fabric, based on 550\/1100 dtex polyester, coated with PVC on the outer side to ensure perfect waterproofing and easy cleaning with a sponge. The weight is 520 g\/m\u00b2. This fabric is made in Europe.<\/p>","protected":false},"featured_media":2955,"template":"","meta":{"_acf_changed":false,"_uag_custom_page_level_css":""},"product_brand":[430],"product_cat":[15,208,145],"product_tag":[499,500,501],"class_list":{"0":"post-2931","1":"product","2":"type-product","3":"status-publish","4":"has-post-thumbnail","6":"product_brand-nenuphar","7":"product_cat-non-classe","8":"product_cat-open-5-0","9":"product_cat-tauds-dessus-petits-croiseurs","10":"product_tag-open","11":"product_tag-open-5","12":"product_tag-open-5-0","14":"first","15":"onbackorder","16":"taxable","17":"shipping-taxable","18":"purchasable","19":"product-type-simple"},"acf":[],"aioseo_notices":[],"uagb_featured_image_src":{"full":["https:\/\/www.nenuphar.com\/wp-content\/uploads\/2026\/01\/3991-scaled.jpg",2560,1440,false],"thumbnail":["https:\/\/www.nenuphar.com\/wp-content\/uploads\/2026\/01\/3991-150x150.jpg",150,150,true],"medium":["https:\/\/www.nenuphar.com\/wp-content\/uploads\/2026\/01\/3991-300x169.jpg",300,169,true],"medium_large":["https:\/\/www.nenuphar.com\/wp-content\/uploads\/2026\/01\/3991-768x432.jpg",768,432,true],"large":["https:\/\/www.nenuphar.com\/wp-content\/uploads\/2026\/01\/3991-1024x576.jpg",1024,576,true],"1536x1536":["https:\/\/www.nenuphar.com\/wp-content\/uploads\/2026\/01\/3991-1536x864.jpg",1536,864,true],"2048x2048":["https:\/\/www.nenuphar.com\/wp-content\/uploads\/2026\/01\/3991-2048x1152.jpg",2048,1152,true],"trp-custom-language-flag":["https:\/\/www.nenuphar.com\/wp-content\/uploads\/2026\/01\/3991-scaled.jpg",18,10,false],"woocommerce_thumbnail":["https:\/\/www.nenuphar.com\/wp-content\/uploads\/2026\/01\/3991-300x300.jpg",300,300,true],"woocommerce_single":["https:\/\/www.nenuphar.com\/wp-content\/uploads\/2026\/01\/3991-600x338.jpg",600,338,true],"woocommerce_gallery_thumbnail":["https:\/\/www.nenuphar.com\/wp-content\/uploads\/2026\/01\/3991-100x100.jpg",100,100,true]},"uagb_author_info":{"display_name":"Karine","author_link":"https:\/\/www.nenuphar.com\/en\/author\/"},"uagb_comment_info":0,"uagb_excerpt":"Le polyester enduit PVC : tissu de type \u00ab\u00a0b\u00e2che\u00a0\u00bb, sur base d\u2019un polyester 550dtex\/1100dtex enduit PVC sur la face ext\u00e9rieure assurant une \u00e9tanch\u00e9it\u00e9 parfaite et une grande facilit\u00e9 de nettoyage \u00e0 l\u2019\u00e9ponge. Le grammage est de 520 g\/m\u00b2. Ce tissu est fabriqu\u00e9 en Europe.","_links":{"self":[{"href":"https:\/\/www.nenuphar.com\/en\/wp-json\/wp\/v2\/product\/2931","targetHints":{"allow":["GET"]}}],"collection":[{"href":"https:\/\/www.nenuphar.com\/en\/wp-json\/wp\/v2\/product"}],"about":[{"href":"https:\/\/www.nenuphar.com\/en\/wp-json\/wp\/v2\/types\/product"}],"wp:featuredmedia":[{"embeddable":true,"href":"https:\/\/www.nenuphar.com\/en\/wp-json\/wp\/v2\/media\/2955"}],"wp:attachment":[{"href":"https:\/\/www.nenuphar.com\/en\/wp-json\/wp\/v2\/media?parent=2931"}],"wp:term":[{"taxonomy":"product_brand","embeddable":true,"href":"https:\/\/www.nenuphar.com\/en\/wp-json\/wp\/v2\/product_brand?post=2931"},{"taxonomy":"product_cat","embeddable":true,"href":"https:\/\/www.nenuphar.com\/en\/wp-json\/wp\/v2\/product_cat?post=2931"},{"taxonomy":"product_tag","embeddable":true,"href":"https:\/\/www.nenuphar.com\/en\/wp-json\/wp\/v2\/product_tag?post=2931"}],"curies":[{"name":"wp","href":"https:\/\/api.w.org\/{rel}","templated":true}]}}