{"id":2966,"date":"2026-01-05T21:05:48","date_gmt":"2026-01-05T21:05:48","guid":{"rendered":"https:\/\/nen.kmkoncept.fr\/?post_type=product&#038;p=2966"},"modified":"2026-04-28T07:27:23","modified_gmt":"2026-04-28T07:27:23","slug":"taud-vent-douest-dessus-coton-polyester-315grs-ma%c2%b2","status":"publish","type":"product","link":"https:\/\/www.nenuphar.com\/en\/shop\/stockage\/tauds\/tauds-quillards-de-sport\/taud-vent-douest-dessus-coton-polyester-315grs-ma%c2%b2\/","title":{"rendered":"\u2013 VENT D\u2019OUEST top cover"},"content":{"rendered":"<p>Vent d\u2019Ouest top cover made from cotton-polyester fabric treated to withstand weather conditions,<\/p>\n<p>Made in our workshops in Nemours.<\/p>","protected":false},"excerpt":{"rendered":"<p><span style=\"text-decoration:underline;\">Marine acrylic<\/span>100% solution-dyed acrylic, offering exceptional color fastness. This fabric is not coated and retains a textile feel on both sides. It is breathable and quick-drying. Water resistance and rot-proof properties are ensured by a special marine treatment. Weight: 315 g\/m\u00b2. This fabric is made in France.<\/p>","protected":false},"featured_media":2988,"template":"","meta":{"_acf_changed":false,"_uag_custom_page_level_css":""},"product_brand":[430],"product_cat":[135,219],"product_tag":[511],"class_list":{"0":"post-2966","1":"product","2":"type-product","3":"status-publish","4":"has-post-thumbnail","6":"product_brand-nenuphar","7":"product_cat-tauds-quillards-de-sport","8":"product_cat-vent-douest","9":"product_tag-vent-douest","11":"first","12":"onbackorder","13":"taxable","14":"shipping-taxable","15":"purchasable","16":"product-type-simple"},"acf":[],"aioseo_notices":[],"uagb_featured_image_src":{"full":["https:\/\/www.nenuphar.com\/wp-content\/uploads\/2026\/01\/3940.jpg",1209,472,false],"thumbnail":["https:\/\/www.nenuphar.com\/wp-content\/uploads\/2026\/01\/3940-150x150.jpg",150,150,true],"medium":["https:\/\/www.nenuphar.com\/wp-content\/uploads\/2026\/01\/3940-300x117.jpg",300,117,true],"medium_large":["https:\/\/www.nenuphar.com\/wp-content\/uploads\/2026\/01\/3940-768x300.jpg",768,300,true],"large":["https:\/\/www.nenuphar.com\/wp-content\/uploads\/2026\/01\/3940-1024x400.jpg",1024,400,true],"1536x1536":["https:\/\/www.nenuphar.com\/wp-content\/uploads\/2026\/01\/3940.jpg",1209,472,false],"2048x2048":["https:\/\/www.nenuphar.com\/wp-content\/uploads\/2026\/01\/3940.jpg",1209,472,false],"trp-custom-language-flag":["https:\/\/www.nenuphar.com\/wp-content\/uploads\/2026\/01\/3940.jpg",18,7,false],"woocommerce_thumbnail":["https:\/\/www.nenuphar.com\/wp-content\/uploads\/2026\/01\/3940-300x300.jpg",300,300,true],"woocommerce_single":["https:\/\/www.nenuphar.com\/wp-content\/uploads\/2026\/01\/3940-600x234.jpg",600,234,true],"woocommerce_gallery_thumbnail":["https:\/\/www.nenuphar.com\/wp-content\/uploads\/2026\/01\/3940-100x100.jpg",100,100,true]},"uagb_author_info":{"display_name":"Karine","author_link":"https:\/\/www.nenuphar.com\/en\/author\/"},"uagb_comment_info":0,"uagb_excerpt":"L\u2019acrylique marin: 100% acrylique, teint\u00e9 dans la masse, ce qui donne une r\u00e9sistance des coloris imbattable. Cette toile n\u2019est pas enduite et garde un aspect tissu sur ses 2 faces. Elle est respirante et s\u00e8che vite. L\u2019imperm\u00e9abilit\u00e9 \u00e0 l\u2019eau et l\u2019imputrescibilit\u00e9 sont assur\u00e9es par un traitement sp\u00e9cial marine. Le grammage est de 315 g\/m\u00b2. Ce&hellip;","_links":{"self":[{"href":"https:\/\/www.nenuphar.com\/en\/wp-json\/wp\/v2\/product\/2966","targetHints":{"allow":["GET"]}}],"collection":[{"href":"https:\/\/www.nenuphar.com\/en\/wp-json\/wp\/v2\/product"}],"about":[{"href":"https:\/\/www.nenuphar.com\/en\/wp-json\/wp\/v2\/types\/product"}],"wp:featuredmedia":[{"embeddable":true,"href":"https:\/\/www.nenuphar.com\/en\/wp-json\/wp\/v2\/media\/2988"}],"wp:attachment":[{"href":"https:\/\/www.nenuphar.com\/en\/wp-json\/wp\/v2\/media?parent=2966"}],"wp:term":[{"taxonomy":"product_brand","embeddable":true,"href":"https:\/\/www.nenuphar.com\/en\/wp-json\/wp\/v2\/product_brand?post=2966"},{"taxonomy":"product_cat","embeddable":true,"href":"https:\/\/www.nenuphar.com\/en\/wp-json\/wp\/v2\/product_cat?post=2966"},{"taxonomy":"product_tag","embeddable":true,"href":"https:\/\/www.nenuphar.com\/en\/wp-json\/wp\/v2\/product_tag?post=2966"}],"curies":[{"name":"wp","href":"https:\/\/api.w.org\/{rel}","templated":true}]}}