{"id":2976,"date":"2026-01-05T21:05:49","date_gmt":"2026-01-05T21:05:49","guid":{"rendered":"https:\/\/nen.kmkoncept.fr\/?post_type=product&#038;p=2976"},"modified":"2026-04-28T07:27:32","modified_gmt":"2026-04-28T07:27:32","slug":"taud-star-dessus-dyed-polyester","status":"publish","type":"product","link":"https:\/\/www.nenuphar.com\/en\/shop\/series\/deriveurs\/star\/taud-star-dessus-dyed-polyester\/","title":{"rendered":"Star Top Cover Dyed \u2013 PU-Coated Polyester"},"content":{"rendered":"<p>Made in France.<\/p>\n<p>Star top cover in ripstop polyester. Covers the entire top of the boat, with panels extending 20 cm below the gunwale. An elastic cord in the hem ensures a snug fit. Equipped with securing straps with click-clack fasteners. Can be used for transport or with the boat rigged.<\/p>","protected":false},"excerpt":{"rendered":"<p>Fabriqu\u00e9 en France. Taud Star dessus polyester ripstop. Recouvre tout le dessus du bateau. Il est muni de bandes descendant 20 cm sous le liston. Un sandow dans l&rsquo;ourlet de pourtour permet un placage efficace. Muni de sangles de maintient avec clic-clac. Il peut \u00eatre install\u00e9 pour le transport, ou bateau m\u00e2t\u00e9.<\/p>","protected":false},"featured_media":3006,"template":"","meta":{"_acf_changed":false,"_uag_custom_page_level_css":""},"product_brand":[430],"product_cat":[215,135],"product_tag":[508],"class_list":{"0":"post-2976","1":"product","2":"type-product","3":"status-publish","4":"has-post-thumbnail","6":"product_brand-nenuphar","7":"product_cat-star","8":"product_cat-tauds-quillards-de-sport","9":"product_tag-star","11":"first","12":"onbackorder","13":"taxable","14":"shipping-taxable","15":"purchasable","16":"product-type-simple"},"acf":[],"aioseo_notices":[],"uagb_featured_image_src":{"full":["https:\/\/www.nenuphar.com\/wp-content\/uploads\/2026\/01\/3941.jpg",1213,379,false],"thumbnail":["https:\/\/www.nenuphar.com\/wp-content\/uploads\/2026\/01\/3941-150x150.jpg",150,150,true],"medium":["https:\/\/www.nenuphar.com\/wp-content\/uploads\/2026\/01\/3941-300x94.jpg",300,94,true],"medium_large":["https:\/\/www.nenuphar.com\/wp-content\/uploads\/2026\/01\/3941-768x240.jpg",768,240,true],"large":["https:\/\/www.nenuphar.com\/wp-content\/uploads\/2026\/01\/3941-1024x320.jpg",1024,320,true],"1536x1536":["https:\/\/www.nenuphar.com\/wp-content\/uploads\/2026\/01\/3941.jpg",1213,379,false],"2048x2048":["https:\/\/www.nenuphar.com\/wp-content\/uploads\/2026\/01\/3941.jpg",1213,379,false],"trp-custom-language-flag":["https:\/\/www.nenuphar.com\/wp-content\/uploads\/2026\/01\/3941.jpg",18,6,false],"woocommerce_thumbnail":["https:\/\/www.nenuphar.com\/wp-content\/uploads\/2026\/01\/3941-300x300.jpg",300,300,true],"woocommerce_single":["https:\/\/www.nenuphar.com\/wp-content\/uploads\/2026\/01\/3941-600x187.jpg",600,187,true],"woocommerce_gallery_thumbnail":["https:\/\/www.nenuphar.com\/wp-content\/uploads\/2026\/01\/3941-100x100.jpg",100,100,true]},"uagb_author_info":{"display_name":"Karine","author_link":"https:\/\/www.nenuphar.com\/en\/author\/"},"uagb_comment_info":0,"uagb_excerpt":"Fabriqu\u00e9 en France. Taud Star dessus polyester ripstop. Recouvre tout le dessus du bateau. Il est muni de bandes descendant 20 cm sous le liston. Un sandow dans l&rsquo;ourlet de pourtour permet un placage efficace. Muni de sangles de maintient avec clic-clac. Il peut \u00eatre install\u00e9 pour le transport, ou bateau m\u00e2t\u00e9.","_links":{"self":[{"href":"https:\/\/www.nenuphar.com\/en\/wp-json\/wp\/v2\/product\/2976","targetHints":{"allow":["GET"]}}],"collection":[{"href":"https:\/\/www.nenuphar.com\/en\/wp-json\/wp\/v2\/product"}],"about":[{"href":"https:\/\/www.nenuphar.com\/en\/wp-json\/wp\/v2\/types\/product"}],"wp:featuredmedia":[{"embeddable":true,"href":"https:\/\/www.nenuphar.com\/en\/wp-json\/wp\/v2\/media\/3006"}],"wp:attachment":[{"href":"https:\/\/www.nenuphar.com\/en\/wp-json\/wp\/v2\/media?parent=2976"}],"wp:term":[{"taxonomy":"product_brand","embeddable":true,"href":"https:\/\/www.nenuphar.com\/en\/wp-json\/wp\/v2\/product_brand?post=2976"},{"taxonomy":"product_cat","embeddable":true,"href":"https:\/\/www.nenuphar.com\/en\/wp-json\/wp\/v2\/product_cat?post=2976"},{"taxonomy":"product_tag","embeddable":true,"href":"https:\/\/www.nenuphar.com\/en\/wp-json\/wp\/v2\/product_tag?post=2976"}],"curies":[{"name":"wp","href":"https:\/\/api.w.org\/{rel}","templated":true}]}}