{"id":2985,"date":"2026-01-05T21:05:49","date_gmt":"2026-01-05T21:05:49","guid":{"rendered":"https:\/\/nen.kmkoncept.fr\/?post_type=product&#038;p=2985"},"modified":"2026-04-28T07:27:52","modified_gmt":"2026-04-28T07:27:52","slug":"taud-flying-fifteen-dessus-polyester-enduit-pvc-520-grs-ma%c2%b2","status":"publish","type":"product","link":"https:\/\/www.nenuphar.com\/en\/shop\/stockage\/tauds\/tauds-quillards-de-sport\/taud-flying-fifteen-dessus-polyester-enduit-pvc-520-grs-ma%c2%b2\/","title":{"rendered":"TAUD FLYING FIFTEEN DESSUS &#8211; ENDUIT PVC 520"},"content":{"rendered":"<p>Made in France.<\/p>\n<p>Very durable fabric and easy to clean.<\/p>","protected":false},"excerpt":{"rendered":"<p>Made in France. Made in strong PVC 520 g. Easy to clean, long-life<\/p>","protected":false},"featured_media":3016,"template":"","meta":{"_acf_changed":false,"_uag_custom_page_level_css":""},"product_brand":[430],"product_cat":[135],"product_tag":[],"class_list":{"0":"post-2985","1":"product","2":"type-product","3":"status-publish","4":"has-post-thumbnail","6":"product_brand-nenuphar","7":"product_cat-tauds-quillards-de-sport","9":"first","10":"onbackorder","11":"taxable","12":"shipping-taxable","13":"purchasable","14":"product-type-simple"},"acf":[],"aioseo_notices":[],"uagb_featured_image_src":{"full":["https:\/\/www.nenuphar.com\/wp-content\/uploads\/2026\/01\/2583-scaled.jpg",2560,949,false],"thumbnail":["https:\/\/www.nenuphar.com\/wp-content\/uploads\/2026\/01\/2583-150x150.jpg",150,150,true],"medium":["https:\/\/www.nenuphar.com\/wp-content\/uploads\/2026\/01\/2583-300x111.jpg",300,111,true],"medium_large":["https:\/\/www.nenuphar.com\/wp-content\/uploads\/2026\/01\/2583-768x285.jpg",768,285,true],"large":["https:\/\/www.nenuphar.com\/wp-content\/uploads\/2026\/01\/2583-1024x380.jpg",1024,380,true],"1536x1536":["https:\/\/www.nenuphar.com\/wp-content\/uploads\/2026\/01\/2583-1536x570.jpg",1536,570,true],"2048x2048":["https:\/\/www.nenuphar.com\/wp-content\/uploads\/2026\/01\/2583-2048x759.jpg",2048,759,true],"trp-custom-language-flag":["https:\/\/www.nenuphar.com\/wp-content\/uploads\/2026\/01\/2583-scaled.jpg",18,7,false],"woocommerce_thumbnail":["https:\/\/www.nenuphar.com\/wp-content\/uploads\/2026\/01\/2583-300x300.jpg",300,300,true],"woocommerce_single":["https:\/\/www.nenuphar.com\/wp-content\/uploads\/2026\/01\/2583-600x222.jpg",600,222,true],"woocommerce_gallery_thumbnail":["https:\/\/www.nenuphar.com\/wp-content\/uploads\/2026\/01\/2583-100x100.jpg",100,100,true]},"uagb_author_info":{"display_name":"Karine","author_link":"https:\/\/www.nenuphar.com\/en\/author\/"},"uagb_comment_info":0,"uagb_excerpt":"Fabriqu\u00e9 en France. Tissu tr\u00e8s robuste et facile \u00e0 nettoyer.","_links":{"self":[{"href":"https:\/\/www.nenuphar.com\/en\/wp-json\/wp\/v2\/product\/2985","targetHints":{"allow":["GET"]}}],"collection":[{"href":"https:\/\/www.nenuphar.com\/en\/wp-json\/wp\/v2\/product"}],"about":[{"href":"https:\/\/www.nenuphar.com\/en\/wp-json\/wp\/v2\/types\/product"}],"wp:featuredmedia":[{"embeddable":true,"href":"https:\/\/www.nenuphar.com\/en\/wp-json\/wp\/v2\/media\/3016"}],"wp:attachment":[{"href":"https:\/\/www.nenuphar.com\/en\/wp-json\/wp\/v2\/media?parent=2985"}],"wp:term":[{"taxonomy":"product_brand","embeddable":true,"href":"https:\/\/www.nenuphar.com\/en\/wp-json\/wp\/v2\/product_brand?post=2985"},{"taxonomy":"product_cat","embeddable":true,"href":"https:\/\/www.nenuphar.com\/en\/wp-json\/wp\/v2\/product_cat?post=2985"},{"taxonomy":"product_tag","embeddable":true,"href":"https:\/\/www.nenuphar.com\/en\/wp-json\/wp\/v2\/product_tag?post=2985"}],"curies":[{"name":"wp","href":"https:\/\/api.w.org\/{rel}","templated":true}]}}