{"id":3047,"date":"2026-01-05T21:11:33","date_gmt":"2026-01-05T21:11:33","guid":{"rendered":"https:\/\/nen.kmkoncept.fr\/?post_type=product&#038;p=3047"},"modified":"2026-04-28T07:28:31","modified_gmt":"2026-04-28T07:28:31","slug":"taud-hobie-cat-16-plateforme-parking-polyester-enduit-pvc-520-grs-maa%c2%b2","status":"publish","type":"product","link":"https:\/\/www.nenuphar.com\/en\/shop\/series\/catamarans-series\/edel-cat\/hobie-cat-16\/taud-hobie-cat-16-plateforme-parking-polyester-enduit-pvc-520-grs-maa%c2%b2\/","title":{"rendered":"Top cover for Hobie Cat 16 (platform) \u2013 boat park use, PVC."},"content":{"rendered":"<p>Platform cover for Hobie Cat 16<\/p>\n<p>Covers the trampoline to protect it from UV rays and dirt.<\/p>\n<p>Made of double-sided PVC-coated polyester, very durable and easy to clean.<\/p>\n<p>Standard: openings for trapeze lines (not shown in the photo).<\/p>\n<p>If you want a fully closed model, please specify when ordering.<\/p>","protected":false},"excerpt":{"rendered":"<p>Platform cover for Hobie 16 Delivered with trapezes openings (not on the picture). If you wich to receive it without opening, as to the picture, please specify on order.<\/p>","protected":false},"featured_media":3082,"template":"","meta":{"_acf_changed":false,"_uag_custom_page_level_css":""},"product_brand":[430],"product_cat":[259,137],"product_tag":[529],"class_list":{"0":"post-3047","1":"product","2":"type-product","3":"status-publish","4":"has-post-thumbnail","6":"product_brand-nenuphar","7":"product_cat-hobie-cat-16","8":"product_cat-tauds-parking-catamarans","9":"product_tag-hobie-cat-16","11":"first","12":"onbackorder","13":"taxable","14":"shipping-taxable","15":"purchasable","16":"product-type-simple"},"acf":[],"aioseo_notices":[],"uagb_featured_image_src":{"full":["https:\/\/www.nenuphar.com\/wp-content\/uploads\/2026\/01\/3124-scaled.jpg",2560,1920,false],"thumbnail":["https:\/\/www.nenuphar.com\/wp-content\/uploads\/2026\/01\/3124-150x150.jpg",150,150,true],"medium":["https:\/\/www.nenuphar.com\/wp-content\/uploads\/2026\/01\/3124-300x225.jpg",300,225,true],"medium_large":["https:\/\/www.nenuphar.com\/wp-content\/uploads\/2026\/01\/3124-768x576.jpg",768,576,true],"large":["https:\/\/www.nenuphar.com\/wp-content\/uploads\/2026\/01\/3124-1024x768.jpg",1024,768,true],"1536x1536":["https:\/\/www.nenuphar.com\/wp-content\/uploads\/2026\/01\/3124-1536x1152.jpg",1536,1152,true],"2048x2048":["https:\/\/www.nenuphar.com\/wp-content\/uploads\/2026\/01\/3124-2048x1536.jpg",2048,1536,true],"trp-custom-language-flag":["https:\/\/www.nenuphar.com\/wp-content\/uploads\/2026\/01\/3124-scaled.jpg",16,12,false],"woocommerce_thumbnail":["https:\/\/www.nenuphar.com\/wp-content\/uploads\/2026\/01\/3124-300x300.jpg",300,300,true],"woocommerce_single":["https:\/\/www.nenuphar.com\/wp-content\/uploads\/2026\/01\/3124-600x450.jpg",600,450,true],"woocommerce_gallery_thumbnail":["https:\/\/www.nenuphar.com\/wp-content\/uploads\/2026\/01\/3124-100x100.jpg",100,100,true]},"uagb_author_info":{"display_name":"Karine","author_link":"https:\/\/www.nenuphar.com\/en\/author\/"},"uagb_comment_info":0,"uagb_excerpt":"Taud de plateforme pour Hobie Cat 16. Recouvre le trampoline pour le prot\u00e9ger des UV et des salissures. En polyester enduit PVC 2 faces, tr\u00e8s robuste et facilement nettoyable. En standard: ouvertures pour les trap\u00e8zes (non rep\u00e9sent\u00e9 sur la photo). Si vous souhaitez un mod\u00e8le non ouvert, le pr\u00e9ciser \u00e0 la commande.","_links":{"self":[{"href":"https:\/\/www.nenuphar.com\/en\/wp-json\/wp\/v2\/product\/3047","targetHints":{"allow":["GET"]}}],"collection":[{"href":"https:\/\/www.nenuphar.com\/en\/wp-json\/wp\/v2\/product"}],"about":[{"href":"https:\/\/www.nenuphar.com\/en\/wp-json\/wp\/v2\/types\/product"}],"wp:featuredmedia":[{"embeddable":true,"href":"https:\/\/www.nenuphar.com\/en\/wp-json\/wp\/v2\/media\/3082"}],"wp:attachment":[{"href":"https:\/\/www.nenuphar.com\/en\/wp-json\/wp\/v2\/media?parent=3047"}],"wp:term":[{"taxonomy":"product_brand","embeddable":true,"href":"https:\/\/www.nenuphar.com\/en\/wp-json\/wp\/v2\/product_brand?post=3047"},{"taxonomy":"product_cat","embeddable":true,"href":"https:\/\/www.nenuphar.com\/en\/wp-json\/wp\/v2\/product_cat?post=3047"},{"taxonomy":"product_tag","embeddable":true,"href":"https:\/\/www.nenuphar.com\/en\/wp-json\/wp\/v2\/product_tag?post=3047"}],"curies":[{"name":"wp","href":"https:\/\/api.w.org\/{rel}","templated":true}]}}