{"id":3049,"date":"2026-01-05T21:11:33","date_gmt":"2026-01-05T21:11:33","guid":{"rendered":"https:\/\/nen.kmkoncept.fr\/?post_type=product&#038;p=3049"},"modified":"2026-04-28T07:28:31","modified_gmt":"2026-04-28T07:28:31","slug":"taud-twin-cat-15-parking-complet-polyester-enduit-pvc-520-grs-ma%c2%b2","status":"publish","type":"product","link":"https:\/\/www.nenuphar.com\/en\/shop\/series\/catamarans-series\/twin-cat\/twin-cat-15\/taud-twin-cat-15-parking-complet-polyester-enduit-pvc-520-grs-ma%c2%b2\/","title":{"rendered":"Twin Cat 15 Parking Cover \u2013 PVC coated."},"content":{"rendered":"<p>Made from very durable 520 g PVC.<\/p>\n<p>Easy to clean.<\/p>\n<p>Made in France, made from European-origin fabric<\/p>","protected":false},"excerpt":{"rendered":"<p>Made in France, Easy to clean, long-life.<\/p>","protected":false},"featured_media":0,"template":"","meta":{"_acf_changed":false,"_uag_custom_page_level_css":""},"product_brand":[430],"product_cat":[137,306],"product_tag":[572,571],"class_list":{"0":"post-3049","1":"product","2":"type-product","3":"status-publish","5":"product_brand-nenuphar","6":"product_cat-tauds-parking-catamarans","7":"product_cat-twin-cat-15","8":"product_tag-twin-cat","9":"product_tag-twin-cat-15","11":"first","12":"onbackorder","13":"taxable","14":"shipping-taxable","15":"purchasable","16":"product-type-simple"},"acf":[],"aioseo_notices":[],"uagb_featured_image_src":{"full":false,"thumbnail":false,"medium":false,"medium_large":false,"large":false,"1536x1536":false,"2048x2048":false,"trp-custom-language-flag":false,"woocommerce_thumbnail":false,"woocommerce_single":false,"woocommerce_gallery_thumbnail":false},"uagb_author_info":{"display_name":"Karine","author_link":"https:\/\/www.nenuphar.com\/en\/author\/"},"uagb_comment_info":0,"uagb_excerpt":"Fabriqu\u00e9 dans un pvc 520 g tr\u00e8s solide. Facile \u00e0 nettoyer. Fabriqu\u00e9 en France, tissu d&rsquo;origine europ\u00e9enne.","_links":{"self":[{"href":"https:\/\/www.nenuphar.com\/en\/wp-json\/wp\/v2\/product\/3049","targetHints":{"allow":["GET"]}}],"collection":[{"href":"https:\/\/www.nenuphar.com\/en\/wp-json\/wp\/v2\/product"}],"about":[{"href":"https:\/\/www.nenuphar.com\/en\/wp-json\/wp\/v2\/types\/product"}],"wp:attachment":[{"href":"https:\/\/www.nenuphar.com\/en\/wp-json\/wp\/v2\/media?parent=3049"}],"wp:term":[{"taxonomy":"product_brand","embeddable":true,"href":"https:\/\/www.nenuphar.com\/en\/wp-json\/wp\/v2\/product_brand?post=3049"},{"taxonomy":"product_cat","embeddable":true,"href":"https:\/\/www.nenuphar.com\/en\/wp-json\/wp\/v2\/product_cat?post=3049"},{"taxonomy":"product_tag","embeddable":true,"href":"https:\/\/www.nenuphar.com\/en\/wp-json\/wp\/v2\/product_tag?post=3049"}],"curies":[{"name":"wp","href":"https:\/\/api.w.org\/{rel}","templated":true}]}}