{"id":3086,"date":"2026-01-05T21:12:33","date_gmt":"2026-01-05T21:12:33","guid":{"rendered":"https:\/\/nen.kmkoncept.fr\/?post_type=product&#038;p=3086"},"modified":"2026-04-28T07:28:32","modified_gmt":"2026-04-28T07:28:32","slug":"taud-dart-18-parking-complet-pes-dyed-polyester-270-grs","status":"publish","type":"product","link":"https:\/\/www.nenuphar.com\/en\/shop\/series\/catamarans-series\/dart\/dart-18\/taud-dart-18-parking-complet-pes-dyed-polyester-270-grs\/","title":{"rendered":"Dart 18 Full Parking Cover \u2013 PU-Coated Ripstop Polyester"},"content":{"rendered":"<p>Taud parking complet pour Dart 18<\/p>\n<p>en tissu dyed polyester.<\/p>","protected":false},"excerpt":{"rendered":"<p><span>PU-coated ripstop polyester<\/span><span>\u00a0Polyurethane (PU) is a synthetic material woven from warp and weft threads to reinforce the fabric structure. It helps prevent tears from spreading if snagged. The coating ensures the fabric is waterproof. Weight: 270 g\/m\u00b2. This fabric is made in Asia.<\/span><\/p>","protected":false},"featured_media":3111,"template":"","meta":{"_acf_changed":false,"_uag_custom_page_level_css":""},"product_brand":[430],"product_cat":[253,137],"product_tag":[523],"class_list":{"0":"post-3086","1":"product","2":"type-product","3":"status-publish","4":"has-post-thumbnail","6":"product_brand-nenuphar","7":"product_cat-dart-18","8":"product_cat-tauds-parking-catamarans","9":"product_tag-dart-18","11":"first","12":"onbackorder","13":"taxable","14":"shipping-taxable","15":"purchasable","16":"product-type-simple"},"acf":[],"aioseo_notices":[],"uagb_featured_image_src":{"full":["https:\/\/www.nenuphar.com\/wp-content\/uploads\/2026\/01\/5548-scaled.jpg",2560,1440,false],"thumbnail":["https:\/\/www.nenuphar.com\/wp-content\/uploads\/2026\/01\/5548-150x150.jpg",150,150,true],"medium":["https:\/\/www.nenuphar.com\/wp-content\/uploads\/2026\/01\/5548-300x169.jpg",300,169,true],"medium_large":["https:\/\/www.nenuphar.com\/wp-content\/uploads\/2026\/01\/5548-768x432.jpg",768,432,true],"large":["https:\/\/www.nenuphar.com\/wp-content\/uploads\/2026\/01\/5548-1024x576.jpg",1024,576,true],"1536x1536":["https:\/\/www.nenuphar.com\/wp-content\/uploads\/2026\/01\/5548-1536x864.jpg",1536,864,true],"2048x2048":["https:\/\/www.nenuphar.com\/wp-content\/uploads\/2026\/01\/5548-2048x1152.jpg",2048,1152,true],"trp-custom-language-flag":["https:\/\/www.nenuphar.com\/wp-content\/uploads\/2026\/01\/5548-scaled.jpg",18,10,false],"woocommerce_thumbnail":["https:\/\/www.nenuphar.com\/wp-content\/uploads\/2026\/01\/5548-300x300.jpg",300,300,true],"woocommerce_single":["https:\/\/www.nenuphar.com\/wp-content\/uploads\/2026\/01\/5548-600x338.jpg",600,338,true],"woocommerce_gallery_thumbnail":["https:\/\/www.nenuphar.com\/wp-content\/uploads\/2026\/01\/5548-100x100.jpg",100,100,true]},"uagb_author_info":{"display_name":"Karine","author_link":"https:\/\/www.nenuphar.com\/en\/author\/"},"uagb_comment_info":0,"uagb_excerpt":"Le polyester \u201cripstop\u201d enduit PU\u00a0(polyur\u00e9thane) est un produit synth\u00e9tique r\u00e9alis\u00e9 en maillage par disposition de fils de chaine et de trame qui permet de renforcer la structure de la toile. Il permet, entre-autres, d\u2019\u00e9viter lors d\u2019un accroc l\u2019extension de la d\u00e9chirure. L\u2019enduction assure au tissu l\u2019imperm\u00e9abilit\u00e9 \u00e0 l\u2019eau. Le grammage est de 270 g\/m\u00b2. Ce&hellip;","_links":{"self":[{"href":"https:\/\/www.nenuphar.com\/en\/wp-json\/wp\/v2\/product\/3086","targetHints":{"allow":["GET"]}}],"collection":[{"href":"https:\/\/www.nenuphar.com\/en\/wp-json\/wp\/v2\/product"}],"about":[{"href":"https:\/\/www.nenuphar.com\/en\/wp-json\/wp\/v2\/types\/product"}],"wp:featuredmedia":[{"embeddable":true,"href":"https:\/\/www.nenuphar.com\/en\/wp-json\/wp\/v2\/media\/3111"}],"wp:attachment":[{"href":"https:\/\/www.nenuphar.com\/en\/wp-json\/wp\/v2\/media?parent=3086"}],"wp:term":[{"taxonomy":"product_brand","embeddable":true,"href":"https:\/\/www.nenuphar.com\/en\/wp-json\/wp\/v2\/product_brand?post=3086"},{"taxonomy":"product_cat","embeddable":true,"href":"https:\/\/www.nenuphar.com\/en\/wp-json\/wp\/v2\/product_cat?post=3086"},{"taxonomy":"product_tag","embeddable":true,"href":"https:\/\/www.nenuphar.com\/en\/wp-json\/wp\/v2\/product_tag?post=3086"}],"curies":[{"name":"wp","href":"https:\/\/api.w.org\/{rel}","templated":true}]}}