{"id":3092,"date":"2026-01-05T21:12:34","date_gmt":"2026-01-05T21:12:34","guid":{"rendered":"https:\/\/nen.kmkoncept.fr\/?post_type=product&#038;p=3092"},"modified":"2026-04-28T07:30:47","modified_gmt":"2026-04-28T07:30:47","slug":"taud-cata-parking-polyester-enduit-pvc-520-grs","status":"publish","type":"product","link":"https:\/\/www.nenuphar.com\/en\/shop\/stockage\/tauds\/tauds-parking-catamarans\/taud-cata-parking-polyester-enduit-pvc-520-grs\/","title":{"rendered":"PVC COVER PARKING CATA"},"content":{"rendered":"<p>There is no specific boat park cover available for your catamaran.<\/p>\n<p>No need to look further: N\u00e9nuphar offers this economical, versatile cover, available in several sizes (a size chart is available under the \u201cdownload\u201d tab).<\/p>\n<p>The cover is supplied with eyelets and 5 mm diameter shock cord.<\/p>\n<p>MAKE SURE TO SELECT THE CORRECT SIZE WHEN ORDERING!<\/p>\n<p>Following user feedback, all these covers are supplied with 24 self-clinching eyelets. If you require a specific setup, you can order additional eyelets separately.<\/p>\n<p>In addition, you can also purchase small hooks, ref. 175, which avoid the tedious task of tying and untying knots each time the cover is used.<\/p>","protected":false},"excerpt":{"rendered":"<p>The principle is simple: a pre-shaped base with a mast opening\u2014you just need to cut the necessary openings with scissors and install the self-clinching eyelets in the appropriate places.<\/p>\n<p>You simply need to cut openings for the shrouds and trapezes using a pair of scissors.<\/p>\n<p>The kit includes self-clinching eyelets that you can position wherever you need, and that\u2019s it (see the video tab), along with a 5 mm diameter shock cord.<\/p>\n<p>Install the cover on your trampoline by inserting the mast into the cover\u2019s mast opening.<\/p>\n<p>Adjust the fabric evenly, then cut the openings for the shrouds and trapezes using a pair of scissors.<\/p>\n<p>Install the self-clinching eyelets in the positions you consider appropriate.<\/p>\n<p>Install the shock cords between the eyelets to tension the cover.<\/p>\n<p>That\u2019s it!<\/p>","protected":false},"featured_media":3117,"template":"","meta":{"_acf_changed":false,"_uag_custom_page_level_css":""},"product_brand":[430],"product_cat":[137],"product_tag":[],"class_list":{"0":"post-3092","1":"product","2":"type-product","3":"status-publish","4":"has-post-thumbnail","6":"product_brand-nenuphar","7":"product_cat-tauds-parking-catamarans","9":"first","10":"onbackorder","11":"taxable","12":"shipping-taxable","13":"purchasable","14":"product-type-variable"},"acf":[],"aioseo_notices":[],"uagb_featured_image_src":{"full":["https:\/\/www.nenuphar.com\/wp-content\/uploads\/2026\/01\/2232.jpg",400,267,false],"thumbnail":["https:\/\/www.nenuphar.com\/wp-content\/uploads\/2026\/01\/2232-150x150.jpg",150,150,true],"medium":["https:\/\/www.nenuphar.com\/wp-content\/uploads\/2026\/01\/2232-300x200.jpg",300,200,true],"medium_large":["https:\/\/www.nenuphar.com\/wp-content\/uploads\/2026\/01\/2232.jpg",400,267,false],"large":["https:\/\/www.nenuphar.com\/wp-content\/uploads\/2026\/01\/2232.jpg",400,267,false],"1536x1536":["https:\/\/www.nenuphar.com\/wp-content\/uploads\/2026\/01\/2232.jpg",400,267,false],"2048x2048":["https:\/\/www.nenuphar.com\/wp-content\/uploads\/2026\/01\/2232.jpg",400,267,false],"trp-custom-language-flag":["https:\/\/www.nenuphar.com\/wp-content\/uploads\/2026\/01\/2232.jpg",18,12,false],"woocommerce_thumbnail":["https:\/\/www.nenuphar.com\/wp-content\/uploads\/2026\/01\/2232-300x267.jpg",300,267,true],"woocommerce_single":["https:\/\/www.nenuphar.com\/wp-content\/uploads\/2026\/01\/2232.jpg",400,267,false],"woocommerce_gallery_thumbnail":["https:\/\/www.nenuphar.com\/wp-content\/uploads\/2026\/01\/2232-100x100.jpg",100,100,true]},"uagb_author_info":{"display_name":"Karine","author_link":"https:\/\/www.nenuphar.com\/en\/author\/"},"uagb_comment_info":0,"uagb_excerpt":"Le principe est simple: une base pr\u00e9-form\u00e9e, avec un passage de m\u00e2t, vous avez juste \u00e0 faire les ouvertures n\u00e9cessaires avec des ciseaux et \u00e0 installer aux endroits judicieux les oeillets auto-serrants. Il vous suffit de cr\u00e9er les ouvertures des haubans et des trap\u00e8zes avec une paire de ciseaux. Nous fournissons dans le kit des&hellip;","_links":{"self":[{"href":"https:\/\/www.nenuphar.com\/en\/wp-json\/wp\/v2\/product\/3092","targetHints":{"allow":["GET"]}}],"collection":[{"href":"https:\/\/www.nenuphar.com\/en\/wp-json\/wp\/v2\/product"}],"about":[{"href":"https:\/\/www.nenuphar.com\/en\/wp-json\/wp\/v2\/types\/product"}],"wp:featuredmedia":[{"embeddable":true,"href":"https:\/\/www.nenuphar.com\/en\/wp-json\/wp\/v2\/media\/3117"}],"wp:attachment":[{"href":"https:\/\/www.nenuphar.com\/en\/wp-json\/wp\/v2\/media?parent=3092"}],"wp:term":[{"taxonomy":"product_brand","embeddable":true,"href":"https:\/\/www.nenuphar.com\/en\/wp-json\/wp\/v2\/product_brand?post=3092"},{"taxonomy":"product_cat","embeddable":true,"href":"https:\/\/www.nenuphar.com\/en\/wp-json\/wp\/v2\/product_cat?post=3092"},{"taxonomy":"product_tag","embeddable":true,"href":"https:\/\/www.nenuphar.com\/en\/wp-json\/wp\/v2\/product_tag?post=3092"}],"curies":[{"name":"wp","href":"https:\/\/api.w.org\/{rel}","templated":true}]}}