{"id":3125,"date":"2026-01-05T21:15:14","date_gmt":"2026-01-05T21:15:14","guid":{"rendered":"https:\/\/nen.kmkoncept.fr\/?post_type=product&#038;p=3125"},"modified":"2026-04-28T07:27:52","modified_gmt":"2026-04-28T07:27:52","slug":"taud-newmatic-400-dessus-polyester-enduit-pvc-520-grs-ma%c2%b2","status":"publish","type":"product","link":"https:\/\/www.nenuphar.com\/en\/shop\/stockage\/tauds\/tauds-de-barques-bateaux-moteur\/taud-newmatic-400-dessus-polyester-enduit-pvc-520-grs-ma%c2%b2\/","title":{"rendered":"&#8211; TAUD NEWMATIC 400 DESSUS POLY PVC"},"content":{"rendered":"<p>Made in our workshops in Nemours, 77<\/p>\n<p>Protective Cover for Newmatic 400<\/p>\n<p>Made of thick PVC-coated polyester fabric<\/p>\n<p>An elastic cord at the bottom hem secures the cover.<\/p>\n<p>3 straps pass under the boat.<\/p>\n<p>At the rear, an opening allows the motor to remain in place.<\/p>\n<p>The mooring cleats remain accessible with the cover installed.<\/p>","protected":false},"excerpt":{"rendered":"<p>Fabriqu\u00e9 dans nos ateliers \u00e0 Nemours 77 Taud de protection pour Newmatic 400 En b\u00e2che polyester enduite PVC \u00e9paisse un sandow en bas de l&rsquo;ourlet plaque le taud 3 sangles passent sous le bateau \u00e0 l&rsquo;arri\u00e8re une ouverture permet de laisser le moteur \u00e0 poste les taquets d&rsquo;amarrage sont accessibles avec le taud install\u00e9<\/p>","protected":false},"featured_media":3141,"template":"","meta":{"_acf_changed":false,"_uag_custom_page_level_css":""},"product_brand":[430],"product_cat":[138],"product_tag":[],"class_list":{"0":"post-3125","1":"product","2":"type-product","3":"status-publish","4":"has-post-thumbnail","6":"product_brand-nenuphar","7":"product_cat-tauds-de-barques-bateaux-moteur","9":"first","10":"instock","11":"taxable","12":"shipping-taxable","13":"purchasable","14":"product-type-simple"},"acf":[],"aioseo_notices":[],"uagb_featured_image_src":{"full":["https:\/\/www.nenuphar.com\/wp-content\/uploads\/2026\/01\/3846-scaled.jpg",2560,1920,false],"thumbnail":["https:\/\/www.nenuphar.com\/wp-content\/uploads\/2026\/01\/3846-150x150.jpg",150,150,true],"medium":["https:\/\/www.nenuphar.com\/wp-content\/uploads\/2026\/01\/3846-300x225.jpg",300,225,true],"medium_large":["https:\/\/www.nenuphar.com\/wp-content\/uploads\/2026\/01\/3846-768x576.jpg",768,576,true],"large":["https:\/\/www.nenuphar.com\/wp-content\/uploads\/2026\/01\/3846-1024x768.jpg",1024,768,true],"1536x1536":["https:\/\/www.nenuphar.com\/wp-content\/uploads\/2026\/01\/3846-1536x1152.jpg",1536,1152,true],"2048x2048":["https:\/\/www.nenuphar.com\/wp-content\/uploads\/2026\/01\/3846-2048x1536.jpg",2048,1536,true],"trp-custom-language-flag":["https:\/\/www.nenuphar.com\/wp-content\/uploads\/2026\/01\/3846-scaled.jpg",16,12,false],"woocommerce_thumbnail":["https:\/\/www.nenuphar.com\/wp-content\/uploads\/2026\/01\/3846-300x300.jpg",300,300,true],"woocommerce_single":["https:\/\/www.nenuphar.com\/wp-content\/uploads\/2026\/01\/3846-600x450.jpg",600,450,true],"woocommerce_gallery_thumbnail":["https:\/\/www.nenuphar.com\/wp-content\/uploads\/2026\/01\/3846-100x100.jpg",100,100,true]},"uagb_author_info":{"display_name":"Karine","author_link":"https:\/\/www.nenuphar.com\/en\/author\/"},"uagb_comment_info":0,"uagb_excerpt":"Fabriqu\u00e9 dans nos ateliers \u00e0 Nemours 77 Taud de protection pour Newmatic 400 En b\u00e2che polyester enduite PVC \u00e9paisse un sandow en bas de l&rsquo;ourlet plaque le taud 3 sangles passent sous le bateau \u00e0 l&rsquo;arri\u00e8re une ouverture permet de laisser le moteur \u00e0 poste les taquets d&rsquo;amarrage sont accessibles avec le taud install\u00e9","_links":{"self":[{"href":"https:\/\/www.nenuphar.com\/en\/wp-json\/wp\/v2\/product\/3125","targetHints":{"allow":["GET"]}}],"collection":[{"href":"https:\/\/www.nenuphar.com\/en\/wp-json\/wp\/v2\/product"}],"about":[{"href":"https:\/\/www.nenuphar.com\/en\/wp-json\/wp\/v2\/types\/product"}],"wp:featuredmedia":[{"embeddable":true,"href":"https:\/\/www.nenuphar.com\/en\/wp-json\/wp\/v2\/media\/3141"}],"wp:attachment":[{"href":"https:\/\/www.nenuphar.com\/en\/wp-json\/wp\/v2\/media?parent=3125"}],"wp:term":[{"taxonomy":"product_brand","embeddable":true,"href":"https:\/\/www.nenuphar.com\/en\/wp-json\/wp\/v2\/product_brand?post=3125"},{"taxonomy":"product_cat","embeddable":true,"href":"https:\/\/www.nenuphar.com\/en\/wp-json\/wp\/v2\/product_cat?post=3125"},{"taxonomy":"product_tag","embeddable":true,"href":"https:\/\/www.nenuphar.com\/en\/wp-json\/wp\/v2\/product_tag?post=3125"}],"curies":[{"name":"wp","href":"https:\/\/api.w.org\/{rel}","templated":true}]}}