{"id":3154,"date":"2026-01-06T08:44:14","date_gmt":"2026-01-06T08:44:14","guid":{"rendered":"https:\/\/nen.kmkoncept.fr\/?post_type=product&#038;p=3154"},"modified":"2026-04-28T07:28:39","modified_gmt":"2026-04-28T07:28:39","slug":"chariot-alu-de-mise-a-leau-optimist","status":"publish","type":"product","link":"https:\/\/www.nenuphar.com\/en\/shop\/stockage\/chariots\/chariots-deriveurs\/chariot-alu-de-mise-a-leau-optimist\/","title":{"rendered":"Aluminum Launching Trolley \u2013 Optimist"},"content":{"rendered":"<p>You can put the boat to the both sides!Aluminium Optimist trolley: Lighter than ref 3200, and easy to fit, seconds to remove, and take in your car chest. Better for top sailors. In 2012, new protection.<\/p>","protected":false},"excerpt":{"rendered":"<p>You can put the boat to the both sides!Aluminium Optimist trolley: Lighter than ref 3200, and easy to fit, seconds to remove, and take in your car chest. Better for top sailors. In 2012, new protection.<\/p>","protected":false},"featured_media":3197,"template":"","meta":{"_acf_changed":false,"_uag_custom_page_level_css":""},"product_brand":[430],"product_cat":[139,210],"product_tag":[502],"class_list":{"0":"post-3154","1":"product","2":"type-product","3":"status-publish","4":"has-post-thumbnail","6":"product_brand-nenuphar","7":"product_cat-chariots-deriveurs","8":"product_cat-optimist-deriveurs","9":"product_tag-optimist","10":"product_shipping_class-schenker","12":"first","13":"onbackorder","14":"taxable","15":"shipping-taxable","16":"purchasable","17":"product-type-simple"},"acf":[],"aioseo_notices":[],"uagb_featured_image_src":{"full":["https:\/\/www.nenuphar.com\/wp-content\/uploads\/2026\/01\/472.jpg",400,300,false],"thumbnail":["https:\/\/www.nenuphar.com\/wp-content\/uploads\/2026\/01\/472-150x150.jpg",150,150,true],"medium":["https:\/\/www.nenuphar.com\/wp-content\/uploads\/2026\/01\/472-300x225.jpg",300,225,true],"medium_large":["https:\/\/www.nenuphar.com\/wp-content\/uploads\/2026\/01\/472.jpg",400,300,false],"large":["https:\/\/www.nenuphar.com\/wp-content\/uploads\/2026\/01\/472.jpg",400,300,false],"1536x1536":["https:\/\/www.nenuphar.com\/wp-content\/uploads\/2026\/01\/472.jpg",400,300,false],"2048x2048":["https:\/\/www.nenuphar.com\/wp-content\/uploads\/2026\/01\/472.jpg",400,300,false],"trp-custom-language-flag":["https:\/\/www.nenuphar.com\/wp-content\/uploads\/2026\/01\/472.jpg",16,12,false],"woocommerce_thumbnail":["https:\/\/www.nenuphar.com\/wp-content\/uploads\/2026\/01\/472-300x300.jpg",300,300,true],"woocommerce_single":["https:\/\/www.nenuphar.com\/wp-content\/uploads\/2026\/01\/472.jpg",400,300,false],"woocommerce_gallery_thumbnail":["https:\/\/www.nenuphar.com\/wp-content\/uploads\/2026\/01\/472-100x100.jpg",100,100,true]},"uagb_author_info":{"display_name":"Karine","author_link":"https:\/\/www.nenuphar.com\/en\/author\/"},"uagb_comment_info":0,"uagb_excerpt":"Fabriqu\u00e9 en France. Nous avons positionn\u00e9 des cales qui permettent de bien maintenir le bateau, QU&rsquo;IL SOIT A L&rsquo;ENDROIT OU A L&rsquo;ENVERS! L\u00e9ger et d\u00e9montable, il vous suivra dans tous vos d\u00e9placements. En 2012, la mati\u00e8re de protection du berceau arri\u00e8re \u00e9volue.","_links":{"self":[{"href":"https:\/\/www.nenuphar.com\/en\/wp-json\/wp\/v2\/product\/3154","targetHints":{"allow":["GET"]}}],"collection":[{"href":"https:\/\/www.nenuphar.com\/en\/wp-json\/wp\/v2\/product"}],"about":[{"href":"https:\/\/www.nenuphar.com\/en\/wp-json\/wp\/v2\/types\/product"}],"wp:featuredmedia":[{"embeddable":true,"href":"https:\/\/www.nenuphar.com\/en\/wp-json\/wp\/v2\/media\/3197"}],"wp:attachment":[{"href":"https:\/\/www.nenuphar.com\/en\/wp-json\/wp\/v2\/media?parent=3154"}],"wp:term":[{"taxonomy":"product_brand","embeddable":true,"href":"https:\/\/www.nenuphar.com\/en\/wp-json\/wp\/v2\/product_brand?post=3154"},{"taxonomy":"product_cat","embeddable":true,"href":"https:\/\/www.nenuphar.com\/en\/wp-json\/wp\/v2\/product_cat?post=3154"},{"taxonomy":"product_tag","embeddable":true,"href":"https:\/\/www.nenuphar.com\/en\/wp-json\/wp\/v2\/product_tag?post=3154"}],"curies":[{"name":"wp","href":"https:\/\/api.w.org\/{rel}","templated":true}]}}