{"id":3157,"date":"2026-01-06T08:44:15","date_gmt":"2026-01-06T08:44:15","guid":{"rendered":"https:\/\/nen.kmkoncept.fr\/?post_type=product&#038;p=3157"},"modified":"2026-04-28T07:28:39","modified_gmt":"2026-04-28T07:28:39","slug":"chariot-alu-de-mise-a-lo-pour-420","status":"publish","type":"product","link":"https:\/\/www.nenuphar.com\/en\/shop\/series\/deriveurs\/420\/chariot-alu-de-mise-a-lo-pour-420\/","title":{"rendered":"Aluminum Launch Trolley \u2013 For 420"},"content":{"rendered":"<p>Made in France. The special aluminum trolley for the 420. Lightweight and dismantlable, it will follow you wherever you go. Rear support by strap.<\/p>\n<p>Special model for the 420. It is essential to use it for this type of boat (ref: 3181_420). If a very light front trolley is desired for a 445, this model should also be chosen.<\/p>\n<p>3181: Drawbar length: 2.74 m<\/p>\n<p><span style=\"color:#2600ff;\"><strong>3181_420: Drawbar length: 2.35 m<\/strong><\/span><\/p>\n<p>Width at the strap supports: approximately 1.65 m<\/p>\n<p>The bow \u201cV\u201d should be positioned longitudinally approximately in line with the mast vertical.<\/p>","protected":false},"excerpt":{"rendered":"<p>Fabriqu\u00e9 en France. Le chariot alu sp\u00e9cial 420. L\u00e9ger et d\u00e9montable, il vous suivra dans tous vos d\u00e9placements. Support arri\u00e8re par sangle. Mod\u00e8le sp\u00e9cial pour 420. Il est imp\u00e9ratif de l&rsquo;utiliser pour ce type de bateau (r\u00e9f: 3181_420). Si on souhaite un chariot tr\u00e8s l\u00e9ger devant pour un 445, on choisira \u00e9galement ce mod\u00e8le. 3181: [&hellip;]<\/p>\n","protected":false},"featured_media":3203,"template":"","meta":{"_acf_changed":false,"_uag_custom_page_level_css":""},"product_brand":[430],"product_cat":[186,139],"product_tag":[311],"class_list":{"0":"post-3157","1":"product","2":"type-product","3":"status-publish","4":"has-post-thumbnail","6":"product_brand-nenuphar","7":"product_cat-186","8":"product_cat-chariots-deriveurs","9":"product_tag-311","10":"product_shipping_class-schenker","12":"first","13":"onbackorder","14":"taxable","15":"shipping-taxable","16":"purchasable","17":"product-type-simple"},"acf":[],"aioseo_notices":[],"uagb_featured_image_src":{"full":["https:\/\/www.nenuphar.com\/wp-content\/uploads\/2026\/01\/6029.jpg",400,153,false],"thumbnail":["https:\/\/www.nenuphar.com\/wp-content\/uploads\/2026\/01\/6029-150x150.jpg",150,150,true],"medium":["https:\/\/www.nenuphar.com\/wp-content\/uploads\/2026\/01\/6029-300x115.jpg",300,115,true],"medium_large":["https:\/\/www.nenuphar.com\/wp-content\/uploads\/2026\/01\/6029.jpg",400,153,false],"large":["https:\/\/www.nenuphar.com\/wp-content\/uploads\/2026\/01\/6029.jpg",400,153,false],"1536x1536":["https:\/\/www.nenuphar.com\/wp-content\/uploads\/2026\/01\/6029.jpg",400,153,false],"2048x2048":["https:\/\/www.nenuphar.com\/wp-content\/uploads\/2026\/01\/6029.jpg",400,153,false],"trp-custom-language-flag":["https:\/\/www.nenuphar.com\/wp-content\/uploads\/2026\/01\/6029.jpg",18,7,false],"woocommerce_thumbnail":["https:\/\/www.nenuphar.com\/wp-content\/uploads\/2026\/01\/6029-300x153.jpg",300,153,true],"woocommerce_single":["https:\/\/www.nenuphar.com\/wp-content\/uploads\/2026\/01\/6029.jpg",400,153,false],"woocommerce_gallery_thumbnail":["https:\/\/www.nenuphar.com\/wp-content\/uploads\/2026\/01\/6029-100x100.jpg",100,100,true]},"uagb_author_info":{"display_name":"Karine","author_link":"https:\/\/www.nenuphar.com\/en\/author\/"},"uagb_comment_info":0,"uagb_excerpt":"Fabriqu\u00e9 en France. Le chariot alu sp\u00e9cial 420. L\u00e9ger et d\u00e9montable, il vous suivra dans tous vos d\u00e9placements. Support arri\u00e8re par sangle. Mod\u00e8le sp\u00e9cial pour 420. Il est imp\u00e9ratif de l&rsquo;utiliser pour ce type de bateau (r\u00e9f: 3181_420). Si on souhaite un chariot tr\u00e8s l\u00e9ger devant pour un 445, on choisira \u00e9galement ce mod\u00e8le. 3181:&hellip;","_links":{"self":[{"href":"https:\/\/www.nenuphar.com\/en\/wp-json\/wp\/v2\/product\/3157","targetHints":{"allow":["GET"]}}],"collection":[{"href":"https:\/\/www.nenuphar.com\/en\/wp-json\/wp\/v2\/product"}],"about":[{"href":"https:\/\/www.nenuphar.com\/en\/wp-json\/wp\/v2\/types\/product"}],"wp:featuredmedia":[{"embeddable":true,"href":"https:\/\/www.nenuphar.com\/en\/wp-json\/wp\/v2\/media\/3203"}],"wp:attachment":[{"href":"https:\/\/www.nenuphar.com\/en\/wp-json\/wp\/v2\/media?parent=3157"}],"wp:term":[{"taxonomy":"product_brand","embeddable":true,"href":"https:\/\/www.nenuphar.com\/en\/wp-json\/wp\/v2\/product_brand?post=3157"},{"taxonomy":"product_cat","embeddable":true,"href":"https:\/\/www.nenuphar.com\/en\/wp-json\/wp\/v2\/product_cat?post=3157"},{"taxonomy":"product_tag","embeddable":true,"href":"https:\/\/www.nenuphar.com\/en\/wp-json\/wp\/v2\/product_tag?post=3157"}],"curies":[{"name":"wp","href":"https:\/\/api.w.org\/{rel}","templated":true}]}}