{"id":3158,"date":"2026-01-06T08:44:15","date_gmt":"2026-01-06T08:44:15","guid":{"rendered":"https:\/\/nen.kmkoncept.fr\/?post_type=product&#038;p=3158"},"modified":"2026-04-28T07:28:40","modified_gmt":"2026-04-28T07:28:40","slug":"chariot-alu-deriveur-grosses-roues","status":"publish","type":"product","link":"https:\/\/www.nenuphar.com\/en\/shop\/stockage\/chariots\/chariots-deriveurs\/chariot-alu-deriveur-grosses-roues\/","title":{"rendered":"Aluminum Dinghy Trolley \u2013 Large Wheels 7624"},"content":{"rendered":"<p>Launch trolley for small dinghies with balloon wheels. Ideal for sand.<\/p>\n<p>Made in France. Dismantlable aluminum trolley equipped with large wheels ref. 7624N (balloon wheels approx. 56 cm diameter, 21.5 cm width).<\/p>\n<p>Dinghies: Up to 445<\/p>\n<\/p>\n<p>Drawbar length: 2.74 m<\/p>\n<\/p>\n<p>Note: Specific model for the 420. Please indicate in the comment section at the end of your order that your trolley is intended for a 420.<\/p>","protected":false},"excerpt":{"rendered":"<p>Chariot de mise \u00e0 l&rsquo;eau petit d\u00e9riveur avec roues ballon. Id\u00e9al sur le sable Fabriqu\u00e9 en France. Chariot d\u00e9montable en alu \u00e9quip\u00e9 des grosses roues ref 7624N (Roue ballon diam\u00e8tre environ 56 cm largeur 21.5 cm) d\u00e9riveurs: Jusqu&rsquo;au 445 Longueur timon: 2m74 Attention: mod\u00e8le sp\u00e9cifique pour les 420: nous indiquer en commentaire en fin de [&hellip;]<\/p>\n","protected":false},"featured_media":3205,"template":"","meta":{"_acf_changed":false,"_uag_custom_page_level_css":""},"product_brand":[430],"product_cat":[139],"product_tag":[],"class_list":{"0":"post-3158","1":"product","2":"type-product","3":"status-publish","4":"has-post-thumbnail","6":"product_brand-nenuphar","7":"product_cat-chariots-deriveurs","8":"product_shipping_class-schenker","10":"first","11":"instock","12":"taxable","13":"shipping-taxable","14":"purchasable","15":"product-type-simple"},"acf":[],"aioseo_notices":[],"uagb_featured_image_src":{"full":["https:\/\/www.nenuphar.com\/wp-content\/uploads\/2026\/01\/5903.jpg",674,388,false],"thumbnail":["https:\/\/www.nenuphar.com\/wp-content\/uploads\/2026\/01\/5903-150x150.jpg",150,150,true],"medium":["https:\/\/www.nenuphar.com\/wp-content\/uploads\/2026\/01\/5903-300x173.jpg",300,173,true],"medium_large":["https:\/\/www.nenuphar.com\/wp-content\/uploads\/2026\/01\/5903.jpg",674,388,false],"large":["https:\/\/www.nenuphar.com\/wp-content\/uploads\/2026\/01\/5903.jpg",674,388,false],"1536x1536":["https:\/\/www.nenuphar.com\/wp-content\/uploads\/2026\/01\/5903.jpg",674,388,false],"2048x2048":["https:\/\/www.nenuphar.com\/wp-content\/uploads\/2026\/01\/5903.jpg",674,388,false],"trp-custom-language-flag":["https:\/\/www.nenuphar.com\/wp-content\/uploads\/2026\/01\/5903.jpg",18,10,false],"woocommerce_thumbnail":["https:\/\/www.nenuphar.com\/wp-content\/uploads\/2026\/01\/5903-300x300.jpg",300,300,true],"woocommerce_single":["https:\/\/www.nenuphar.com\/wp-content\/uploads\/2026\/01\/5903-600x345.jpg",600,345,true],"woocommerce_gallery_thumbnail":["https:\/\/www.nenuphar.com\/wp-content\/uploads\/2026\/01\/5903-100x100.jpg",100,100,true]},"uagb_author_info":{"display_name":"Karine","author_link":"https:\/\/www.nenuphar.com\/en\/author\/"},"uagb_comment_info":0,"uagb_excerpt":"Chariot de mise \u00e0 l&rsquo;eau petit d\u00e9riveur avec roues ballon. Id\u00e9al sur le sable Fabriqu\u00e9 en France. Chariot d\u00e9montable en alu \u00e9quip\u00e9 des grosses roues ref 7624N (Roue ballon diam\u00e8tre environ 56 cm largeur 21.5 cm) d\u00e9riveurs: Jusqu&rsquo;au 445 Longueur timon: 2m74 Attention: mod\u00e8le sp\u00e9cifique pour les 420: nous indiquer en commentaire en fin de&hellip;","_links":{"self":[{"href":"https:\/\/www.nenuphar.com\/en\/wp-json\/wp\/v2\/product\/3158","targetHints":{"allow":["GET"]}}],"collection":[{"href":"https:\/\/www.nenuphar.com\/en\/wp-json\/wp\/v2\/product"}],"about":[{"href":"https:\/\/www.nenuphar.com\/en\/wp-json\/wp\/v2\/types\/product"}],"wp:featuredmedia":[{"embeddable":true,"href":"https:\/\/www.nenuphar.com\/en\/wp-json\/wp\/v2\/media\/3205"}],"wp:attachment":[{"href":"https:\/\/www.nenuphar.com\/en\/wp-json\/wp\/v2\/media?parent=3158"}],"wp:term":[{"taxonomy":"product_brand","embeddable":true,"href":"https:\/\/www.nenuphar.com\/en\/wp-json\/wp\/v2\/product_brand?post=3158"},{"taxonomy":"product_cat","embeddable":true,"href":"https:\/\/www.nenuphar.com\/en\/wp-json\/wp\/v2\/product_cat?post=3158"},{"taxonomy":"product_tag","embeddable":true,"href":"https:\/\/www.nenuphar.com\/en\/wp-json\/wp\/v2\/product_tag?post=3158"}],"curies":[{"name":"wp","href":"https:\/\/api.w.org\/{rel}","templated":true}]}}