{"id":3164,"date":"2026-01-06T08:44:15","date_gmt":"2026-01-06T08:44:15","guid":{"rendered":"https:\/\/nen.kmkoncept.fr\/?post_type=product&#038;p=3164"},"modified":"2026-04-28T07:28:40","modified_gmt":"2026-04-28T07:28:40","slug":"chariot-alu-de-mise-a-leau-laser-demontable-sans-sac","status":"publish","type":"product","link":"https:\/\/www.nenuphar.com\/en\/shop\/stockage\/chariots\/chariots-deriveurs\/chariot-alu-de-mise-a-leau-laser-demontable-sans-sac\/","title":{"rendered":"Aluminum Detachable Laser Launching Trolley \u2013 Without Bag"},"content":{"rendered":"<p>This is our well known aluminium trolley for Laser, fully removable, ref 3182L, but delivered without the stocking bag.<\/p>","protected":false},"excerpt":{"rendered":"<p>This is our well known aluminium trolley for Laser, fully removable, ref 3182L, but delivered without the stocking bag.<\/p>","protected":false},"featured_media":3215,"template":"","meta":{"_acf_changed":false,"_uag_custom_page_level_css":""},"product_brand":[430],"product_cat":[139],"product_tag":[],"class_list":{"0":"post-3164","1":"product","2":"type-product","3":"status-publish","4":"has-post-thumbnail","6":"product_brand-nenuphar","7":"product_cat-chariots-deriveurs","8":"product_shipping_class-schenker","10":"first","11":"onbackorder","12":"taxable","13":"shipping-taxable","14":"purchasable","15":"product-type-simple"},"acf":[],"aioseo_notices":[],"uagb_featured_image_src":{"full":["https:\/\/www.nenuphar.com\/wp-content\/uploads\/2026\/01\/3410-scaled.jpg",2560,1552,false],"thumbnail":["https:\/\/www.nenuphar.com\/wp-content\/uploads\/2026\/01\/3410-150x150.jpg",150,150,true],"medium":["https:\/\/www.nenuphar.com\/wp-content\/uploads\/2026\/01\/3410-300x182.jpg",300,182,true],"medium_large":["https:\/\/www.nenuphar.com\/wp-content\/uploads\/2026\/01\/3410-768x466.jpg",768,466,true],"large":["https:\/\/www.nenuphar.com\/wp-content\/uploads\/2026\/01\/3410-1024x621.jpg",1024,621,true],"1536x1536":["https:\/\/www.nenuphar.com\/wp-content\/uploads\/2026\/01\/3410-1536x931.jpg",1536,931,true],"2048x2048":["https:\/\/www.nenuphar.com\/wp-content\/uploads\/2026\/01\/3410-2048x1242.jpg",2048,1242,true],"trp-custom-language-flag":["https:\/\/www.nenuphar.com\/wp-content\/uploads\/2026\/01\/3410-scaled.jpg",18,12,false],"woocommerce_thumbnail":["https:\/\/www.nenuphar.com\/wp-content\/uploads\/2026\/01\/3410-300x300.jpg",300,300,true],"woocommerce_single":["https:\/\/www.nenuphar.com\/wp-content\/uploads\/2026\/01\/3410-600x364.jpg",600,364,true],"woocommerce_gallery_thumbnail":["https:\/\/www.nenuphar.com\/wp-content\/uploads\/2026\/01\/3410-100x100.jpg",100,100,true]},"uagb_author_info":{"display_name":"Karine","author_link":"https:\/\/www.nenuphar.com\/en\/author\/"},"uagb_comment_info":0,"uagb_excerpt":"Il s&rsquo;agit du chariot de mise \u00e0 l&rsquo;eau pour Laser enti\u00e8rement pliable r\u00e9f: 3182L, mais livr\u00e9 sans son sac.","_links":{"self":[{"href":"https:\/\/www.nenuphar.com\/en\/wp-json\/wp\/v2\/product\/3164","targetHints":{"allow":["GET"]}}],"collection":[{"href":"https:\/\/www.nenuphar.com\/en\/wp-json\/wp\/v2\/product"}],"about":[{"href":"https:\/\/www.nenuphar.com\/en\/wp-json\/wp\/v2\/types\/product"}],"wp:featuredmedia":[{"embeddable":true,"href":"https:\/\/www.nenuphar.com\/en\/wp-json\/wp\/v2\/media\/3215"}],"wp:attachment":[{"href":"https:\/\/www.nenuphar.com\/en\/wp-json\/wp\/v2\/media?parent=3164"}],"wp:term":[{"taxonomy":"product_brand","embeddable":true,"href":"https:\/\/www.nenuphar.com\/en\/wp-json\/wp\/v2\/product_brand?post=3164"},{"taxonomy":"product_cat","embeddable":true,"href":"https:\/\/www.nenuphar.com\/en\/wp-json\/wp\/v2\/product_cat?post=3164"},{"taxonomy":"product_tag","embeddable":true,"href":"https:\/\/www.nenuphar.com\/en\/wp-json\/wp\/v2\/product_tag?post=3164"}],"curies":[{"name":"wp","href":"https:\/\/api.w.org\/{rel}","templated":true}]}}