{"id":3170,"date":"2026-01-06T08:44:16","date_gmt":"2026-01-06T08:44:16","guid":{"rendered":"https:\/\/nen.kmkoncept.fr\/?post_type=product&#038;p=3170"},"modified":"2026-04-28T07:30:48","modified_gmt":"2026-04-28T07:30:48","slug":"chariot-galva-de-mise-a-leau-deriveur","status":"publish","type":"product","link":"https:\/\/www.nenuphar.com\/en\/shop\/stockage\/chariots\/chariots-deriveurs\/chariot-galva-de-mise-a-leau-deriveur\/","title":{"rendered":"Galvanized launching trolley for dinghy."},"content":{"rendered":"<p>Made in France. The all-purpose trolley! Simple and robust, with stainless steel wheel axles and hardware. Ref. 3201 can accommodate boats from 3 m to 4.75 m (Europe, Equipe, Laser, 420, 470, etc.). Low-pressure wheels, 400 mm diameter.\n\nRef. 3283 can accommodate boats from 4.70 m to 5.10 m (505, etc.).<\/p>\n<p>&nbsp;<\/p>\n<p>Drawbar length for ref. 3201: 2.85 m.<\/p>\n<p>Width at strap support points for ref. 3201: approximately 1.55 m.<\/p>\n<p>&nbsp;<\/p>\n<p>Drawbar length for ref. 3283: 3.50 m.<\/p>\n<p>Width at strap support points for ref. 3283: approximately 1.78 m<\/p>\n<p>&nbsp;<\/p>\n<p>Choisissez ci-dessous le mod\u00e8le d\u00e9sir\u00e9:<\/p>","protected":false},"excerpt":{"rendered":"<p>Livraison: 3 colis<\/p>\n<p>1) 2m70 x 0m52 x 0m54\u00a0 6.6 kg<\/p>\n<p>2) 1m76 x 0m18 x 0m34\u00a0 7.7 kg<\/p>\n<p>3) 0m40 x 0m40 x 0m40\u00a0 7.4 kg<\/p>","protected":false},"featured_media":3222,"template":"","meta":{"_acf_changed":false,"_uag_custom_page_level_css":""},"product_brand":[430],"product_cat":[139],"product_tag":[],"class_list":{"0":"post-3170","1":"product","2":"type-product","3":"status-publish","4":"has-post-thumbnail","6":"product_brand-nenuphar","7":"product_cat-chariots-deriveurs","9":"first","10":"onbackorder","11":"taxable","12":"shipping-taxable","13":"purchasable","14":"product-type-variable"},"acf":[],"aioseo_notices":[],"uagb_featured_image_src":{"full":["https:\/\/www.nenuphar.com\/wp-content\/uploads\/2026\/01\/1007.jpg",1139,400,false],"thumbnail":["https:\/\/www.nenuphar.com\/wp-content\/uploads\/2026\/01\/1007-150x150.jpg",150,150,true],"medium":["https:\/\/www.nenuphar.com\/wp-content\/uploads\/2026\/01\/1007-300x105.jpg",300,105,true],"medium_large":["https:\/\/www.nenuphar.com\/wp-content\/uploads\/2026\/01\/1007-768x270.jpg",768,270,true],"large":["https:\/\/www.nenuphar.com\/wp-content\/uploads\/2026\/01\/1007-1024x360.jpg",1024,360,true],"1536x1536":["https:\/\/www.nenuphar.com\/wp-content\/uploads\/2026\/01\/1007.jpg",1139,400,false],"2048x2048":["https:\/\/www.nenuphar.com\/wp-content\/uploads\/2026\/01\/1007.jpg",1139,400,false],"trp-custom-language-flag":["https:\/\/www.nenuphar.com\/wp-content\/uploads\/2026\/01\/1007.jpg",18,6,false],"woocommerce_thumbnail":["https:\/\/www.nenuphar.com\/wp-content\/uploads\/2026\/01\/1007-300x300.jpg",300,300,true],"woocommerce_single":["https:\/\/www.nenuphar.com\/wp-content\/uploads\/2026\/01\/1007-600x211.jpg",600,211,true],"woocommerce_gallery_thumbnail":["https:\/\/www.nenuphar.com\/wp-content\/uploads\/2026\/01\/1007-100x100.jpg",100,100,true]},"uagb_author_info":{"display_name":"Karine","author_link":"https:\/\/www.nenuphar.com\/en\/author\/"},"uagb_comment_info":0,"uagb_excerpt":"Livraison: 3 colis 1) 2m70 x 0m52 x 0m54\u00a0 6.6 kg 2) 1m76 x 0m18 x 0m34\u00a0 7.7 kg 3) 0m40 x 0m40 x 0m40\u00a0 7.4 kg","_links":{"self":[{"href":"https:\/\/www.nenuphar.com\/en\/wp-json\/wp\/v2\/product\/3170","targetHints":{"allow":["GET"]}}],"collection":[{"href":"https:\/\/www.nenuphar.com\/en\/wp-json\/wp\/v2\/product"}],"about":[{"href":"https:\/\/www.nenuphar.com\/en\/wp-json\/wp\/v2\/types\/product"}],"wp:featuredmedia":[{"embeddable":true,"href":"https:\/\/www.nenuphar.com\/en\/wp-json\/wp\/v2\/media\/3222"}],"wp:attachment":[{"href":"https:\/\/www.nenuphar.com\/en\/wp-json\/wp\/v2\/media?parent=3170"}],"wp:term":[{"taxonomy":"product_brand","embeddable":true,"href":"https:\/\/www.nenuphar.com\/en\/wp-json\/wp\/v2\/product_brand?post=3170"},{"taxonomy":"product_cat","embeddable":true,"href":"https:\/\/www.nenuphar.com\/en\/wp-json\/wp\/v2\/product_cat?post=3170"},{"taxonomy":"product_tag","embeddable":true,"href":"https:\/\/www.nenuphar.com\/en\/wp-json\/wp\/v2\/product_tag?post=3170"}],"curies":[{"name":"wp","href":"https:\/\/api.w.org\/{rel}","templated":true}]}}