{"id":3174,"date":"2026-01-06T08:44:16","date_gmt":"2026-01-06T08:44:16","guid":{"rendered":"https:\/\/nen.kmkoncept.fr\/?post_type=product&#038;p=3174"},"modified":"2026-04-28T07:28:44","modified_gmt":"2026-04-28T07:28:44","slug":"chariot-porte-8-canoes-kayaks-pav-sup-galva-4-roues-2-directionnelles","status":"publish","type":"product","link":"https:\/\/www.nenuphar.com\/en\/shop\/stockage\/chariots\/chariots-deriveurs\/chariot-porte-8-canoes-kayaks-pav-sup-galva-4-roues-2-directionnelles\/","title":{"rendered":"CHARIOT PORTE 8 &#8211; CANOES\/KAYACKS\/PAV\/SUP GALVA"},"content":{"rendered":"<p>Chariot 4 roues pour le transport de 8 cano\u00ebs ou 8 paddles ou 8 planches \u00e0 voile ou 8 kayaks, ou un panachage.<\/p>\n<p>Hauteur entre les supports r\u00e9glable.<\/p>\n<p>4 roues de 400 basse pression \u00e0 chambre \u00e0 air<\/p>\n<p>2 roues directionnelles.<\/p>\n<p>Attention article volumineux transport\u00e9 en affr\u00e8tement, cout des frais de port sur devis.<\/p>","protected":false},"excerpt":{"rendered":"<p>Chariot 4 roues pour le transport de 8 cano\u00ebs ou 8 paddles ou 8 planches \u00e0 voile ou 8 kayaks, ou un panachage. Hauteur entre les supports r\u00e9glable. 4 roues de 400 basse pression \u00e0 chambre \u00e0 air 2 roues directionnelles. Attention article volumineux transport\u00e9 en affr\u00e8tement, cout des frais de port sur devis.<\/p>","protected":false},"featured_media":3226,"template":"","meta":{"_acf_changed":false,"_uag_custom_page_level_css":""},"product_brand":[430],"product_cat":[139],"product_tag":[],"class_list":{"0":"post-3174","1":"product","2":"type-product","3":"status-publish","4":"has-post-thumbnail","6":"product_brand-nenuphar","7":"product_cat-chariots-deriveurs","8":"product_shipping_class-schenker","10":"first","11":"onbackorder","12":"taxable","13":"shipping-taxable","14":"purchasable","15":"product-type-simple"},"acf":[],"aioseo_notices":[],"uagb_featured_image_src":{"full":["https:\/\/www.nenuphar.com\/wp-content\/uploads\/2026\/01\/5866.png",745,570,false],"thumbnail":["https:\/\/www.nenuphar.com\/wp-content\/uploads\/2026\/01\/5866-150x150.png",150,150,true],"medium":["https:\/\/www.nenuphar.com\/wp-content\/uploads\/2026\/01\/5866-300x230.png",300,230,true],"medium_large":["https:\/\/www.nenuphar.com\/wp-content\/uploads\/2026\/01\/5866.png",745,570,false],"large":["https:\/\/www.nenuphar.com\/wp-content\/uploads\/2026\/01\/5866.png",745,570,false],"1536x1536":["https:\/\/www.nenuphar.com\/wp-content\/uploads\/2026\/01\/5866.png",745,570,false],"2048x2048":["https:\/\/www.nenuphar.com\/wp-content\/uploads\/2026\/01\/5866.png",745,570,false],"trp-custom-language-flag":["https:\/\/www.nenuphar.com\/wp-content\/uploads\/2026\/01\/5866.png",16,12,false],"woocommerce_thumbnail":["https:\/\/www.nenuphar.com\/wp-content\/uploads\/2026\/01\/5866-300x300.png",300,300,true],"woocommerce_single":["https:\/\/www.nenuphar.com\/wp-content\/uploads\/2026\/01\/5866-600x459.png",600,459,true],"woocommerce_gallery_thumbnail":["https:\/\/www.nenuphar.com\/wp-content\/uploads\/2026\/01\/5866-100x100.png",100,100,true]},"uagb_author_info":{"display_name":"Karine","author_link":"https:\/\/www.nenuphar.com\/en\/author\/"},"uagb_comment_info":0,"uagb_excerpt":"Chariot 4 roues pour le transport de 8 cano\u00ebs ou 8 paddles ou 8 planches \u00e0 voile ou 8 kayaks, ou un panachage. Hauteur entre les supports r\u00e9glable. 4 roues de 400 basse pression \u00e0 chambre \u00e0 air 2 roues directionnelles. Attention article volumineux transport\u00e9 en affr\u00e8tement, cout des frais de port sur devis.","_links":{"self":[{"href":"https:\/\/www.nenuphar.com\/en\/wp-json\/wp\/v2\/product\/3174","targetHints":{"allow":["GET"]}}],"collection":[{"href":"https:\/\/www.nenuphar.com\/en\/wp-json\/wp\/v2\/product"}],"about":[{"href":"https:\/\/www.nenuphar.com\/en\/wp-json\/wp\/v2\/types\/product"}],"wp:featuredmedia":[{"embeddable":true,"href":"https:\/\/www.nenuphar.com\/en\/wp-json\/wp\/v2\/media\/3226"}],"wp:attachment":[{"href":"https:\/\/www.nenuphar.com\/en\/wp-json\/wp\/v2\/media?parent=3174"}],"wp:term":[{"taxonomy":"product_brand","embeddable":true,"href":"https:\/\/www.nenuphar.com\/en\/wp-json\/wp\/v2\/product_brand?post=3174"},{"taxonomy":"product_cat","embeddable":true,"href":"https:\/\/www.nenuphar.com\/en\/wp-json\/wp\/v2\/product_cat?post=3174"},{"taxonomy":"product_tag","embeddable":true,"href":"https:\/\/www.nenuphar.com\/en\/wp-json\/wp\/v2\/product_tag?post=3174"}],"curies":[{"name":"wp","href":"https:\/\/api.w.org\/{rel}","templated":true}]}}