{"id":3176,"date":"2026-01-06T08:44:16","date_gmt":"2026-01-06T08:44:16","guid":{"rendered":"https:\/\/nen.kmkoncept.fr\/?post_type=product&#038;p=3176"},"modified":"2026-04-28T07:28:45","modified_gmt":"2026-04-28T07:28:45","slug":"chariot-galva-deriveur-lourd-grosses-roues-7624","status":"publish","type":"product","link":"https:\/\/www.nenuphar.com\/en\/shop\/stockage\/chariots\/chariots-deriveurs\/chariot-galva-deriveur-lourd-grosses-roues-7624\/","title":{"rendered":"CHARIOT EN ACIER GALVANISE POUR DERIVEUR LOURD &#8211; GROSSES ROUES 7624"},"content":{"rendered":"<p>Large-wheel trolley for heavy dinghies. Made of galvanized steel. Suitable for dinghies from 4.70 m.<\/p>\n<p>Tiller length: adjustable, maximum 3.50 m<\/p>\n<p>Width at the strap supports: approximately 1.78 m<\/p><\/p>","protected":false},"excerpt":{"rendered":"<p>Trolley for large dinghies. In galvanised steel and big foot wheels.<\/p>","protected":false},"featured_media":3229,"template":"","meta":{"_acf_changed":false,"_uag_custom_page_level_css":""},"product_brand":[430],"product_cat":[139],"product_tag":[],"class_list":{"0":"post-3176","1":"product","2":"type-product","3":"status-publish","4":"has-post-thumbnail","6":"product_brand-nenuphar","7":"product_cat-chariots-deriveurs","8":"product_shipping_class-schenker","10":"first","11":"onbackorder","12":"taxable","13":"shipping-taxable","14":"purchasable","15":"product-type-simple"},"acf":[],"aioseo_notices":[],"uagb_featured_image_src":{"full":["https:\/\/www.nenuphar.com\/wp-content\/uploads\/2026\/01\/5865.png",793,478,false],"thumbnail":["https:\/\/www.nenuphar.com\/wp-content\/uploads\/2026\/01\/5865-150x150.png",150,150,true],"medium":["https:\/\/www.nenuphar.com\/wp-content\/uploads\/2026\/01\/5865-300x181.png",300,181,true],"medium_large":["https:\/\/www.nenuphar.com\/wp-content\/uploads\/2026\/01\/5865-768x463.png",768,463,true],"large":["https:\/\/www.nenuphar.com\/wp-content\/uploads\/2026\/01\/5865.png",793,478,false],"1536x1536":["https:\/\/www.nenuphar.com\/wp-content\/uploads\/2026\/01\/5865.png",793,478,false],"2048x2048":["https:\/\/www.nenuphar.com\/wp-content\/uploads\/2026\/01\/5865.png",793,478,false],"trp-custom-language-flag":["https:\/\/www.nenuphar.com\/wp-content\/uploads\/2026\/01\/5865.png",18,12,false],"woocommerce_thumbnail":["https:\/\/www.nenuphar.com\/wp-content\/uploads\/2026\/01\/5865-300x300.png",300,300,true],"woocommerce_single":["https:\/\/www.nenuphar.com\/wp-content\/uploads\/2026\/01\/5865-600x362.png",600,362,true],"woocommerce_gallery_thumbnail":["https:\/\/www.nenuphar.com\/wp-content\/uploads\/2026\/01\/5865-100x100.png",100,100,true]},"uagb_author_info":{"display_name":"Karine","author_link":"https:\/\/www.nenuphar.com\/en\/author\/"},"uagb_comment_info":0,"uagb_excerpt":"Chariot grosses roues pour d\u00e9riveurs lourds . En acier galvanis\u00e9. Pour d\u00e9riveurs \u00e0 partir de 4m70 Longueur timon: r\u00e9glable, maxi : 3m50 Largeur au niveau des supports de sangle : environ 1m78","_links":{"self":[{"href":"https:\/\/www.nenuphar.com\/en\/wp-json\/wp\/v2\/product\/3176","targetHints":{"allow":["GET"]}}],"collection":[{"href":"https:\/\/www.nenuphar.com\/en\/wp-json\/wp\/v2\/product"}],"about":[{"href":"https:\/\/www.nenuphar.com\/en\/wp-json\/wp\/v2\/types\/product"}],"wp:featuredmedia":[{"embeddable":true,"href":"https:\/\/www.nenuphar.com\/en\/wp-json\/wp\/v2\/media\/3229"}],"wp:attachment":[{"href":"https:\/\/www.nenuphar.com\/en\/wp-json\/wp\/v2\/media?parent=3176"}],"wp:term":[{"taxonomy":"product_brand","embeddable":true,"href":"https:\/\/www.nenuphar.com\/en\/wp-json\/wp\/v2\/product_brand?post=3176"},{"taxonomy":"product_cat","embeddable":true,"href":"https:\/\/www.nenuphar.com\/en\/wp-json\/wp\/v2\/product_cat?post=3176"},{"taxonomy":"product_tag","embeddable":true,"href":"https:\/\/www.nenuphar.com\/en\/wp-json\/wp\/v2\/product_tag?post=3176"}],"curies":[{"name":"wp","href":"https:\/\/api.w.org\/{rel}","templated":true}]}}