{"id":3179,"date":"2026-01-06T08:44:17","date_gmt":"2026-01-06T08:44:17","guid":{"rendered":"https:\/\/nen.kmkoncept.fr\/?post_type=product&#038;p=3179"},"modified":"2026-04-28T07:30:49","modified_gmt":"2026-04-28T07:30:49","slug":"chariot-deriveur-galva-en-v-longueur-timon-1900-cms","status":"publish","type":"product","link":"https:\/\/www.nenuphar.com\/en\/shop\/stockage\/chariots\/chariots-deriveurs\/chariot-deriveur-galva-en-v-longueur-timon-1900-cms\/","title":{"rendered":"V-Shaped Galvanized Dinghy Trolley \u2013 Tiller Length 1900 mm"},"content":{"rendered":"<p>V-shaped galvanized dinghy trolley.<\/p>\n<p>Available in several sizes:<\/p>\n<p>&#8211; Longueur 1m90 r\u00e9f 3289_1900<\/p>\n<p>&#8211; Longueur 2m20 r\u00e9f 3289<\/p>\n<p>&#8211; Longueur 2m50 r\u00e9f 3286<\/p>\n<p>&#8211; Longueur 2m75 r\u00e9f 3286_2750<\/p>\n<p>&#8211; Longueur 3m00 r\u00e9f 3287<\/p>\n<p>Mesure \u00ab\u00a0A\u00a0\u00bb sur le sch\u00e9ma: 1m08 tous mod\u00e8les<\/p>\n<p>Mesure \u00ab\u00a0B\u00a0\u00bb sur le sch\u00e9ma: 1m34 tous mod\u00e8les.<\/p>\n<p>Trolleys from 1.90 m to 2.50 m are compatible with a Pam-Rocca-Nautilus road base when the wheels are removed.<\/p>","protected":false},"excerpt":{"rendered":"<p>Chariot Galva en \u00ab\u00a0V\u00a0\u00bb d\u00e9riveur . Existe en plusieurs dimensions: &#8211; Longueur 1m90 r\u00e9f 3289_1900 &#8211; Longueur 2m20 r\u00e9f 3289 &#8211; Longueur 2m50 r\u00e9f 3286 &#8211; Longueur 2m75 r\u00e9f 3286_2750 &#8211; Longueur 3m00 r\u00e9f 3287 Mesure \u00ab\u00a0A\u00a0\u00bb sur le sch\u00e9ma: 1m08 tous mod\u00e8les Mesure \u00ab\u00a0B\u00a0\u00bb sur le sch\u00e9ma: 1m34 tous mod\u00e8les. Les chariots de 1m90 [&hellip;]<\/p>\n","protected":false},"featured_media":3233,"template":"","meta":{"_acf_changed":false,"_uag_custom_page_level_css":""},"product_brand":[430],"product_cat":[139],"product_tag":[],"class_list":{"0":"post-3179","1":"product","2":"type-product","3":"status-publish","4":"has-post-thumbnail","6":"product_brand-nenuphar","7":"product_cat-chariots-deriveurs","9":"first","10":"onbackorder","11":"taxable","12":"shipping-taxable","13":"purchasable","14":"product-type-variable"},"acf":[],"aioseo_notices":[],"uagb_featured_image_src":{"full":["https:\/\/www.nenuphar.com\/wp-content\/uploads\/2026\/01\/5467-scaled.jpg",2560,1920,false],"thumbnail":["https:\/\/www.nenuphar.com\/wp-content\/uploads\/2026\/01\/5467-150x150.jpg",150,150,true],"medium":["https:\/\/www.nenuphar.com\/wp-content\/uploads\/2026\/01\/5467-300x225.jpg",300,225,true],"medium_large":["https:\/\/www.nenuphar.com\/wp-content\/uploads\/2026\/01\/5467-768x576.jpg",768,576,true],"large":["https:\/\/www.nenuphar.com\/wp-content\/uploads\/2026\/01\/5467-1024x768.jpg",1024,768,true],"1536x1536":["https:\/\/www.nenuphar.com\/wp-content\/uploads\/2026\/01\/5467-1536x1152.jpg",1536,1152,true],"2048x2048":["https:\/\/www.nenuphar.com\/wp-content\/uploads\/2026\/01\/5467-2048x1536.jpg",2048,1536,true],"trp-custom-language-flag":["https:\/\/www.nenuphar.com\/wp-content\/uploads\/2026\/01\/5467-scaled.jpg",16,12,false],"woocommerce_thumbnail":["https:\/\/www.nenuphar.com\/wp-content\/uploads\/2026\/01\/5467-300x300.jpg",300,300,true],"woocommerce_single":["https:\/\/www.nenuphar.com\/wp-content\/uploads\/2026\/01\/5467-600x450.jpg",600,450,true],"woocommerce_gallery_thumbnail":["https:\/\/www.nenuphar.com\/wp-content\/uploads\/2026\/01\/5467-100x100.jpg",100,100,true]},"uagb_author_info":{"display_name":"Karine","author_link":"https:\/\/www.nenuphar.com\/en\/author\/"},"uagb_comment_info":0,"uagb_excerpt":"Chariot Galva en \u00ab\u00a0V\u00a0\u00bb d\u00e9riveur . Existe en plusieurs dimensions: &#8211; Longueur 1m90 r\u00e9f 3289_1900 &#8211; Longueur 2m20 r\u00e9f 3289 &#8211; Longueur 2m50 r\u00e9f 3286 &#8211; Longueur 2m75 r\u00e9f 3286_2750 &#8211; Longueur 3m00 r\u00e9f 3287 Mesure \u00ab\u00a0A\u00a0\u00bb sur le sch\u00e9ma: 1m08 tous mod\u00e8les Mesure \u00ab\u00a0B\u00a0\u00bb sur le sch\u00e9ma: 1m34 tous mod\u00e8les. Les chariots de 1m90&hellip;","_links":{"self":[{"href":"https:\/\/www.nenuphar.com\/en\/wp-json\/wp\/v2\/product\/3179","targetHints":{"allow":["GET"]}}],"collection":[{"href":"https:\/\/www.nenuphar.com\/en\/wp-json\/wp\/v2\/product"}],"about":[{"href":"https:\/\/www.nenuphar.com\/en\/wp-json\/wp\/v2\/types\/product"}],"wp:featuredmedia":[{"embeddable":true,"href":"https:\/\/www.nenuphar.com\/en\/wp-json\/wp\/v2\/media\/3233"}],"wp:attachment":[{"href":"https:\/\/www.nenuphar.com\/en\/wp-json\/wp\/v2\/media?parent=3179"}],"wp:term":[{"taxonomy":"product_brand","embeddable":true,"href":"https:\/\/www.nenuphar.com\/en\/wp-json\/wp\/v2\/product_brand?post=3179"},{"taxonomy":"product_cat","embeddable":true,"href":"https:\/\/www.nenuphar.com\/en\/wp-json\/wp\/v2\/product_cat?post=3179"},{"taxonomy":"product_tag","embeddable":true,"href":"https:\/\/www.nenuphar.com\/en\/wp-json\/wp\/v2\/product_tag?post=3179"}],"curies":[{"name":"wp","href":"https:\/\/api.w.org\/{rel}","templated":true}]}}