{"id":3191,"date":"2026-01-06T08:44:50","date_gmt":"2026-01-06T08:44:50","guid":{"rendered":"https:\/\/nen.kmkoncept.fr\/?post_type=product&#038;p=3191"},"modified":"2026-04-09T05:46:48","modified_gmt":"2026-04-09T05:46:48","slug":"chariot-galva-empi-hansa-breeze-et-303","status":"publish","type":"product","link":"https:\/\/www.nenuphar.com\/en\/shop\/stockage\/chariots\/chariots-deriveurs\/chariot-galva-empi-hansa-breeze-et-303\/","title":{"rendered":"Galvanized Trolley Stop \u2013 Access Breeze and 303"},"content":{"rendered":"<p>Made in France.<\/p>\n<\/p>\n<p>Launching trolley for Hansa 2.3 and 303. Sold individually.<\/p>\n<p>Versatile trolley for Access Breeze, Access 2.3, and Access 303. Stackable trolley, allowing either transport of multiple boats or optimized storage.<\/p>\n<p>Chariot pour Hansa 303.<\/p>\n<p>The difference with trolley ref. 32HANSA lies in the double front support, one of which is removable, allowing it to carry both a 2.3 and a 303.<\/p>\n<\/p>\n<p>Le chariot r\u00e9f 32HANSA est uniquement destin\u00e9 aux Hansa (ou Access) 303.<\/p><\/p>","protected":false},"excerpt":{"rendered":"<p>Fabriqu\u00e9 en France. Chariot de mise \u00e0 l&rsquo;eau pour Hansa 2.3 ET 303. Vendu \u00e0 l&rsquo;unit\u00e9. Chariot polyvalent pour Acess Breeze, Acess 2.3 et Acess 303. Chariot empilable, permettant soit le transport de plusieurs bateaux, soit leur rangement optimis\u00e9. Chariot pour Hansa 303. La diff\u00e9rence avec le chariot r\u00e9f 32HANSA r\u00e9side dans le fait qu&rsquo;il [&hellip;]<\/p>\n","protected":false},"featured_media":3235,"template":"","meta":{"_acf_changed":false,"_uag_custom_page_level_css":""},"product_brand":[430],"product_cat":[139],"product_tag":[],"class_list":{"0":"post-3191","1":"product","2":"type-product","3":"status-publish","4":"has-post-thumbnail","6":"product_brand-nenuphar","7":"product_cat-chariots-deriveurs","9":"first","10":"onbackorder","11":"taxable","12":"shipping-taxable","13":"purchasable","14":"product-type-simple"},"acf":[],"aioseo_notices":[],"uagb_featured_image_src":{"full":["https:\/\/www.nenuphar.com\/wp-content\/uploads\/2026\/01\/5236.jpg",900,1600,false],"thumbnail":["https:\/\/www.nenuphar.com\/wp-content\/uploads\/2026\/01\/5236-150x150.jpg",150,150,true],"medium":["https:\/\/www.nenuphar.com\/wp-content\/uploads\/2026\/01\/5236-169x300.jpg",169,300,true],"medium_large":["https:\/\/www.nenuphar.com\/wp-content\/uploads\/2026\/01\/5236-768x1365.jpg",768,1365,true],"large":["https:\/\/www.nenuphar.com\/wp-content\/uploads\/2026\/01\/5236-576x1024.jpg",576,1024,true],"1536x1536":["https:\/\/www.nenuphar.com\/wp-content\/uploads\/2026\/01\/5236-864x1536.jpg",864,1536,true],"2048x2048":["https:\/\/www.nenuphar.com\/wp-content\/uploads\/2026\/01\/5236.jpg",900,1600,false],"trp-custom-language-flag":["https:\/\/www.nenuphar.com\/wp-content\/uploads\/2026\/01\/5236.jpg",7,12,false],"woocommerce_thumbnail":["https:\/\/www.nenuphar.com\/wp-content\/uploads\/2026\/01\/5236-300x300.jpg",300,300,true],"woocommerce_single":["https:\/\/www.nenuphar.com\/wp-content\/uploads\/2026\/01\/5236-600x1067.jpg",600,1067,true],"woocommerce_gallery_thumbnail":["https:\/\/www.nenuphar.com\/wp-content\/uploads\/2026\/01\/5236-100x100.jpg",100,100,true]},"uagb_author_info":{"display_name":"Karine","author_link":"https:\/\/www.nenuphar.com\/en\/author\/"},"uagb_comment_info":0,"uagb_excerpt":"Fabriqu\u00e9 en France. Chariot de mise \u00e0 l&rsquo;eau pour Hansa 2.3 ET 303. Vendu \u00e0 l&rsquo;unit\u00e9. Chariot polyvalent pour Acess Breeze, Acess 2.3 et Acess 303. Chariot empilable, permettant soit le transport de plusieurs bateaux, soit leur rangement optimis\u00e9. Chariot pour Hansa 303. La diff\u00e9rence avec le chariot r\u00e9f 32HANSA r\u00e9side dans le fait qu&rsquo;il&hellip;","_links":{"self":[{"href":"https:\/\/www.nenuphar.com\/en\/wp-json\/wp\/v2\/product\/3191","targetHints":{"allow":["GET"]}}],"collection":[{"href":"https:\/\/www.nenuphar.com\/en\/wp-json\/wp\/v2\/product"}],"about":[{"href":"https:\/\/www.nenuphar.com\/en\/wp-json\/wp\/v2\/types\/product"}],"wp:featuredmedia":[{"embeddable":true,"href":"https:\/\/www.nenuphar.com\/en\/wp-json\/wp\/v2\/media\/3235"}],"wp:attachment":[{"href":"https:\/\/www.nenuphar.com\/en\/wp-json\/wp\/v2\/media?parent=3191"}],"wp:term":[{"taxonomy":"product_brand","embeddable":true,"href":"https:\/\/www.nenuphar.com\/en\/wp-json\/wp\/v2\/product_brand?post=3191"},{"taxonomy":"product_cat","embeddable":true,"href":"https:\/\/www.nenuphar.com\/en\/wp-json\/wp\/v2\/product_cat?post=3191"},{"taxonomy":"product_tag","embeddable":true,"href":"https:\/\/www.nenuphar.com\/en\/wp-json\/wp\/v2\/product_tag?post=3191"}],"curies":[{"name":"wp","href":"https:\/\/api.w.org\/{rel}","templated":true}]}}