{"id":3255,"date":"2026-01-06T08:50:55","date_gmt":"2026-01-06T08:50:55","guid":{"rendered":"https:\/\/nen.kmkoncept.fr\/?post_type=product&#038;p=3255"},"modified":"2026-04-28T07:28:39","modified_gmt":"2026-04-28T07:28:39","slug":"chariot-alu-catsy-grosses-roues-guide-et-roue-jockey","status":"publish","type":"product","link":"https:\/\/www.nenuphar.com\/en\/shop\/stockage\/chariots\/chariots-catamarans\/chariot-alu-catsy-grosses-roues-guide-et-roue-jockey\/","title":{"rendered":"Aluminum Catsy Large Trolley"},"content":{"rendered":"<p><strong>On sale, only 3 pieces left.<\/strong><\/p>\n<p>Aluminum trolley with side guides, for small catamarans like Hobie Catsy.<\/p>\n<p>Width between guides: 1.69 m<\/p>\n<p>Large balloon wheels with bushings. Wheels with bearings optional. Perfect for use on fine sand.<\/p>\n<p>Jockey wheel with shaft mounted on ball bearings.<\/p>\n<p>Outer wheels for the boat.<\/p>\n<p>Vertical stop against which the front beam is pressed for optimal boat balance adjustment.<\/p><\/p>","protected":false},"excerpt":{"rendered":"<p>En promo, reste 3 pcs Chariot alu avec guides lat\u00e9raux, pour petit catamaran genre Hobie Catsy. Largeur entre guides : 1m69 Grosses roues ballon\u00a0 \u00e0 bagues. Roues \u00e0 roulements en option.Parfait pour une utilisation sur sable fin. Roue jockey avec tige mont\u00e9e sur roulements \u00e0 billes. Roues ext\u00e9rieures au bateau. But\u00e9e verticale contre laquelle on [&hellip;]<\/p>\n","protected":false},"featured_media":3278,"template":"","meta":{"_acf_changed":false,"_uag_custom_page_level_css":""},"product_brand":[430],"product_cat":[140],"product_tag":[],"class_list":{"0":"post-3255","1":"product","2":"type-product","3":"status-publish","4":"has-post-thumbnail","6":"product_brand-nenuphar","7":"product_cat-chariots-catamarans","8":"product_shipping_class-schenker","10":"first","11":"instock","12":"taxable","13":"shipping-taxable","14":"purchasable","15":"product-type-simple"},"acf":[],"aioseo_notices":[],"uagb_featured_image_src":{"full":["https:\/\/www.nenuphar.com\/wp-content\/uploads\/2026\/01\/5230.jpg",1063,797,false],"thumbnail":["https:\/\/www.nenuphar.com\/wp-content\/uploads\/2026\/01\/5230-150x150.jpg",150,150,true],"medium":["https:\/\/www.nenuphar.com\/wp-content\/uploads\/2026\/01\/5230-300x225.jpg",300,225,true],"medium_large":["https:\/\/www.nenuphar.com\/wp-content\/uploads\/2026\/01\/5230-768x576.jpg",768,576,true],"large":["https:\/\/www.nenuphar.com\/wp-content\/uploads\/2026\/01\/5230-1024x768.jpg",1024,768,true],"1536x1536":["https:\/\/www.nenuphar.com\/wp-content\/uploads\/2026\/01\/5230.jpg",1063,797,false],"2048x2048":["https:\/\/www.nenuphar.com\/wp-content\/uploads\/2026\/01\/5230.jpg",1063,797,false],"trp-custom-language-flag":["https:\/\/www.nenuphar.com\/wp-content\/uploads\/2026\/01\/5230.jpg",16,12,false],"woocommerce_thumbnail":["https:\/\/www.nenuphar.com\/wp-content\/uploads\/2026\/01\/5230-300x300.jpg",300,300,true],"woocommerce_single":["https:\/\/www.nenuphar.com\/wp-content\/uploads\/2026\/01\/5230-600x450.jpg",600,450,true],"woocommerce_gallery_thumbnail":["https:\/\/www.nenuphar.com\/wp-content\/uploads\/2026\/01\/5230-100x100.jpg",100,100,true]},"uagb_author_info":{"display_name":"Karine","author_link":"https:\/\/www.nenuphar.com\/en\/author\/"},"uagb_comment_info":0,"uagb_excerpt":"En promo, reste 3 pcs Chariot alu avec guides lat\u00e9raux, pour petit catamaran genre Hobie Catsy. Largeur entre guides : 1m69 Grosses roues ballon\u00a0 \u00e0 bagues. Roues \u00e0 roulements en option.Parfait pour une utilisation sur sable fin. Roue jockey avec tige mont\u00e9e sur roulements \u00e0 billes. Roues ext\u00e9rieures au bateau. But\u00e9e verticale contre laquelle on&hellip;","_links":{"self":[{"href":"https:\/\/www.nenuphar.com\/en\/wp-json\/wp\/v2\/product\/3255","targetHints":{"allow":["GET"]}}],"collection":[{"href":"https:\/\/www.nenuphar.com\/en\/wp-json\/wp\/v2\/product"}],"about":[{"href":"https:\/\/www.nenuphar.com\/en\/wp-json\/wp\/v2\/types\/product"}],"wp:featuredmedia":[{"embeddable":true,"href":"https:\/\/www.nenuphar.com\/en\/wp-json\/wp\/v2\/media\/3278"}],"wp:attachment":[{"href":"https:\/\/www.nenuphar.com\/en\/wp-json\/wp\/v2\/media?parent=3255"}],"wp:term":[{"taxonomy":"product_brand","embeddable":true,"href":"https:\/\/www.nenuphar.com\/en\/wp-json\/wp\/v2\/product_brand?post=3255"},{"taxonomy":"product_cat","embeddable":true,"href":"https:\/\/www.nenuphar.com\/en\/wp-json\/wp\/v2\/product_cat?post=3255"},{"taxonomy":"product_tag","embeddable":true,"href":"https:\/\/www.nenuphar.com\/en\/wp-json\/wp\/v2\/product_tag?post=3255"}],"curies":[{"name":"wp","href":"https:\/\/api.w.org\/{rel}","templated":true}]}}