{"id":3261,"date":"2026-01-06T08:50:55","date_gmt":"2026-01-06T08:50:55","guid":{"rendered":"https:\/\/nen.kmkoncept.fr\/?post_type=product&#038;p=3261"},"modified":"2026-04-28T07:30:48","modified_gmt":"2026-04-28T07:30:48","slug":"chariot-fixe-alu-de-mise-a-leau-catamaran-4rtimon-modele-1","status":"publish","type":"product","link":"https:\/\/www.nenuphar.com\/en\/shop\/series\/catamarans-series\/dart\/dart-15\/chariot-fixe-alu-de-mise-a-leau-catamaran-4rtimon-modele-1\/","title":{"rendered":"Fixed aluminum beach launching trolley for catamaran 4R + tow bar, Model 1."},"content":{"rendered":"<p>Made in France. Choose the size suitable for your catamaran. Feel free to contact us for advice.<\/p>\n<p>In the \u201cDownloads\u201d section, you will find a table showing the different dimensions of each trolley, helping you choose the one that best suits your needs.<\/p>","protected":false},"excerpt":{"rendered":"<p>Fabriqu\u00e9 en France. Choisissez la taille adapt\u00e9e \u00e0 votre catamaran. N&rsquo;h\u00e9sitez pas \u00e0 nous contacter pour recevoir des conseils. Dans la partie \u00ab\u00a0t\u00e9l\u00e9chargements\u00a0\u00bb vous avez un tableau reprenant les diff\u00e9rentes dimensions de chaque chariot, afin de trouver celui qui vous correspond le mieux.<\/p>","protected":false},"featured_media":3292,"template":"","meta":{"_acf_changed":false,"_uag_custom_page_level_css":""},"product_brand":[430],"product_cat":[140,251,254,266,265,280,285,304],"product_tag":[],"class_list":{"0":"post-3261","1":"product","2":"type-product","3":"status-publish","4":"has-post-thumbnail","6":"product_brand-nenuphar","7":"product_cat-chariots-catamarans","8":"product_cat-dart-15","9":"product_cat-edel-cat-15","10":"product_cat-hobbie-twixy","11":"product_cat-hobie-teddy","12":"product_cat-kl-colibri","13":"product_cat-nc-15-club","14":"product_cat-topaz-14","15":"product_shipping_class-schenker","17":"first","18":"instock","19":"taxable","20":"shipping-taxable","21":"purchasable","22":"product-type-variable"},"acf":[],"aioseo_notices":[],"uagb_featured_image_src":{"full":["https:\/\/www.nenuphar.com\/wp-content\/uploads\/2026\/01\/4165.jpg",1618,960,false],"thumbnail":["https:\/\/www.nenuphar.com\/wp-content\/uploads\/2026\/01\/4165-150x150.jpg",150,150,true],"medium":["https:\/\/www.nenuphar.com\/wp-content\/uploads\/2026\/01\/4165-300x178.jpg",300,178,true],"medium_large":["https:\/\/www.nenuphar.com\/wp-content\/uploads\/2026\/01\/4165-768x456.jpg",768,456,true],"large":["https:\/\/www.nenuphar.com\/wp-content\/uploads\/2026\/01\/4165-1024x608.jpg",1024,608,true],"1536x1536":["https:\/\/www.nenuphar.com\/wp-content\/uploads\/2026\/01\/4165-1536x911.jpg",1536,911,true],"2048x2048":["https:\/\/www.nenuphar.com\/wp-content\/uploads\/2026\/01\/4165.jpg",1618,960,false],"trp-custom-language-flag":["https:\/\/www.nenuphar.com\/wp-content\/uploads\/2026\/01\/4165.jpg",18,12,false],"woocommerce_thumbnail":["https:\/\/www.nenuphar.com\/wp-content\/uploads\/2026\/01\/4165-300x300.jpg",300,300,true],"woocommerce_single":["https:\/\/www.nenuphar.com\/wp-content\/uploads\/2026\/01\/4165-600x356.jpg",600,356,true],"woocommerce_gallery_thumbnail":["https:\/\/www.nenuphar.com\/wp-content\/uploads\/2026\/01\/4165-100x100.jpg",100,100,true]},"uagb_author_info":{"display_name":"Karine","author_link":"https:\/\/www.nenuphar.com\/en\/author\/"},"uagb_comment_info":0,"uagb_excerpt":"Fabriqu\u00e9 en France. Choisissez la taille adapt\u00e9e \u00e0 votre catamaran. N&rsquo;h\u00e9sitez pas \u00e0 nous contacter pour recevoir des conseils. Dans la partie \u00ab\u00a0t\u00e9l\u00e9chargements\u00a0\u00bb vous avez un tableau reprenant les diff\u00e9rentes dimensions de chaque chariot, afin de trouver celui qui vous correspond le mieux.","_links":{"self":[{"href":"https:\/\/www.nenuphar.com\/en\/wp-json\/wp\/v2\/product\/3261","targetHints":{"allow":["GET"]}}],"collection":[{"href":"https:\/\/www.nenuphar.com\/en\/wp-json\/wp\/v2\/product"}],"about":[{"href":"https:\/\/www.nenuphar.com\/en\/wp-json\/wp\/v2\/types\/product"}],"wp:featuredmedia":[{"embeddable":true,"href":"https:\/\/www.nenuphar.com\/en\/wp-json\/wp\/v2\/media\/3292"}],"wp:attachment":[{"href":"https:\/\/www.nenuphar.com\/en\/wp-json\/wp\/v2\/media?parent=3261"}],"wp:term":[{"taxonomy":"product_brand","embeddable":true,"href":"https:\/\/www.nenuphar.com\/en\/wp-json\/wp\/v2\/product_brand?post=3261"},{"taxonomy":"product_cat","embeddable":true,"href":"https:\/\/www.nenuphar.com\/en\/wp-json\/wp\/v2\/product_cat?post=3261"},{"taxonomy":"product_tag","embeddable":true,"href":"https:\/\/www.nenuphar.com\/en\/wp-json\/wp\/v2\/product_tag?post=3261"}],"curies":[{"name":"wp","href":"https:\/\/api.w.org\/{rel}","templated":true}]}}