{"id":3262,"date":"2026-01-06T08:50:55","date_gmt":"2026-01-06T08:50:55","guid":{"rendered":"https:\/\/nen.kmkoncept.fr\/?post_type=product&#038;p=3262"},"modified":"2026-04-09T05:46:47","modified_gmt":"2026-04-09T05:46:47","slug":"chariot-fixe-alu-cata-4rtimon-modele-1-patins-2","status":"publish","type":"product","link":"https:\/\/www.nenuphar.com\/en\/shop\/stockage\/chariots\/chariots-catamarans\/chariot-fixe-alu-cata-4rtimon-modele-1-patins-2\/","title":{"rendered":"Fixed Aluminum Catamaran Trolley 4 Wheels + Tiller \u2013 Model 1 with Pads"},"content":{"rendered":"<p>Aluminum launching trolley identical to model 3191T, but with pads.<\/p>\n<p>Model with 4 wheels<\/p><\/p>","protected":false},"excerpt":{"rendered":"<p>Chariot de mise \u00e0 l&rsquo;eau alu identique au mod\u00e8le 3191T, mais avec des patins. Mod\u00e8le avec 4 roues de 400.<\/p>","protected":false},"featured_media":0,"template":"","meta":{"_acf_changed":false,"_uag_custom_page_level_css":""},"product_brand":[430],"product_cat":[140],"product_tag":[],"class_list":{"0":"post-3262","1":"product","2":"type-product","3":"status-publish","5":"product_brand-nenuphar","6":"product_cat-chariots-catamarans","7":"product_shipping_class-schenker","9":"first","10":"onbackorder","11":"taxable","12":"shipping-taxable","13":"purchasable","14":"product-type-simple"},"acf":[],"aioseo_notices":[],"uagb_featured_image_src":{"full":false,"thumbnail":false,"medium":false,"medium_large":false,"large":false,"1536x1536":false,"2048x2048":false,"trp-custom-language-flag":false,"woocommerce_thumbnail":false,"woocommerce_single":false,"woocommerce_gallery_thumbnail":false},"uagb_author_info":{"display_name":"Karine","author_link":"https:\/\/www.nenuphar.com\/en\/author\/"},"uagb_comment_info":0,"uagb_excerpt":"Chariot de mise \u00e0 l&rsquo;eau alu identique au mod\u00e8le 3191T, mais avec des patins. Mod\u00e8le avec 4 roues de 400.","_links":{"self":[{"href":"https:\/\/www.nenuphar.com\/en\/wp-json\/wp\/v2\/product\/3262","targetHints":{"allow":["GET"]}}],"collection":[{"href":"https:\/\/www.nenuphar.com\/en\/wp-json\/wp\/v2\/product"}],"about":[{"href":"https:\/\/www.nenuphar.com\/en\/wp-json\/wp\/v2\/types\/product"}],"wp:attachment":[{"href":"https:\/\/www.nenuphar.com\/en\/wp-json\/wp\/v2\/media?parent=3262"}],"wp:term":[{"taxonomy":"product_brand","embeddable":true,"href":"https:\/\/www.nenuphar.com\/en\/wp-json\/wp\/v2\/product_brand?post=3262"},{"taxonomy":"product_cat","embeddable":true,"href":"https:\/\/www.nenuphar.com\/en\/wp-json\/wp\/v2\/product_cat?post=3262"},{"taxonomy":"product_tag","embeddable":true,"href":"https:\/\/www.nenuphar.com\/en\/wp-json\/wp\/v2\/product_tag?post=3262"}],"curies":[{"name":"wp","href":"https:\/\/api.w.org\/{rel}","templated":true}]}}