{"id":3263,"date":"2026-01-06T08:50:55","date_gmt":"2026-01-06T08:50:55","guid":{"rendered":"https:\/\/nen.kmkoncept.fr\/?post_type=product&#038;p=3263"},"modified":"2026-04-28T07:28:41","modified_gmt":"2026-04-28T07:28:41","slug":"chariot-alu-2-roues-pour-petits-cata-moda%c2%a8le-2","status":"publish","type":"product","link":"https:\/\/www.nenuphar.com\/en\/shop\/stockage\/chariots\/chariots-catamarans\/chariot-alu-2-roues-pour-petits-cata-moda%c2%a8le-2\/","title":{"rendered":"Aluminum 2-Wheel Trolley \u2013 For Small Catamarans Model 4"},"content":{"rendered":"<p>Made in France. Launch trolley for small lightweight catamarans such as Catsy, KL 10.5, New Cat 12, Topaz 12, etc.<\/p>\n<p>For a width between keels of approximately 1.40 m<\/p>\n<p>With 2 wheels, 400 mm diameter <span style=\"text-decoration:underline;\">ext\u00e9rieures<\/span><\/p>","protected":false},"excerpt":{"rendered":"<p>Fabriqu\u00e9 en France. Chariot de mise \u00e0 l&rsquo;eau pour petit catamaran l\u00e9ger type Catsy, KL 10.5, New Cat 12, Topaz 12 etc &#8230; Pour largeur entre quilles environ 1m40 . Avec 2 roues diam\u00e8tre 400 mm ext\u00e9rieures<\/p>","protected":false},"featured_media":3296,"template":"","meta":{"_acf_changed":false,"_uag_custom_page_level_css":""},"product_brand":[430],"product_cat":[140],"product_tag":[],"class_list":{"0":"post-3263","1":"product","2":"type-product","3":"status-publish","4":"has-post-thumbnail","6":"product_brand-nenuphar","7":"product_cat-chariots-catamarans","8":"product_shipping_class-schenker","10":"first","11":"instock","12":"taxable","13":"shipping-taxable","14":"purchasable","15":"product-type-simple"},"acf":[],"aioseo_notices":[],"uagb_featured_image_src":{"full":["https:\/\/www.nenuphar.com\/wp-content\/uploads\/2026\/01\/5268.jpg",2048,1536,false],"thumbnail":["https:\/\/www.nenuphar.com\/wp-content\/uploads\/2026\/01\/5268-150x150.jpg",150,150,true],"medium":["https:\/\/www.nenuphar.com\/wp-content\/uploads\/2026\/01\/5268-300x225.jpg",300,225,true],"medium_large":["https:\/\/www.nenuphar.com\/wp-content\/uploads\/2026\/01\/5268-768x576.jpg",768,576,true],"large":["https:\/\/www.nenuphar.com\/wp-content\/uploads\/2026\/01\/5268-1024x768.jpg",1024,768,true],"1536x1536":["https:\/\/www.nenuphar.com\/wp-content\/uploads\/2026\/01\/5268-1536x1152.jpg",1536,1152,true],"2048x2048":["https:\/\/www.nenuphar.com\/wp-content\/uploads\/2026\/01\/5268.jpg",2048,1536,false],"trp-custom-language-flag":["https:\/\/www.nenuphar.com\/wp-content\/uploads\/2026\/01\/5268.jpg",16,12,false],"woocommerce_thumbnail":["https:\/\/www.nenuphar.com\/wp-content\/uploads\/2026\/01\/5268-300x300.jpg",300,300,true],"woocommerce_single":["https:\/\/www.nenuphar.com\/wp-content\/uploads\/2026\/01\/5268-600x450.jpg",600,450,true],"woocommerce_gallery_thumbnail":["https:\/\/www.nenuphar.com\/wp-content\/uploads\/2026\/01\/5268-100x100.jpg",100,100,true]},"uagb_author_info":{"display_name":"Karine","author_link":"https:\/\/www.nenuphar.com\/en\/author\/"},"uagb_comment_info":0,"uagb_excerpt":"Fabriqu\u00e9 en France. Chariot de mise \u00e0 l&rsquo;eau pour petit catamaran l\u00e9ger type Catsy, KL 10.5, New Cat 12, Topaz 12 etc &#8230; Pour largeur entre quilles environ 1m40 . Avec 2 roues diam\u00e8tre 400 mm ext\u00e9rieures","_links":{"self":[{"href":"https:\/\/www.nenuphar.com\/en\/wp-json\/wp\/v2\/product\/3263","targetHints":{"allow":["GET"]}}],"collection":[{"href":"https:\/\/www.nenuphar.com\/en\/wp-json\/wp\/v2\/product"}],"about":[{"href":"https:\/\/www.nenuphar.com\/en\/wp-json\/wp\/v2\/types\/product"}],"wp:featuredmedia":[{"embeddable":true,"href":"https:\/\/www.nenuphar.com\/en\/wp-json\/wp\/v2\/media\/3296"}],"wp:attachment":[{"href":"https:\/\/www.nenuphar.com\/en\/wp-json\/wp\/v2\/media?parent=3263"}],"wp:term":[{"taxonomy":"product_brand","embeddable":true,"href":"https:\/\/www.nenuphar.com\/en\/wp-json\/wp\/v2\/product_brand?post=3263"},{"taxonomy":"product_cat","embeddable":true,"href":"https:\/\/www.nenuphar.com\/en\/wp-json\/wp\/v2\/product_cat?post=3263"},{"taxonomy":"product_tag","embeddable":true,"href":"https:\/\/www.nenuphar.com\/en\/wp-json\/wp\/v2\/product_tag?post=3263"}],"curies":[{"name":"wp","href":"https:\/\/api.w.org\/{rel}","templated":true}]}}