{"id":3264,"date":"2026-01-06T08:50:55","date_gmt":"2026-01-06T08:50:55","guid":{"rendered":"https:\/\/nen.kmkoncept.fr\/?post_type=product&#038;p=3264"},"modified":"2026-04-28T07:28:42","modified_gmt":"2026-04-28T07:28:42","slug":"timon-galva-pour-chariot-cata-et-deriveur","status":"publish","type":"product","link":"https:\/\/www.nenuphar.com\/en\/shop\/stockage\/chariots\/chariots-catamarans\/timon-galva-pour-chariot-cata-et-deriveur\/","title":{"rendered":"Galvanized Drawbar for Catamaran and Dinghy Trolley"},"content":{"rendered":"<p>Galvanized steel drawbar for trolleys ref. 3201, 3201_5, 3290T, 3291T, 3292T, 3293T.<\/p>\n<p>Made of 35 \u00d7 35 mm galvanized steel.<\/p>\n<p>2 PVC-coated bamboo handles.<\/p><\/p>","protected":false},"excerpt":{"rendered":"<p>Timon en acier galvanis\u00e9 pour les chariots r\u00e9f 3201, 3201_5, 3290T, 3291T, 3292T, 3293T . En acier galvanis\u00e9 de 35 mm x 35 mm 2 poign\u00e9es bambou PVC.<\/p>","protected":false},"featured_media":3298,"template":"","meta":{"_acf_changed":false,"_uag_custom_page_level_css":""},"product_brand":[430],"product_cat":[140],"product_tag":[],"class_list":{"0":"post-3264","1":"product","2":"type-product","3":"status-publish","4":"has-post-thumbnail","6":"product_brand-nenuphar","7":"product_cat-chariots-catamarans","8":"product_shipping_class-schenker","10":"first","11":"instock","12":"taxable","13":"shipping-taxable","14":"purchasable","15":"product-type-simple"},"acf":[],"aioseo_notices":[],"uagb_featured_image_src":{"full":["https:\/\/www.nenuphar.com\/wp-content\/uploads\/2026\/01\/5997.png",983,649,false],"thumbnail":["https:\/\/www.nenuphar.com\/wp-content\/uploads\/2026\/01\/5997-150x150.png",150,150,true],"medium":["https:\/\/www.nenuphar.com\/wp-content\/uploads\/2026\/01\/5997-300x198.png",300,198,true],"medium_large":["https:\/\/www.nenuphar.com\/wp-content\/uploads\/2026\/01\/5997-768x507.png",768,507,true],"large":["https:\/\/www.nenuphar.com\/wp-content\/uploads\/2026\/01\/5997.png",983,649,false],"1536x1536":["https:\/\/www.nenuphar.com\/wp-content\/uploads\/2026\/01\/5997.png",983,649,false],"2048x2048":["https:\/\/www.nenuphar.com\/wp-content\/uploads\/2026\/01\/5997.png",983,649,false],"trp-custom-language-flag":["https:\/\/www.nenuphar.com\/wp-content\/uploads\/2026\/01\/5997.png",18,12,false],"woocommerce_thumbnail":["https:\/\/www.nenuphar.com\/wp-content\/uploads\/2026\/01\/5997-300x300.png",300,300,true],"woocommerce_single":["https:\/\/www.nenuphar.com\/wp-content\/uploads\/2026\/01\/5997-600x396.png",600,396,true],"woocommerce_gallery_thumbnail":["https:\/\/www.nenuphar.com\/wp-content\/uploads\/2026\/01\/5997-100x100.png",100,100,true]},"uagb_author_info":{"display_name":"Karine","author_link":"https:\/\/www.nenuphar.com\/en\/author\/"},"uagb_comment_info":0,"uagb_excerpt":"Timon en acier galvanis\u00e9 pour les chariots r\u00e9f 3201, 3201_5, 3290T, 3291T, 3292T, 3293T . En acier galvanis\u00e9 de 35 mm x 35 mm 2 poign\u00e9es bambou PVC.","_links":{"self":[{"href":"https:\/\/www.nenuphar.com\/en\/wp-json\/wp\/v2\/product\/3264","targetHints":{"allow":["GET"]}}],"collection":[{"href":"https:\/\/www.nenuphar.com\/en\/wp-json\/wp\/v2\/product"}],"about":[{"href":"https:\/\/www.nenuphar.com\/en\/wp-json\/wp\/v2\/types\/product"}],"wp:featuredmedia":[{"embeddable":true,"href":"https:\/\/www.nenuphar.com\/en\/wp-json\/wp\/v2\/media\/3298"}],"wp:attachment":[{"href":"https:\/\/www.nenuphar.com\/en\/wp-json\/wp\/v2\/media?parent=3264"}],"wp:term":[{"taxonomy":"product_brand","embeddable":true,"href":"https:\/\/www.nenuphar.com\/en\/wp-json\/wp\/v2\/product_brand?post=3264"},{"taxonomy":"product_cat","embeddable":true,"href":"https:\/\/www.nenuphar.com\/en\/wp-json\/wp\/v2\/product_cat?post=3264"},{"taxonomy":"product_tag","embeddable":true,"href":"https:\/\/www.nenuphar.com\/en\/wp-json\/wp\/v2\/product_tag?post=3264"}],"curies":[{"name":"wp","href":"https:\/\/api.w.org\/{rel}","templated":true}]}}