{"id":3265,"date":"2026-01-06T08:50:56","date_gmt":"2026-01-06T08:50:56","guid":{"rendered":"https:\/\/nen.kmkoncept.fr\/?post_type=product&#038;p=3265"},"modified":"2026-04-28T07:30:49","modified_gmt":"2026-04-28T07:30:49","slug":"chariot-galva-fixe-mise-a-leau-cata-4-rt-modele-1","status":"publish","type":"product","link":"https:\/\/www.nenuphar.com\/en\/shop\/stockage\/chariots\/chariots-catamarans\/chariot-galva-fixe-mise-a-leau-cata-4-rt-modele-1\/","title":{"rendered":"Fixed Galvanized Launching Trolley \u2013 Cata 4 R+T Model 1"},"content":{"rendered":"<p>Manufactured in France. Choose the size suitable for your catamaran.<\/p>\n<p>Taille 1 = 3291T<\/p>\n<p>Taille 2 = 3293T<\/p>\n<p>Taille 3 = 3290T<\/p>\n<p>Taille 4 = 3292T<\/p>","protected":false},"excerpt":{"rendered":"<p>Fabriqu\u00e9 en France. Choisissez la taille adapt\u00e9e \u00e0 votre catamaran. Taille 1 = 3291T Taille 2 = 3293T Taille 3 = 3290T Taille 4 = 3292T<\/p>","protected":false},"featured_media":3301,"template":"","meta":{"_acf_changed":false,"_uag_custom_page_level_css":""},"product_brand":[430],"product_cat":[140],"product_tag":[],"class_list":{"0":"post-3265","1":"product","2":"type-product","3":"status-publish","4":"has-post-thumbnail","6":"product_brand-nenuphar","7":"product_cat-chariots-catamarans","9":"first","10":"onbackorder","11":"taxable","12":"shipping-taxable","13":"purchasable","14":"product-type-variable"},"acf":[],"aioseo_notices":[],"uagb_featured_image_src":{"full":["https:\/\/www.nenuphar.com\/wp-content\/uploads\/2026\/01\/51.jpg",400,176,false],"thumbnail":["https:\/\/www.nenuphar.com\/wp-content\/uploads\/2026\/01\/51-150x150.jpg",150,150,true],"medium":["https:\/\/www.nenuphar.com\/wp-content\/uploads\/2026\/01\/51-300x132.jpg",300,132,true],"medium_large":["https:\/\/www.nenuphar.com\/wp-content\/uploads\/2026\/01\/51.jpg",400,176,false],"large":["https:\/\/www.nenuphar.com\/wp-content\/uploads\/2026\/01\/51.jpg",400,176,false],"1536x1536":["https:\/\/www.nenuphar.com\/wp-content\/uploads\/2026\/01\/51.jpg",400,176,false],"2048x2048":["https:\/\/www.nenuphar.com\/wp-content\/uploads\/2026\/01\/51.jpg",400,176,false],"trp-custom-language-flag":["https:\/\/www.nenuphar.com\/wp-content\/uploads\/2026\/01\/51.jpg",18,8,false],"woocommerce_thumbnail":["https:\/\/www.nenuphar.com\/wp-content\/uploads\/2026\/01\/51-300x176.jpg",300,176,true],"woocommerce_single":["https:\/\/www.nenuphar.com\/wp-content\/uploads\/2026\/01\/51.jpg",400,176,false],"woocommerce_gallery_thumbnail":["https:\/\/www.nenuphar.com\/wp-content\/uploads\/2026\/01\/51-100x100.jpg",100,100,true]},"uagb_author_info":{"display_name":"Karine","author_link":"https:\/\/www.nenuphar.com\/en\/author\/"},"uagb_comment_info":0,"uagb_excerpt":"Fabriqu\u00e9 en France. Choisissez la taille adapt\u00e9e \u00e0 votre catamaran. Taille 1 = 3291T Taille 2 = 3293T Taille 3 = 3290T Taille 4 = 3292T","_links":{"self":[{"href":"https:\/\/www.nenuphar.com\/en\/wp-json\/wp\/v2\/product\/3265","targetHints":{"allow":["GET"]}}],"collection":[{"href":"https:\/\/www.nenuphar.com\/en\/wp-json\/wp\/v2\/product"}],"about":[{"href":"https:\/\/www.nenuphar.com\/en\/wp-json\/wp\/v2\/types\/product"}],"wp:featuredmedia":[{"embeddable":true,"href":"https:\/\/www.nenuphar.com\/en\/wp-json\/wp\/v2\/media\/3301"}],"wp:attachment":[{"href":"https:\/\/www.nenuphar.com\/en\/wp-json\/wp\/v2\/media?parent=3265"}],"wp:term":[{"taxonomy":"product_brand","embeddable":true,"href":"https:\/\/www.nenuphar.com\/en\/wp-json\/wp\/v2\/product_brand?post=3265"},{"taxonomy":"product_cat","embeddable":true,"href":"https:\/\/www.nenuphar.com\/en\/wp-json\/wp\/v2\/product_cat?post=3265"},{"taxonomy":"product_tag","embeddable":true,"href":"https:\/\/www.nenuphar.com\/en\/wp-json\/wp\/v2\/product_tag?post=3265"}],"curies":[{"name":"wp","href":"https:\/\/api.w.org\/{rel}","templated":true}]}}