{"id":3306,"date":"2026-01-06T08:54:15","date_gmt":"2026-01-06T08:54:15","guid":{"rendered":"https:\/\/nen.kmkoncept.fr\/?post_type=product&#038;p=3306"},"modified":"2026-04-28T07:28:36","modified_gmt":"2026-04-28T07:28:36","slug":"chariot-alu-porte-7-canoes-presentoir-sur-roulettes","status":"publish","type":"product","link":"https:\/\/www.nenuphar.com\/en\/shop\/stockage\/chariots\/presentoirs\/chariot-alu-porte-7-canoes-presentoir-sur-roulettes\/","title":{"rendered":"Aluminum Trolley for 7 Canoes \u2013 Display on Rollers"},"content":{"rendered":"<p>This display, ideal for 7 canoes, allows you to move your equipment a few meters effortlessly.<\/p>","protected":false},"excerpt":{"rendered":"<p>Whether for your store, to display your range outdoors during the day and then secure everything safely at closing, or for you\u2014renters, hoteliers, clubs\u2014who want to make your equipment available to your customers, this removable aluminum display trolley is the equipment you need.<\/p>\n<p>This trolley is equipped with 4 swivel casters, 2 of which are braked.<\/p>\n<p>It is also available in a 4-canoe version.<\/p>\n<p>It is made in France, in our workshops.<\/p>\n<p>As a manufacturer, we can produce any custom model you may need.<\/p>","protected":false},"featured_media":3312,"template":"","meta":{"_acf_changed":false,"_uag_custom_page_level_css":""},"product_brand":[430],"product_cat":[142],"product_tag":[],"class_list":{"0":"post-3306","1":"product","2":"type-product","3":"status-publish","4":"has-post-thumbnail","6":"product_brand-nenuphar","7":"product_cat-presentoirs","8":"product_shipping_class-schenker","10":"first","11":"onbackorder","12":"taxable","13":"shipping-taxable","14":"purchasable","15":"product-type-simple"},"acf":[],"aioseo_notices":[],"uagb_featured_image_src":{"full":["https:\/\/www.nenuphar.com\/wp-content\/uploads\/2026\/01\/219.jpg",400,300,false],"thumbnail":["https:\/\/www.nenuphar.com\/wp-content\/uploads\/2026\/01\/219-150x150.jpg",150,150,true],"medium":["https:\/\/www.nenuphar.com\/wp-content\/uploads\/2026\/01\/219-300x225.jpg",300,225,true],"medium_large":["https:\/\/www.nenuphar.com\/wp-content\/uploads\/2026\/01\/219.jpg",400,300,false],"large":["https:\/\/www.nenuphar.com\/wp-content\/uploads\/2026\/01\/219.jpg",400,300,false],"1536x1536":["https:\/\/www.nenuphar.com\/wp-content\/uploads\/2026\/01\/219.jpg",400,300,false],"2048x2048":["https:\/\/www.nenuphar.com\/wp-content\/uploads\/2026\/01\/219.jpg",400,300,false],"trp-custom-language-flag":["https:\/\/www.nenuphar.com\/wp-content\/uploads\/2026\/01\/219.jpg",16,12,false],"woocommerce_thumbnail":["https:\/\/www.nenuphar.com\/wp-content\/uploads\/2026\/01\/219-300x300.jpg",300,300,true],"woocommerce_single":["https:\/\/www.nenuphar.com\/wp-content\/uploads\/2026\/01\/219.jpg",400,300,false],"woocommerce_gallery_thumbnail":["https:\/\/www.nenuphar.com\/wp-content\/uploads\/2026\/01\/219-100x100.jpg",100,100,true]},"uagb_author_info":{"display_name":"Karine","author_link":"https:\/\/www.nenuphar.com\/en\/author\/"},"uagb_comment_info":0,"uagb_excerpt":"Que ce soit pour votre magasin, afin de pr\u00e9senter votre gamme en ext\u00e9rieur la journ\u00e9e, puis de rentrer le tout en s\u00e9curit\u00e9 pendant votre fermeture, ou que ce soit pour vous, loueurs, hoteliers, clubs, qui souhaitez mettre votre mat\u00e9riel \u00e0 disposition de votre client\u00e8le, ce chariot-pr\u00e9sentoir en aluminium, d\u00e9montable, est le mat\u00e9riel qu'il vous faut.&hellip;","_links":{"self":[{"href":"https:\/\/www.nenuphar.com\/en\/wp-json\/wp\/v2\/product\/3306","targetHints":{"allow":["GET"]}}],"collection":[{"href":"https:\/\/www.nenuphar.com\/en\/wp-json\/wp\/v2\/product"}],"about":[{"href":"https:\/\/www.nenuphar.com\/en\/wp-json\/wp\/v2\/types\/product"}],"wp:featuredmedia":[{"embeddable":true,"href":"https:\/\/www.nenuphar.com\/en\/wp-json\/wp\/v2\/media\/3312"}],"wp:attachment":[{"href":"https:\/\/www.nenuphar.com\/en\/wp-json\/wp\/v2\/media?parent=3306"}],"wp:term":[{"taxonomy":"product_brand","embeddable":true,"href":"https:\/\/www.nenuphar.com\/en\/wp-json\/wp\/v2\/product_brand?post=3306"},{"taxonomy":"product_cat","embeddable":true,"href":"https:\/\/www.nenuphar.com\/en\/wp-json\/wp\/v2\/product_cat?post=3306"},{"taxonomy":"product_tag","embeddable":true,"href":"https:\/\/www.nenuphar.com\/en\/wp-json\/wp\/v2\/product_tag?post=3306"}],"curies":[{"name":"wp","href":"https:\/\/api.w.org\/{rel}","templated":true}]}}