{"id":3344,"date":"2026-01-06T08:59:26","date_gmt":"2026-01-06T08:59:26","guid":{"rendered":"https:\/\/nen.kmkoncept.fr\/?post_type=product&#038;p=3344"},"modified":"2026-04-28T07:29:48","modified_gmt":"2026-04-28T07:29:48","slug":"support-de-prise-avant-remorque","status":"publish","type":"product","link":"https:\/\/www.nenuphar.com\/en\/shop\/stockage\/chariots\/accessoires-remorques\/support-de-prise-avant-remorque\/","title":{"rendered":"Front Socket Holder \u2013 Trailer"},"content":{"rendered":"<p>Avoid leaving your trailer\u2019s electrical plug on the ground when it\u2019s not hitched!<\/p>\n<\/p>\n<p>With this easily mounted holder, you can prevent many faulty connections.<\/p>","protected":false},"excerpt":{"rendered":"<p>Evitez de laisser trainer par terre la prise \u00e9lectrique de votre remorque quand elle n&rsquo;est pas attel\u00e9e ! Avec ce support , que l&rsquo;on fixe tr\u00e8s simplement, vous \u00e9viterez nombre de faux contacts.<\/p>","protected":false},"featured_media":3401,"template":"","meta":{"_acf_changed":false,"_uag_custom_page_level_css":""},"product_brand":[],"product_cat":[143],"product_tag":[],"class_list":{"0":"post-3344","1":"product","2":"type-product","3":"status-publish","4":"has-post-thumbnail","6":"product_cat-accessoires-remorques","8":"first","9":"instock","10":"taxable","11":"shipping-taxable","12":"purchasable","13":"product-type-simple"},"acf":[],"aioseo_notices":[],"uagb_featured_image_src":{"full":["https:\/\/www.nenuphar.com\/wp-content\/uploads\/2026\/01\/4921-scaled.jpg",1900,2560,false],"thumbnail":["https:\/\/www.nenuphar.com\/wp-content\/uploads\/2026\/01\/4921-150x150.jpg",150,150,true],"medium":["https:\/\/www.nenuphar.com\/wp-content\/uploads\/2026\/01\/4921-223x300.jpg",223,300,true],"medium_large":["https:\/\/www.nenuphar.com\/wp-content\/uploads\/2026\/01\/4921-768x1035.jpg",768,1035,true],"large":["https:\/\/www.nenuphar.com\/wp-content\/uploads\/2026\/01\/4921-760x1024.jpg",760,1024,true],"1536x1536":["https:\/\/www.nenuphar.com\/wp-content\/uploads\/2026\/01\/4921-1140x1536.jpg",1140,1536,true],"2048x2048":["https:\/\/www.nenuphar.com\/wp-content\/uploads\/2026\/01\/4921-1520x2048.jpg",1520,2048,true],"trp-custom-language-flag":["https:\/\/www.nenuphar.com\/wp-content\/uploads\/2026\/01\/4921-scaled.jpg",9,12,false],"woocommerce_thumbnail":["https:\/\/www.nenuphar.com\/wp-content\/uploads\/2026\/01\/4921-300x300.jpg",300,300,true],"woocommerce_single":["https:\/\/www.nenuphar.com\/wp-content\/uploads\/2026\/01\/4921-600x808.jpg",600,808,true],"woocommerce_gallery_thumbnail":["https:\/\/www.nenuphar.com\/wp-content\/uploads\/2026\/01\/4921-100x100.jpg",100,100,true]},"uagb_author_info":{"display_name":"Karine","author_link":"https:\/\/www.nenuphar.com\/en\/author\/"},"uagb_comment_info":0,"uagb_excerpt":"Evitez de laisser trainer par terre la prise \u00e9lectrique de votre remorque quand elle n&rsquo;est pas attel\u00e9e ! Avec ce support , que l&rsquo;on fixe tr\u00e8s simplement, vous \u00e9viterez nombre de faux contacts.","_links":{"self":[{"href":"https:\/\/www.nenuphar.com\/en\/wp-json\/wp\/v2\/product\/3344","targetHints":{"allow":["GET"]}}],"collection":[{"href":"https:\/\/www.nenuphar.com\/en\/wp-json\/wp\/v2\/product"}],"about":[{"href":"https:\/\/www.nenuphar.com\/en\/wp-json\/wp\/v2\/types\/product"}],"wp:featuredmedia":[{"embeddable":true,"href":"https:\/\/www.nenuphar.com\/en\/wp-json\/wp\/v2\/media\/3401"}],"wp:attachment":[{"href":"https:\/\/www.nenuphar.com\/en\/wp-json\/wp\/v2\/media?parent=3344"}],"wp:term":[{"taxonomy":"product_brand","embeddable":true,"href":"https:\/\/www.nenuphar.com\/en\/wp-json\/wp\/v2\/product_brand?post=3344"},{"taxonomy":"product_cat","embeddable":true,"href":"https:\/\/www.nenuphar.com\/en\/wp-json\/wp\/v2\/product_cat?post=3344"},{"taxonomy":"product_tag","embeddable":true,"href":"https:\/\/www.nenuphar.com\/en\/wp-json\/wp\/v2\/product_tag?post=3344"}],"curies":[{"name":"wp","href":"https:\/\/api.w.org\/{rel}","templated":true}]}}