{"id":3355,"date":"2026-01-06T08:59:55","date_gmt":"2026-01-06T08:59:55","guid":{"rendered":"https:\/\/nen.kmkoncept.fr\/?post_type=product&#038;p=3355"},"modified":"2026-04-28T07:29:48","modified_gmt":"2026-04-28T07:29:48","slug":"support-collier-roue-jockey-42mm-avec-contre-plaque","status":"publish","type":"product","link":"https:\/\/www.nenuphar.com\/en\/shop\/stockage\/chariots\/accessoires-remorques\/support-collier-roue-jockey-42mm-avec-contre-plaque\/","title":{"rendered":"Jockey Wheel Clamp Holder \u2013 42 mm with Backing Plate"},"content":{"rendered":"<p>Jockey wheel support with 42 mm diameter arm<\/p>\n<p>Welded onto backing plate to clamp the drawbar in a sandwich configuration.<\/p>\n<p>Galvanized steel.<\/p>\n<p>Stainless steel hardware included (screws\/nuts\/washers).<\/p><\/p>","protected":false},"excerpt":{"rendered":"<p>Support de roue jockey avec bras de diam\u00e8tre 42 mm soud\u00e9 sur contreplaque pour prendre le timon en sandwich. Acier galvanis\u00e9. Visserie inox fournie (vis\/\u00e9crous\/rondelles)<\/p>","protected":false},"featured_media":3414,"template":"","meta":{"_acf_changed":false,"_uag_custom_page_level_css":""},"product_brand":[430],"product_cat":[143],"product_tag":[],"class_list":{"0":"post-3355","1":"product","2":"type-product","3":"status-publish","4":"has-post-thumbnail","6":"product_brand-nenuphar","7":"product_cat-accessoires-remorques","9":"first","10":"instock","11":"taxable","12":"shipping-taxable","13":"purchasable","14":"product-type-simple"},"acf":[],"aioseo_notices":[],"uagb_featured_image_src":{"full":["https:\/\/www.nenuphar.com\/wp-content\/uploads\/2026\/01\/4615-scaled.jpg",1734,2560,false],"thumbnail":["https:\/\/www.nenuphar.com\/wp-content\/uploads\/2026\/01\/4615-150x150.jpg",150,150,true],"medium":["https:\/\/www.nenuphar.com\/wp-content\/uploads\/2026\/01\/4615-203x300.jpg",203,300,true],"medium_large":["https:\/\/www.nenuphar.com\/wp-content\/uploads\/2026\/01\/4615-768x1134.jpg",768,1134,true],"large":["https:\/\/www.nenuphar.com\/wp-content\/uploads\/2026\/01\/4615-694x1024.jpg",694,1024,true],"1536x1536":["https:\/\/www.nenuphar.com\/wp-content\/uploads\/2026\/01\/4615-1040x1536.jpg",1040,1536,true],"2048x2048":["https:\/\/www.nenuphar.com\/wp-content\/uploads\/2026\/01\/4615-1387x2048.jpg",1387,2048,true],"trp-custom-language-flag":["https:\/\/www.nenuphar.com\/wp-content\/uploads\/2026\/01\/4615-scaled.jpg",8,12,false],"woocommerce_thumbnail":["https:\/\/www.nenuphar.com\/wp-content\/uploads\/2026\/01\/4615-300x300.jpg",300,300,true],"woocommerce_single":["https:\/\/www.nenuphar.com\/wp-content\/uploads\/2026\/01\/4615-600x886.jpg",600,886,true],"woocommerce_gallery_thumbnail":["https:\/\/www.nenuphar.com\/wp-content\/uploads\/2026\/01\/4615-100x100.jpg",100,100,true]},"uagb_author_info":{"display_name":"Karine","author_link":"https:\/\/www.nenuphar.com\/en\/author\/"},"uagb_comment_info":0,"uagb_excerpt":"Support de roue jockey avec bras de diam\u00e8tre 42 mm soud\u00e9 sur contreplaque pour prendre le timon en sandwich. Acier galvanis\u00e9. Visserie inox fournie (vis\/\u00e9crous\/rondelles)","_links":{"self":[{"href":"https:\/\/www.nenuphar.com\/en\/wp-json\/wp\/v2\/product\/3355","targetHints":{"allow":["GET"]}}],"collection":[{"href":"https:\/\/www.nenuphar.com\/en\/wp-json\/wp\/v2\/product"}],"about":[{"href":"https:\/\/www.nenuphar.com\/en\/wp-json\/wp\/v2\/types\/product"}],"wp:featuredmedia":[{"embeddable":true,"href":"https:\/\/www.nenuphar.com\/en\/wp-json\/wp\/v2\/media\/3414"}],"wp:attachment":[{"href":"https:\/\/www.nenuphar.com\/en\/wp-json\/wp\/v2\/media?parent=3355"}],"wp:term":[{"taxonomy":"product_brand","embeddable":true,"href":"https:\/\/www.nenuphar.com\/en\/wp-json\/wp\/v2\/product_brand?post=3355"},{"taxonomy":"product_cat","embeddable":true,"href":"https:\/\/www.nenuphar.com\/en\/wp-json\/wp\/v2\/product_cat?post=3355"},{"taxonomy":"product_tag","embeddable":true,"href":"https:\/\/www.nenuphar.com\/en\/wp-json\/wp\/v2\/product_tag?post=3355"}],"curies":[{"name":"wp","href":"https:\/\/api.w.org\/{rel}","templated":true}]}}