{"id":3366,"date":"2026-01-06T09:01:28","date_gmt":"2026-01-06T09:01:28","guid":{"rendered":"https:\/\/nen.kmkoncept.fr\/?post_type=product&#038;p=3366"},"modified":"2026-04-28T07:30:07","modified_gmt":"2026-04-28T07:30:07","slug":"chandelle-1-rouleau-fixation-tube-40x40-mm-stock-2","status":"publish","type":"product","link":"https:\/\/www.nenuphar.com\/en\/shop\/stockage\/chariots\/accessoires-remorques\/chandelle-1-rouleau-fixation-tube-40x40-mm-stock-2\/","title":{"rendered":"Jack Stand 1 Roller + Mounting \u2013 40 \u00d7 40 mm Tube \u2013 Stock: 2"},"content":{"rendered":"<p>Trailer jack stand<\/p>\n<p>1 roller<\/p>\n<p>For 40 \u00d7 40 mm tube<\/p>\n<p>Clear height of jack stand tube: 330 mm<\/p>\n<p>Clearance sale.<\/p>\n<p>Discontinued when out of stock.<\/p>\n<p>New but dirty.<\/p><\/p>","protected":false},"excerpt":{"rendered":"<p>Chandelle pour remorque 1 rouleau Pour tube 40 x 40 mm Hauteur libre tube chandelle : 330 mm Destockage. Arr\u00eat \u00e0 \u00e9puisement du stock. Neuf mais sale<\/p>","protected":false},"featured_media":3418,"template":"","meta":{"_acf_changed":false,"_uag_custom_page_level_css":""},"product_brand":[],"product_cat":[143],"product_tag":[],"class_list":{"0":"post-3366","1":"product","2":"type-product","3":"status-publish","4":"has-post-thumbnail","6":"product_cat-accessoires-remorques","8":"first","9":"instock","10":"taxable","11":"shipping-taxable","12":"purchasable","13":"product-type-simple"},"acf":[],"aioseo_notices":[],"uagb_featured_image_src":{"full":["https:\/\/www.nenuphar.com\/wp-content\/uploads\/2026\/01\/4843.jpg",2560,1440,false],"thumbnail":["https:\/\/www.nenuphar.com\/wp-content\/uploads\/2026\/01\/4843-150x150.jpg",150,150,true],"medium":["https:\/\/www.nenuphar.com\/wp-content\/uploads\/2026\/01\/4843-300x169.jpg",300,169,true],"medium_large":["https:\/\/www.nenuphar.com\/wp-content\/uploads\/2026\/01\/4843-768x432.jpg",768,432,true],"large":["https:\/\/www.nenuphar.com\/wp-content\/uploads\/2026\/01\/4843-1024x576.jpg",1024,576,true],"1536x1536":["https:\/\/www.nenuphar.com\/wp-content\/uploads\/2026\/01\/4843-1536x864.jpg",1536,864,true],"2048x2048":["https:\/\/www.nenuphar.com\/wp-content\/uploads\/2026\/01\/4843-2048x1152.jpg",2048,1152,true],"trp-custom-language-flag":["https:\/\/www.nenuphar.com\/wp-content\/uploads\/2026\/01\/4843.jpg",18,10,false],"woocommerce_thumbnail":["https:\/\/www.nenuphar.com\/wp-content\/uploads\/2026\/01\/4843-300x300.jpg",300,300,true],"woocommerce_single":["https:\/\/www.nenuphar.com\/wp-content\/uploads\/2026\/01\/4843-600x338.jpg",600,338,true],"woocommerce_gallery_thumbnail":["https:\/\/www.nenuphar.com\/wp-content\/uploads\/2026\/01\/4843-100x100.jpg",100,100,true]},"uagb_author_info":{"display_name":"Karine","author_link":"https:\/\/www.nenuphar.com\/en\/author\/"},"uagb_comment_info":0,"uagb_excerpt":"Chandelle pour remorque 1 rouleau Pour tube 40 x 40 mm Hauteur libre tube chandelle : 330 mm Destockage. Arr\u00eat \u00e0 \u00e9puisement du stock. Neuf mais sale","_links":{"self":[{"href":"https:\/\/www.nenuphar.com\/en\/wp-json\/wp\/v2\/product\/3366","targetHints":{"allow":["GET"]}}],"collection":[{"href":"https:\/\/www.nenuphar.com\/en\/wp-json\/wp\/v2\/product"}],"about":[{"href":"https:\/\/www.nenuphar.com\/en\/wp-json\/wp\/v2\/types\/product"}],"wp:featuredmedia":[{"embeddable":true,"href":"https:\/\/www.nenuphar.com\/en\/wp-json\/wp\/v2\/media\/3418"}],"wp:attachment":[{"href":"https:\/\/www.nenuphar.com\/en\/wp-json\/wp\/v2\/media?parent=3366"}],"wp:term":[{"taxonomy":"product_brand","embeddable":true,"href":"https:\/\/www.nenuphar.com\/en\/wp-json\/wp\/v2\/product_brand?post=3366"},{"taxonomy":"product_cat","embeddable":true,"href":"https:\/\/www.nenuphar.com\/en\/wp-json\/wp\/v2\/product_cat?post=3366"},{"taxonomy":"product_tag","embeddable":true,"href":"https:\/\/www.nenuphar.com\/en\/wp-json\/wp\/v2\/product_tag?post=3366"}],"curies":[{"name":"wp","href":"https:\/\/api.w.org\/{rel}","templated":true}]}}